{"id":1046,"date":"2017-07-05T06:06:44","date_gmt":"2017-07-05T05:06:44","guid":{"rendered":"http:\/\/www.maximeherdoin.com\/?page_id=1046"},"modified":"2025-06-25T19:10:16","modified_gmt":"2025-06-25T18:10:16","slug":"partenaires","status":"publish","type":"page","link":"https:\/\/www.maximeherdoin.com\/?page_id=1046","title":{"rendered":"Partenaires"},"content":{"rendered":"<p>&#8211; <strong>Joachim G\u00e9linier<\/strong>, art-th\u00e9rapeute ; <a href=\"https:\/\/joachimgelinier.wordpress.com\/\" target=\"_blank\" rel=\"noopener noreferrer\">Espace Art Expression<\/a><\/p>\n<p>&#8211; <a href=\"https:\/\/www.facebook.com\/profile.php?id=100089200194677\" target=\"_blank\" rel=\"noopener\"><strong>Pauline Brullez<\/strong><\/a>, art-th\u00e9rapeute<\/p>\n<p>&#8211; <strong>Blandine Languille<\/strong>, art-th\u00e9rapeute, coach<\/p>\n<p>&#8211; <strong>Isabelle Groult<\/strong>, art-th\u00e9rapeute : <a href=\"https:\/\/www.facebook.com\/profile.php?id=100063928388498\" target=\"_blank\" rel=\"noopener\">l&rsquo;Atelier des Dragons<\/a><\/p>\n<p>&#8211; <strong>Florence Massonnat<\/strong>, d\u00e9veloppement personnel, EFT, art-th\u00e9rapie, coaching ; <a href=\"https:\/\/floreholistique.blogspot.fr\/\" target=\"_blank\" rel=\"noopener noreferrer\">Floreholistique<\/a><\/p>\n<p>&#8211;\u00a0<strong>Anne Procoudine-Gorsky<\/strong>, artiste plasticienne, psychopraticienne relationnelle, art-th\u00e9rapeute : <a href=\"https:\/\/www.facebook.com\/Anne-Procoudine-Gorsky-Art-transformationnel-102095145020295\" target=\"_blank\" rel=\"noopener noreferrer\">Art Transformationnel<\/a><\/p>\n<p>&#8211; <strong>Isabelle Allemandi-Goux<\/strong> : musicoth\u00e9rapie, psychophonie<\/p>\n<p>&#8211; <strong>Laurence Morandini<\/strong> : <a href=\"https:\/\/www.pensee-massage-dijon.com\/\" target=\"_blank\" rel=\"noopener noreferrer\">Pens\u00e9e Massage<\/a><\/p>\n<p>&#8211; <strong>Nad\u00e8ge Jary<\/strong>, art-th\u00e9rapeute ; <a href=\"http:\/\/www.lespinceauxchausses.fr\/\" target=\"_blank\" rel=\"noopener noreferrer\">Les Pinceaux Chauss\u00e9s<\/a><\/p>\n<p>&#8211; <strong>Sylvie Laboux<\/strong>, art-th\u00e9rapeute option danse ; <a href=\"https:\/\/www.facebook.com\/Au-fil-de-Soi-Art-th\u00e9rapie-489837881220394\/\" target=\"_blank\" rel=\"noopener noreferrer\">Au Fil de Soi<\/a><\/p>\n<p>&#8211; <strong>Juliette Herdoin<\/strong>, massage bien-\u00eatre et ressourcement : <a href=\"https:\/\/www.la-massagerie.com\/\" target=\"_blank\" rel=\"noopener\">la Massagerie<\/a><\/p>\n<p>&#8211; <strong>Jill Labranche<\/strong>, d\u00e9veloppement personnel, accompagnement \u00e0 la r\u00e9silience, massage bien-\u00eatre : <a href=\"https:\/\/www.espritdunmoment.com\/\" target=\"_blank\" rel=\"noopener noreferrer\">Esprit d&rsquo;Un Moment<\/a><\/p>\n<p>&#8211; <strong>St\u00e9phane Hanquet<\/strong>, bar \u00e0 signes culturel : <a href=\"http:\/\/www.semeia-bar.com\/animations\/maxime-herdoin\/\" target=\"_blank\" rel=\"noopener noreferrer\">Semeia Bar<\/a> ; agence de communication accessible : <a href=\"http:\/\/www.semeia-creative.com\/\" target=\"_blank\" rel=\"noopener noreferrer\">Semeia Creative<\/a><\/p>\n<p>&#8211; <strong>Enki Labranche<\/strong>, cr\u00e9ateur et monteur de contenu<\/p>\n<p>&#8211; <strong><a href=\"https:\/\/lesartstherapies.wordpress.com\/\" target=\"_blank\" rel=\"noopener noreferrer\">Collectif des Arts-th\u00e9rapies de Dijon<\/a><\/strong><\/p>\n<p>&#8211;\u00a0<strong><span class=\"color_28\">L&rsquo;\u00celot<\/span><\/strong>, cabinet de soin et de th\u00e9rapie<\/p>\n<p>&#8211; Centre <a href=\"https:\/\/www.ambition-bien-etre.fr\/\" target=\"_blank\" rel=\"noopener noreferrer\"><strong>Ambition Bien-\u00catre<\/strong><\/a><\/p>\n<p>&#8211;\u00a0<a href=\"https:\/\/www.dijon.fr\/Dijon-au-quotidien\/Social-et-handicap\/Handicap\" target=\"_blank\" rel=\"noopener\"><strong>P\u00f4le Handicap du CCAS de la Ville de Dijon<\/strong><\/a><\/p>\n<p>&#8211; association <strong>l&rsquo;Art Pour Etre<\/strong><\/p>\n<p>&#8211; association <strong>Sant\u00e9 Bien-\u00catre 21<\/strong><\/p>\n<p>&#8211; association <strong><a href=\"http:\/\/www.mood.asso.fr\/\" target=\"_blank\" rel=\"noopener noreferrer\">MOOD<\/a><\/strong> : la Main, l&rsquo;Oreille et l&rsquo;\u0152il de Dijon<\/p>\n<p>&#8211; association <a href=\"https:\/\/www.simondecyrene.org\/dijon\/\" target=\"_blank\" rel=\"noreferrer noopener\"><strong>Simon de Cyr\u00e8ne<\/strong><\/a><\/p>\n<p>&#8211; association <strong><a href=\"https:\/\/nuitduhandicap.fr\/la-nuit-du-handicap-a-dijon\/\" target=\"_blank\" rel=\"noopener\">La Nuit du Handicap<\/a><\/strong><\/p>\n<p>&#8211; <strong><a href=\"https:\/\/www.facebook.com\/Telethon21\/\" target=\"_blank\" rel=\"noopener noreferrer\">AFM-T\u00e9l\u00e9thon<\/a><\/strong><\/p>\n<p>&#8211; <a href=\"https:\/\/www.lions-france.org\/action-sante\" target=\"_blank\" rel=\"noopener\"><strong>Lions Club Dijon Marie de Bourgogne<\/strong><\/a><\/p>\n<p>&#8211; association <a href=\"https:\/\/www.helloasso.com\/associations\/association-elerie\" target=\"_blank\" rel=\"noopener\"><strong>\u00c9l\u00e9rie<\/strong><\/a>, Bien-\u00catre &amp; D\u00e9veloppement Personnel<\/p>\n<p>&#8211; <a href=\"https:\/\/www.alphaleo.fr\/\" target=\"_blank\" rel=\"noopener\"><strong>Alphal\u00e9o Chen\u00f4ve<\/strong><\/a>, tiers-lieu \u00e9ducatif &#8211; F\u00e9d\u00e9ration L\u00e9o Lagrange<\/p>\n<p>&#8211; <strong>Malik A\u00eft-Abbas<\/strong>, R\u00e9f\u00e9rent Surdit\u00e9 : <a href=\"https:\/\/www.facebook.com\/profile.php?id=61567852932460\" target=\"_blank\" rel=\"noopener\">Surdi&rsquo;T<\/a><\/p>\n<p>&#8211; <strong>L&rsquo;Asso E&amp;C, Enfance &amp; Culture, porteuse du Projet Sph\u00e8reCO&amp;co<\/strong><\/p>\n<p>&#8211; association <strong>Demain Le Soleil<\/strong><\/p>\n<p>&#8211; <strong><a href=\"https:\/\/www.lamaisonphare.fr\/\" target=\"_blank\" rel=\"noopener noreferrer\">La Maison-Phare<\/a><\/strong><\/p>\n<p>&#8211; <strong><a href=\"http:\/\/www.cerclelaique.org\/activite\/expression-creative\/\" target=\"_blank\" rel=\"noopener noreferrer\">Cercle La\u00efque Dijonnais<\/a><\/strong><\/p>\n<p>&#8211; <a href=\"https:\/\/lesdidasskaly.wordpress.com\/\" target=\"_blank\" rel=\"noopener\"><strong>Les Didas Skaly<\/strong><\/a>, troupe de th\u00e9\u00e2tre<\/p>\n<p>&#8211; <strong><a href=\"https:\/\/terium.org\/ninefolio\/\" target=\"_blank\" rel=\"noopener noreferrer\">Terium, le Cri du Crayon<\/a><\/strong>, association d&rsquo;illustrateurs<\/p>\n<p>&#8211; association <a href=\"https:\/\/rezofetart.com\/\" target=\"_blank\" rel=\"noopener\"><strong>R\u00e9zo&rsquo;F\u00eat&rsquo;Art<\/strong><\/a><\/p>\n<p>&#8211; <strong>Change d&rsquo;Allure<\/strong>, \u00c9qui Handi<\/p>\n<p>&#8211; association <strong><a href=\"https:\/\/www.net1901.org\/association\/UN-TIGRE-AU-PARC,1026272.html\" target=\"_blank\" rel=\"noopener noreferrer\">Un Tigre Au Parc<\/a><\/strong><\/p>\n<hr \/>\n<p><a href=\"http:\/\/www.maximeherdoin.com\/wp-content\/uploads\/2017\/07\/visuel-partenaires-copie.jpg\"><img loading=\"lazy\" decoding=\"async\" class=\"aligncenter size-large wp-image-1097\" src=\"http:\/\/www.maximeherdoin.com\/wp-content\/uploads\/2017\/07\/visuel-partenaires-copie-1024x925.jpg\" alt=\"\" width=\"625\" height=\"565\" srcset=\"https:\/\/www.maximeherdoin.com\/wp-content\/uploads\/2017\/07\/visuel-partenaires-copie-1024x925.jpg 1024w, https:\/\/www.maximeherdoin.com\/wp-content\/uploads\/2017\/07\/visuel-partenaires-copie-300x271.jpg 300w, https:\/\/www.maximeherdoin.com\/wp-content\/uploads\/2017\/07\/visuel-partenaires-copie-768x694.jpg 768w, https:\/\/www.maximeherdoin.com\/wp-content\/uploads\/2017\/07\/visuel-partenaires-copie-624x564.jpg 624w\" sizes=\"auto, (max-width: 625px) 100vw, 625px\" \/><\/a><\/p>\n","protected":false},"excerpt":{"rendered":"<p>&#8211; Joachim G\u00e9linier, art-th\u00e9rapeute ; Espace Art Expression &#8211; Pauline Brullez, art-th\u00e9rapeute &#8211; Blandine Languille, art-th\u00e9rapeute, coach &#8211; Isabelle Groult, art-th\u00e9rapeute : l&rsquo;Atelier des Dragons &#8211; Florence Massonnat, d\u00e9veloppement personnel, EFT, art-th\u00e9rapie, coaching ; Floreholistique &#8211;\u00a0Anne Procoudine-Gorsky, artiste plasticienne, psychopraticienne relationnelle, art-th\u00e9rapeute : Art Transformationnel &#8211; Isabelle Allemandi-Goux : musicoth\u00e9rapie, psychophonie &#8211; Laurence Morandini : [&hellip;]<\/p>\n","protected":false},"author":4,"featured_media":0,"parent":7,"menu_order":0,"comment_status":"closed","ping_status":"closed","template":"","meta":{"footnotes":""},"class_list":["post-1046","page","type-page","status-publish","hentry"],"_links":{"self":[{"href":"https:\/\/www.maximeherdoin.com\/index.php?rest_route=\/wp\/v2\/pages\/1046","targetHints":{"allow":["GET"]}}],"collection":[{"href":"https:\/\/www.maximeherdoin.com\/index.php?rest_route=\/wp\/v2\/pages"}],"about":[{"href":"https:\/\/www.maximeherdoin.com\/index.php?rest_route=\/wp\/v2\/types\/page"}],"author":[{"embeddable":true,"href":"https:\/\/www.maximeherdoin.com\/index.php?rest_route=\/wp\/v2\/users\/4"}],"replies":[{"embeddable":true,"href":"https:\/\/www.maximeherdoin.com\/index.php?rest_route=%2Fwp%2Fv2%2Fcomments&post=1046"}],"version-history":[{"count":55,"href":"https:\/\/www.maximeherdoin.com\/index.php?rest_route=\/wp\/v2\/pages\/1046\/revisions"}],"predecessor-version":[{"id":2601,"href":"https:\/\/www.maximeherdoin.com\/index.php?rest_route=\/wp\/v2\/pages\/1046\/revisions\/2601"}],"up":[{"embeddable":true,"href":"https:\/\/www.maximeherdoin.com\/index.php?rest_route=\/wp\/v2\/pages\/7"}],"wp:attachment":[{"href":"https:\/\/www.maximeherdoin.com\/index.php?rest_route=%2Fwp%2Fv2%2Fmedia&parent=1046"}],"curies":[{"name":"wp","href":"https:\/\/api.w.org\/{rel}","templated":true}]}}