{"id":1595,"date":"2019-12-07T01:07:38","date_gmt":"2019-12-07T00:07:38","guid":{"rendered":"https:\/\/www.maximeherdoin.com\/?page_id=1595"},"modified":"2025-03-24T14:18:08","modified_gmt":"2025-03-24T13:18:08","slug":"parcours-2","status":"publish","type":"page","link":"https:\/\/www.maximeherdoin.com\/?page_id=1595","title":{"rendered":"Parcours"},"content":{"rendered":"<p>Apr\u00e8s avoir fait les Beaux-Arts, des \u00e9tudes en Histoire des Arts et une formation d&rsquo;acteur, je me pr\u00e9sente comme artiste en tout genre, notamment com\u00e9dien dans une troupe de Th\u00e9\u00e2tre, illustrateur au sein d&rsquo;une association \u0153uvrant dans les Arts Graphiques de la Bande-Dessin\u00e9e et artiste plasticien. Je r\u00e9alise et participe \u00e0 une dizaine d&rsquo;expositions chaque ann\u00e9e.<\/p>\n<div class=\"ezcol ezcol-one-half\">Apr\u00e8s mes \u00e9tudes en Psychologie, j&rsquo;ai suivi  une formation professionnelle d&rsquo;art-th\u00e9rapeute dans un Centre de Psychologie Appliqu\u00e9e, de 2011 \u00e0 2014.<\/p>\n<p>Courant 2012, je passe 2 stages dans deux Centres Hospitaliers diff\u00e9rents, avec interventions en CMP, CATTP et H\u00f4pital de Jour.<br \/>\nEt en 2014, je passe un 3\u00e8me stage au CHS la Chartreuse \u00e0 Dijon ainsi qu&rsquo;\u00e0 la maison communautaire Lucie en Carrois \u00e0 Fontaine-l\u00e8s-Dijon.<br \/>\nIl s&rsquo;agit, \u00e0 chaque fois, de prises en charge individuelles ou groupales au sein d&rsquo;une \u00e9quipe, en Psychiatrie Adulte.<\/p>\n<p>&gt; Depuis 2015, je participe \u00e0 nombre d&rsquo;\u00e9v\u00e8nements publics (conf\u00e9rences, sensibilisations, animations, pr\u00e9sentation et mini pratique de l&rsquo;art-th\u00e9rapie) et je r\u00e9alise des interventions autour du Bien-Etre, et du D\u00e9veloppement Personnel, mais \u00e9galement en milieu scolaire et \u00e9ducatif. Pratiquant la Langue des Signes, je travaille aussi dans l&rsquo;Accessibilit\u00e9 \u00e0 Tout Public.<br \/>\n<\/div>\n\n\n<div class=\"ezcol ezcol-one-half ezcol-last\">&gt; A ce jour, je suis le coordinateur du Collectif des Art-Th\u00e9rapies de Dijon, qui r\u00e9unit une trentaine d&rsquo;art-th\u00e9rapeutes et stagiaires art-th\u00e9rapeutes.<\/p>\n<p>Et je suis membre actif de l&rsquo;association l&rsquo;Art pour Etre ; responsable du P\u00f4le Art-th\u00e9rapie de l&rsquo;association Sant\u00e9 Bien-Etre 21.<\/p>\n<p>En tant qu&rsquo;art-th\u00e9rapeute, mes animations s&rsquo;inscrivent dans une Cr\u00e9ative Citoyennet\u00e9, en ce sens qu&rsquo;elles sont ouvertes \u00e0 TOUT PUBLIC et accessibles \u00e0 tout handicap.<br \/>\nCar Citoyennet\u00e9 rime avec Humanit\u00e9, elle se construit ensemble, au pr\u00e9sent, dans le respect, la rencontre et la reconnaissance de chacun, et ici, gr\u00e2ce \u00e0 la cr\u00e9ativit\u00e9.<br \/>\nJe travaille dans le -faire ensemble- : composer ensemble avec chacun notre singularit\u00e9, s&rsquo;exprimer autrement, franchir les barri\u00e8res sociales et communicationnelles, se d\u00e9couvrir soi et d\u00e9couvrir l&rsquo;autre, et l&rsquo;Autre (\u00ab\u00a0Je est un Autre\u00a0\u00bb).<\/div><div class=\"ezcol-divider\"><\/div>\n<p>L\u2019humain est un \u00eatre sensible avec un besoin inali\u00e9nable de s\u2019exprimer. Mais tout ne passe pas par la parole. Je m&rsquo;appuie sur mes comp\u00e9tences en psychanalyse et ma sensibilit\u00e9 artistique pour proposer un accompagnement personnalis\u00e9 au service de l&rsquo;expression de personnes traversant tout type de difficult\u00e9s ; vocale, plastique, picturale, corporelle ou \u00e9criture, au choix et utilis\u00e9 librement, tout est bon \u00e0 prendre pour son mieux-\u00eatre. Aller plus loin, Vivre Bien.<\/p>\n\n\n\n<p><\/p>\n","protected":false},"excerpt":{"rendered":"","protected":false},"author":4,"featured_media":0,"parent":7,"menu_order":0,"comment_status":"closed","ping_status":"closed","template":"","meta":{"footnotes":""},"class_list":["post-1595","page","type-page","status-publish","hentry"],"_links":{"self":[{"href":"https:\/\/www.maximeherdoin.com\/index.php?rest_route=\/wp\/v2\/pages\/1595","targetHints":{"allow":["GET"]}}],"collection":[{"href":"https:\/\/www.maximeherdoin.com\/index.php?rest_route=\/wp\/v2\/pages"}],"about":[{"href":"https:\/\/www.maximeherdoin.com\/index.php?rest_route=\/wp\/v2\/types\/page"}],"author":[{"embeddable":true,"href":"https:\/\/www.maximeherdoin.com\/index.php?rest_route=\/wp\/v2\/users\/4"}],"replies":[{"embeddable":true,"href":"https:\/\/www.maximeherdoin.com\/index.php?rest_route=%2Fwp%2Fv2%2Fcomments&post=1595"}],"version-history":[{"count":14,"href":"https:\/\/www.maximeherdoin.com\/index.php?rest_route=\/wp\/v2\/pages\/1595\/revisions"}],"predecessor-version":[{"id":2583,"href":"https:\/\/www.maximeherdoin.com\/index.php?rest_route=\/wp\/v2\/pages\/1595\/revisions\/2583"}],"up":[{"embeddable":true,"href":"https:\/\/www.maximeherdoin.com\/index.php?rest_route=\/wp\/v2\/pages\/7"}],"wp:attachment":[{"href":"https:\/\/www.maximeherdoin.com\/index.php?rest_route=%2Fwp%2Fv2%2Fmedia&parent=1595"}],"curies":[{"name":"wp","href":"https:\/\/api.w.org\/{rel}","templated":true}]}}