{"id":16,"date":"2014-09-30T15:43:13","date_gmt":"2014-09-30T14:43:13","guid":{"rendered":"http:\/\/test.maximeherdoin.com\/?page_id=16"},"modified":"2023-12-05T23:53:04","modified_gmt":"2023-12-05T22:53:04","slug":"presentationn","status":"publish","type":"page","link":"https:\/\/www.maximeherdoin.com\/?page_id=16","title":{"rendered":"Pr\u00e9sentation"},"content":{"rendered":"<p>Je m\u2019appelle <strong>Maxime Herdoin<\/strong> et vis \u00e0 <strong>Dijon<\/strong>.<\/p>\n<p>Je suis <strong>artiste<\/strong> et <strong>art-th\u00e9rapeute<\/strong>.<br \/>\nLa culture et l\u2019art sont ma passion, la citoyennet\u00e9, le social et le soin sont ma vocation.<\/p>\n<div class=\"ezcol ezcol-one-half\">Je me lance, d\u00e8s l\u2019obtention de mon bac litt\u00e9raire, dans des \u00e9tudes de psychologie \u00e0 l\u2019Universit\u00e9 de Bourgogne.<\/p>\n<p>D\u2019autre part, je continue le dessin depuis l\u2019enfance, avec bon entrain. Tr\u00e8s jeune, je dessine. Beaucoup ! Puis vient la peinture, il faut que j\u2019essaye ! Apr\u00e8s quelques premiers r\u00e9sultats satisfaisants, j\u2019entre aux Beaux-Arts. J\u2019en ressors avec pleins de nouveaux acquis, mon talent affin\u00e9 et mon \u00e9ventail de moyens artistiques \u00e9largi (infographie, photographie, volume, modelage\u2026).<\/p>\n<p>S\u2019ouvre alors \u00e0 moi, comme une \u00e9vidence lumineuse, une <strong>formation professionnelle d\u2019art-th\u00e9rapeute<\/strong> -domaine unissant deux \u00e9l\u00e9ments d\u00e9j\u00e0 bien exp\u00e9riment\u00e9s de mon identit\u00e9 : cr\u00e9ativit\u00e9 et th\u00e9rapie- formation durant laquelle je passe des stages, dans diff\u00e9rentes structures m\u00e9dicales, pour parcourir un bout de chemin avec des patients de diverses pathologies psychiques et mentales.<\/p>\n<p>J\u2019ai une longue exp\u00e9rience du milieu hospitalier que je sais mettre \u00e0 profit. Depuis cette formation, le soin et l&rsquo;art sont devenus d\u00e9finitivement les ailes qui me portent.<\/div>\n<div class=\"ezcol ezcol-one-half ezcol-last\">Ma palette artistique s\u2019est \u00e9largie&#8230; je ne sais plus o\u00f9 elle s\u2019arr\u00eate ! L&rsquo;art est un compagnon de voyage dans mon chemin de vie. Il repr\u00e9sente une source in\u00e9puisable d&rsquo;investissement \u00e9motionnel et de recherche. Tout, dans ma pratique, est \u00e9volutif et symbolique, tant au niveau technique \/ artistique, qu\u2019au niveau de l\u2019introspection psychique ou \u00e0 l&rsquo;oppos\u00e9, d&rsquo;un total l\u00e2cher prise. L&rsquo;art me permet de cr\u00e9er, de faire na\u00eetre de mes mains, de mes pens\u00e9es et de mes \u00e9motions. Toujours des id\u00e9es et des projets plein la t\u00eate.<\/p>\n<p><center><img decoding=\"async\" src=\"http:\/\/www.maximeherdoin.com\/wp-content\/uploads\/2014\/09\/pr\u00e9sentation.jpg\" alt=\"Maxime Herdoin\" width=\"150\" \/><\/center><\/div><div class=\"ezcol-divider\"><\/div>\n<hr \/>\n<h1>Activit\u00e9s professionnelles<\/h1>\n<div class=\"ezcol ezcol-one-half\">Je donne des <strong>cours de dessin<\/strong>, en groupe en interventions (milieux scolaires, lieux publics, \u00e9v\u00e8nements&#8230;) et en individuel \u00e0 domicile, pour tout \u00e2ge.<\/p>\n<p>Je r\u00e9alise ponctuellement des <strong>illustrations<\/strong> que l\u2019on me commande, \u00e0 l\u2019aide de divers m\u00e9diums pour des professionnels en tout genre, ou pour des <strong>expositions<\/strong> avec une association d&rsquo;illustrateurs dont je fais partie.<\/p>\n<p>Je r\u00e9alise des photographies pour des spectacles et autres \u00e9v\u00e8nements.<\/div>\n<div class=\"ezcol ezcol-one-half ezcol-last\">\nSur un autre plan, je participe \u00e0 l\u2019<strong>organisation de manifestations<\/strong>\u00a0(programmation, publicit\u00e9, discours, cr\u00e9ation de sites internet, pages facebook, affiches, flyers&#8230;).<\/p>\n<p>Et j&rsquo;ai suivi une <strong>formation professionnelle d\u2019art-th\u00e9rapeute<\/strong>, avec stages, dans un Centre de Psychologie Appliqu\u00e9e. J&rsquo;anime, depuis 2015,<br \/>\ndes s\u00e9ances et suivis en art-th\u00e9rapie,<br \/>\net des ateliers de m\u00e9diation artistique tout public et accessibles LSF (Langues des Signes Fran\u00e7aise).<\/p>\n<p>J&rsquo;anime aussi des conf\u00e9rences et des ateliers en interventions (milieux scolaires, PEP21, salons, festivals&#8230;).<br \/>\n<\/div><div class=\"ezcol-divider\"><\/div>\n<hr \/>\n<h1>Autres activit\u00e9s<\/h1>\n<div class=\"ezcol ezcol-one-half\">J\u2019ai pass\u00e9 un bac litt\u00e9raire, et suivi une formation d\u2019acteur pendant 3 ans, une occasion de rencontrer nombre d\u2019acteurs de la sc\u00e8ne nationale et internationale, issus de tout horizon, de travailler avec eux&#8230;<br \/>\nEt de passer plusieurs fois sur sc\u00e8ne pour jouer dans de petites comme de grandes pi\u00e8ces, ou m\u00eame des improvisations pour des journ\u00e9es portes ouvertes&#8230;<br \/>\nAujourd&rsquo;hui, je suis pr\u00e9sident de l&rsquo;association <a href=\"https:\/\/lesdidasskaly.wordpress.com\/\" target=\"_blank\" rel=\"noopener\">Les Didas Skaly<\/a>, (anciennement Les Daix Masqu\u00e9s), une troupe de <strong>Th\u00e9\u00e2tre<\/strong> dans laquelle je suis com\u00e9dien. Nous nous r\u00e9unissons chaque semaine et jouons r\u00e9guli\u00e8rement des repr\u00e9sentations publiques.<\/div>\n<div class=\"ezcol ezcol-one-half ezcol-last\">J\u2019\u00e9cris. Articles, po\u00e8mes, et d\u00e9j\u00e0 un roman semi-autobiographique, dont je travaille sur la suite.<\/p>\n<p>J\u2019\u00e9cris \u00e9galement des chansons, la musique a une grande importance dans ma vie. Je chante beaucoup, que ce soit pour le plaisir ou pour travailler la voix, le diaphragme ou les sensations vibratoires.<br \/>\nJe travaille \u00e9galement l&rsquo;expression corporelle.<\/div><div class=\"ezcol-divider\"><\/div>\n<hr \/>\n<h1>Passions<\/h1>\n<div class=\"ezcol ezcol-one-half\">Tr\u00e8s jeune, je suis sensibilis\u00e9 \u00e0 cet univers qu\u2019est l\u2019art.<br \/>\nJ\u2019ai fait des \u00e9tudes \u00e0 l\u2019Universit\u00e9 de Bourgogne en Histoires des Arts et Arch\u00e9ologie, ainsi qu\u2019\u00e0 l\u2019Ecole des Beaux-Arts de Beaune.<\/p>\n<p>Et j\u2019ai l\u2019immense plaisir de compter parmi mes proches de v\u00e9ritables artistes en tout genre, et parfois de travailler avec eux.<br \/>\n<\/div>\n<div class=\"ezcol ezcol-one-half ezcol-last\">\nExp\u00e9rimenter, d\u00e9couvrir, explorer, exprimer, partager, raconter, \u00e9changer, imaginer&#8230; l\u2019art ouvre de nombreuses portes !<\/p>\n<p>J\u2019adore voyager ! D\u00e9couvrir ! Que ce soit en France ou ailleurs, l\u2019Espagne, Amsterdam, la r\u00e9publique Tch\u00e8que, le Maroc, la Tunisie, l\u2019\u00eele de la R\u00e9union, la Suisse&#8230;<\/div><div class=\"ezcol-divider\"><\/div>\n","protected":false},"excerpt":{"rendered":"<p>Je m\u2019appelle Maxime Herdoin et vis \u00e0 Dijon. Je suis artiste et art-th\u00e9rapeute. La culture et l\u2019art sont ma passion, la citoyennet\u00e9, le social et le soin sont ma vocation. Activit\u00e9s professionnelles Autres activit\u00e9s Passions<\/p>\n","protected":false},"author":4,"featured_media":0,"parent":0,"menu_order":0,"comment_status":"closed","ping_status":"open","template":"","meta":{"footnotes":""},"class_list":["post-16","page","type-page","status-publish","hentry"],"_links":{"self":[{"href":"https:\/\/www.maximeherdoin.com\/index.php?rest_route=\/wp\/v2\/pages\/16","targetHints":{"allow":["GET"]}}],"collection":[{"href":"https:\/\/www.maximeherdoin.com\/index.php?rest_route=\/wp\/v2\/pages"}],"about":[{"href":"https:\/\/www.maximeherdoin.com\/index.php?rest_route=\/wp\/v2\/types\/page"}],"author":[{"embeddable":true,"href":"https:\/\/www.maximeherdoin.com\/index.php?rest_route=\/wp\/v2\/users\/4"}],"replies":[{"embeddable":true,"href":"https:\/\/www.maximeherdoin.com\/index.php?rest_route=%2Fwp%2Fv2%2Fcomments&post=16"}],"version-history":[{"count":81,"href":"https:\/\/www.maximeherdoin.com\/index.php?rest_route=\/wp\/v2\/pages\/16\/revisions"}],"predecessor-version":[{"id":2393,"href":"https:\/\/www.maximeherdoin.com\/index.php?rest_route=\/wp\/v2\/pages\/16\/revisions\/2393"}],"wp:attachment":[{"href":"https:\/\/www.maximeherdoin.com\/index.php?rest_route=%2Fwp%2Fv2%2Fmedia&parent=16"}],"curies":[{"name":"wp","href":"https:\/\/api.w.org\/{rel}","templated":true}]}}