{"id":1649,"date":"2020-06-04T12:20:23","date_gmt":"2020-06-04T11:20:23","guid":{"rendered":"https:\/\/www.maximeherdoin.com\/?page_id=1649"},"modified":"2021-02-26T18:54:14","modified_gmt":"2021-02-26T17:54:14","slug":"2020-2","status":"publish","type":"page","link":"https:\/\/www.maximeherdoin.com\/?page_id=1649","title":{"rendered":"2020"},"content":{"rendered":"\n<div class=\"wp-block-group\"><div class=\"wp-block-group__inner-container is-layout-flow wp-block-group-is-layout-flow\">\n<p><strong>Janvier 2020, de 14h30 \u00e0 16h30, \u00e0 Dijon :<br><em>ATELIERS DECOUVERTE : Venez D\u00e9couvrir l&rsquo;Art-th\u00e9rapie !<\/em><br>&#8211; Lundi 6<br>&#8211; Mardi 7<br>&#8211; Lundi 13<br>&#8211; Mardi 14<br>Espace Art Expression, 12 rue Thurot<\/strong> (<a rel=\"noreferrer noopener\" href=\"https:\/\/www.google.fr\/maps\/place\/12+Rue+Thurot,+21000+Dijon\/@47.3263947,5.0254707,17z\/data=!3m1!4b1!4m5!3m4!1s0x47f29d917ddd0bbb:0x7c689b16dd7117b0!8m2!3d47.3263947!4d5.0276594?hl=fr\" target=\"_blank\">acc\u00e8s<\/a>)<br><em>Invitation \u00e0 l&rsquo;imaginaire et au symbolique ; Entretenir son bien-\u00eatre en (re)trouvant un \u00e9quilibre, une s\u00e9r\u00e9nit\u00e9, du temps et du plaisir pour soi ; Exploration de soi \u00e0 travers la cr\u00e9ativit\u00e9, dans le l\u00e2cher-prise ; Se (re)construire gr\u00e2ce \u00e0 l&rsquo;acte cr\u00e9atif ; Mise \u00e0 l&rsquo;\u00e9coute de ses envies, sentiments et sensations ; Accompagnement pour faire \u00e9merger, aller plus loin, Vivre Bien !<\/em><br><strong>&gt;<\/strong> Inscriptions obligatoires : maxime.herdoin@gmail.com \/ 06 31 36 14 21 (SMS uniquement)<\/p>\n<\/div><\/div>\n\n\n\n<div class=\"wp-block-group\"><div class=\"wp-block-group__inner-container is-layout-flow wp-block-group-is-layout-flow\">\n<div class=\"wp-block-group\"><div class=\"wp-block-group__inner-container is-layout-flow wp-block-group-is-layout-flow\">\n<p><strong>F\u00e9vrier 2020, de 14h30 \u00e0 16h30, \u00e0 Dijon :<br><em>ATELIERS DECOUVERTE : Venez D\u00e9couvrir l&rsquo;Art-th\u00e9rapie !<\/em><br>&#8211; Lundi 3<br>&#8211; Mardi 4<br>Espace Art Expression, 12 rue Thurot<\/strong> (<a rel=\"noreferrer noopener\" href=\"https:\/\/www.google.fr\/maps\/place\/12+Rue+Thurot,+21000+Dijon\/@47.3263947,5.0254707,17z\/data=!3m1!4b1!4m5!3m4!1s0x47f29d917ddd0bbb:0x7c689b16dd7117b0!8m2!3d47.3263947!4d5.0276594?hl=fr\" target=\"_blank\">acc\u00e8s<\/a>)<br><em>Invitation \u00e0 l&rsquo;imaginaire et au symbolique ; Entretenir son bien-\u00eatre en (re)trouvant un \u00e9quilibre, une s\u00e9r\u00e9nit\u00e9, du temps et du plaisir pour soi ; Exploration de soi \u00e0 travers la cr\u00e9ativit\u00e9, dans le l\u00e2cher-prise ; Se (re)construire gr\u00e2ce \u00e0 l&rsquo;acte cr\u00e9atif ; Mise \u00e0 l&rsquo;\u00e9coute de ses envies, sentiments et sensations ; Accompagnement pour faire \u00e9merger, aller plus loin, Vivre Bien !<\/em><br><strong>&gt;<\/strong> Inscriptions obligatoires : maxime.herdoin@gmail.com \/ 06 31 36 14 21 (SMS uniquement)<\/p>\n\n\n\n<p><strong>F\u00e9vrier 2020 : Ateliers Cr\u00e9ativit\u00e9 *Masque de Carnaval*<\/strong><br>2 dates au choix :<br>&#8211; \u00e0 l&rsquo;Espace Art Expression (12, rue Thurot, <a rel=\"noreferrer noopener\" href=\"https:\/\/www.google.fr\/maps\/place\/12+Rue+Thurot,+21000+Dijon\/@47.3264058,5.0254571,17z\/data=!3m1!4b1!4m5!3m4!1s0x47f29d917ddecc77:0xd18b319022136b50!8m2!3d47.3263947!4d5.0276594?hl=fr\" target=\"_blank\">acc\u00e8s<\/a>),<br>les lundi 17 et mardi 18, de 14h30 \u00e0 16h30<br><em>Des ateliers de groupe pour laisser libre cours \u00e0 votre cr\u00e9ativit\u00e9 !<\/em><br><em>Mat\u00e9riel fourni. Tout le monde est le bienvenue !<\/em><br><strong>&gt;<\/strong>&nbsp;Inscriptions obligatoires un jour \u00e0 l&rsquo;avance : maxime.herdoin@gmail.com \/ 06 31 36 14 21 (SMS uniquement) <\/p>\n\n\n\n<p><strong>Mars 2020, de 14h30 \u00e0 16h30, \u00e0 Dijon :<\/strong><br><em><strong>ATELIERS DECOUVERTE : Venez D\u00e9couvrir l&rsquo;Art-th\u00e9rapie !<\/strong><\/em><br><strong>&#8211; Lundi 9<\/strong><br><strong>&#8211; Mardi 10<\/strong><br><strong>&#8211; Lundi 16<\/strong> (annul\u00e9 confinement)<br><strong>&#8211; Mardi 17<\/strong> (annul\u00e9 confinement)<br><strong>Espace Art Expression, 12 rue Thurot<\/strong> (<a rel=\"noreferrer noopener\" href=\"https:\/\/www.google.fr\/maps\/place\/12+Rue+Thurot,+21000+Dijon\/@47.3264058,5.0254571,17z\/data=!3m1!4b1!4m5!3m4!1s0x47f29d917ddecc77:0xd18b319022136b50!8m2!3d47.3263947!4d5.0276594?hl=fr\" target=\"_blank\">acc\u00e8s<\/a>)<br><em>Invitation \u00e0 l&rsquo;imaginaire et au symbolique ; Entretenir son bien-\u00eatre en (re)trouvant un \u00e9quilibre, une s\u00e9r\u00e9nit\u00e9, du temps et du plaisir pour soi ; Exploration de soi dans la cr\u00e9ativit\u00e9 et le l\u00e2cher-prise ; Se (re)construire gr\u00e2ce \u00e0 l&rsquo;acte cr\u00e9atif ; Mise \u00e0 l&rsquo;\u00e9coute de ses envies, sentiments et sensations ; Accompagnement pour faire \u00e9merger, aller plus loin, Vivre Bien !<\/em><br><strong>&gt;<\/strong> Inscriptions obligatoires : maxime.herdoin@gmail.com \/ 06 31 36 14 21 (SMS uniquement)<\/p>\n\n\n\n<p><strong>Le samedi 21 mars 2020, de midi \u00e0 20h : Exposition <a rel=\"noreferrer noopener\" href=\"http:\/\/www.terium.org\/terium\/\" target=\"_blank\">Terium, le Cri du Crayon<\/a><\/strong><br>et d\u00e9dicaces \u00e0 l\u2019occasion de la St Patrick au <a rel=\"noreferrer noopener\" href=\"http:\/\/comptoirdesbieres.net\/\" target=\"_blank\">Comptoir des Bi\u00e8res<\/a>, \u00e0 Chen\u00f4ve (<a rel=\"noreferrer noopener\" href=\"https:\/\/www.google.fr\/maps\/place\/Le+comptoir+des+bi%C3%A8res\/@47.2830779,5.0089305,15z\/data=!4m5!3m4!1s0x0:0x84f82d822f6c00e1!8m2!3d47.2830779!4d5.0089305?hl=fr\" target=\"_blank\">acc\u00e8s<\/a>).<br>(annul\u00e9 confinement)<\/p>\n\n\n\n<p><strong>Avril 2020 : Ateliers Cr\u00e9ativit\u00e9 *\u0152uf de P\u00e2ques*<\/strong> (annul\u00e9 confinement)<br> 2 dates au choix :<br> <strong>\u2013<\/strong> \u00e0 l\u2019Espace Art Expression (12, rue Thurot, <a rel=\"noreferrer noopener\" href=\"https:\/\/www.google.fr\/maps\/place\/12+Rue+Thurot,+21000+Dijon\/@47.3263947,5.0254707,17z\/data=!3m1!4b1!4m5!3m4!1s0x47f29d917ddd0bbb:0x7c689b16dd7117b0!8m2!3d47.3263947!4d5.0276594\" target=\"_blank\">acc\u00e8s<\/a>),<br> lundi 6 et mardi 7 avril, de 14h30 \u00e0 16h30<br> <em>Des ateliers de groupe pour laisser libre cours \u00e0 votre cr\u00e9ativit\u00e9 !<br> Mat\u00e9riel fourni. Tout le monde est le bienvenue !<\/em><br> <strong>&gt;<\/strong> Inscriptions : maxime.herdoin@gmail.com \/ 06 31 36 14 21 (SMS uniquement)<\/p>\n\n\n\n<p><strong>Le jeudi 7 mai 2020 : Entr&rsquo;Raid, 5\u00e8me \u00e9dition<\/strong>  (annul\u00e9 confinement) :<br> Epreuve adapt\u00e9e du Raid de l&rsquo;Universit\u00e9 de Bourgogne, destin\u00e9e aux personnes en situation de handicap psychique.<br><em> <\/em>Etape Art-th\u00e9rapie (Responsable : Maxime Herdoin)<br> Lac Kir de Dijon (<a aria-label=\"acc\u00e8s (s\u2019ouvre dans un nouvel onglet)\" href=\"https:\/\/www.google.fr\/maps\/place\/Lac+Kir\/@47.3271827,4.9892945,15z\/data=!3m1!4b1!4m5!3m4!1s0x47f29d6e4718063d:0x530d50d31d673db0!8m2!3d47.3273738!4d4.9989319\" target=\"_blank\" rel=\"noreferrer noopener\">acc\u00e8s<\/a>)<em><br><\/em><\/p>\n\n\n\n<p><strong>Le samedi 16 mai 2020, de 13h30 \u00e0 19h : 15\u00e8me \u00e9dition de la journ\u00e9e <a rel=\"noreferrer noopener\" href=\"https:\/\/jdnd.mood.asso.fr\/\" target=\"_blank\">Jouons de nos Diff\u00e9rences<\/a><\/strong> (report\u00e9 d\u00e9confinement) :<br> tente de l\u2019<a rel=\"noreferrer noopener\" href=\"https:\/\/www.lacheminade.com\/association-demain-le-soleil\/\" target=\"_blank\">association Demain Le Soleil<\/a> :<br> <em>&gt; Laurence Morandini : Une Approche Bien-Etre \u2013 massage des mains, reconnexion aux sensations corporelles.<br> &gt; Florence Massonnat : D\u00e9veloppement Personnel (ateliers \u00e9criture ha\u00efku et dessin), s\u00e9ances d\u00e9couverte EFT (techniques de lib\u00e9ration \u00e9motionnelle par tapotement).<br> &gt; Maxime Herdoin : Peinture d\u2019Emotions \u2013 la peinture comme outil de Bien-Etre et d\u2019\u00e9panouissement.<br> Tout Public \u2013 Acc\u00e8s LSF (Langue des Signes Fran\u00e7aise)<\/em><br> En partenariat avec le p\u00f4le Handicap du Centre Communal d\u2019Action Sociale et la ville de Dijon<br> Parc de la Colombi\u00e8re (<a rel=\"noreferrer noopener\" href=\"https:\/\/www.google.fr\/maps\/place\/Parc+de+la+Colombi%C3%A8re\/@47.3001392,5.0471567,15z\/data=!4m5!3m4!1s0x0:0xfe895718eb9c8f73!8m2!3d47.3001392!4d5.0471567\" target=\"_blank\">acc\u00e8s<\/a>)<\/p>\n\n\n\n<p><strong>Les 16 et 17 mai 2020 : Festival Texte et Bulle, 22\u00e8me \u00e9dition \u00e0 Damparis<\/strong>,<br><strong>avec la participation de <a rel=\"noreferrer noopener\" href=\"http:\/\/www.terium.org\/terium\/\" target=\"_blank\">Terium, le Cri du Crayon<\/a><\/strong>.<br>(annul\u00e9 d\u00e9confinement)<\/p>\n\n\n\n<p><strong><strong>Les 5, 6 et 7 juin 2020 : Zone Zine, 3\u00e8me \u00e9dition \u00e0 Chalon-sur-Sa\u00f4ne<\/strong> <\/strong>(<a rel=\"noreferrer noopener\" href=\"https:\/\/www.google.fr\/maps\/place\/LaP%C3%A9niche\/@46.7751,4.8452,15z\/data=!4m5!3m4!1s0x0:0xc38fe5353319dba7!8m2!3d46.7751!4d4.8452\" target=\"_blank\">acc\u00e8s<\/a>)<strong>,<\/strong><br><strong>avec la participation de <a rel=\"noreferrer noopener\" href=\"http:\/\/www.terium.org\/terium\/\" target=\"_blank\">Terium, le Cri du Crayon<\/a><\/strong>.<br>(annul\u00e9 d\u00e9confinement)<\/p>\n\n\n\n<p><strong><strong><strong>Les 6 et 7 juin 2020 : Beaune Comix, 2\u00e8me \u00e9dition \u00e0 Beaune<\/strong> <\/strong><\/strong>(<a rel=\"noreferrer noopener\" href=\"https:\/\/www.google.fr\/maps\/place\/Les+Ateliers+du+Cin%C3%A9ma\/@47.027629,4.8425531,15z\/data=!4m5!3m4!1s0x0:0x13fc94dd191675a6!8m2!3d47.027629!4d4.8425531\" target=\"_blank\">acc\u00e8s<\/a>)<strong><strong>,<\/strong><\/strong><br><strong>avec la participation de <a rel=\"noreferrer noopener\" href=\"http:\/\/www.terium.org\/terium\/\" target=\"_blank\">Terium, le Cri du Crayon<\/a><\/strong>.<br>(annul\u00e9 d\u00e9confinement)<\/p>\n\n\n\n<p><strong>REPRISE DES ATELIERS ET SEANCES EN INDIVIDUEL \u00e0 partir du 18 mai 2020 jusqu&rsquo;au 30 juin 2020.<\/strong><br><strong>Pour toute demande de RDV ou renseignement, je vous invite \u00e0 me contacter : maxime.herdoin@gmail.com<\/strong><br><em><strong>Reprise des Ateliers &#8211; Reprise de Libert\u00e9<\/strong><\/em><br><em><strong>Au plaisir ! Cr\u00e9ativement v\u00f4tre,<\/strong><\/em><br><em><strong>Maxime<\/strong><\/em><\/p>\n\n\n\n<p><strong>Juin 2020 : Atelier Cr\u00e9ativit\u00e9 *Land Art*<\/strong><br>2 dates au choix :<br><strong>&#8211;<\/strong> \u00e0 l&rsquo;Espace Art Expression (12, rue Thurot, <a rel=\"noreferrer noopener\" href=\"https:\/\/www.google.fr\/maps\/place\/12+Rue+Thurot,+21000+Dijon\/@47.3264058,5.0254571,17z\/data=!3m1!4b1!4m5!3m4!1s0x47f29d917ddecc77:0xd18b319022136b50!8m2!3d47.3263947!4d5.0276594?hl=fr\" target=\"_blank\">acc\u00e8s<\/a>),<br>lundi 29 et mardi 30, de 14h30 \u00e0 16h30<br><em>Composition, en groupe, d&rsquo;une fresque. Atelier pour laisser libre cours \u00e0 votre cr\u00e9ativit\u00e9. S\u00e9r\u00e9nit\u00e9 et L\u00e2cher-prise.<\/em><br><em>Tout le monde est le bienvenue !<\/em><br><strong>&gt;<\/strong>&nbsp;Inscriptions (obligatoires) : maxime.herdoin@gmail.com \/ 06 31 36 14 21 (SMS uniquement)<\/p>\n\n\n\n<p><strong>Septembre 2020, de 14h30 \u00e0 16h30, \u00e0 Dijon :<\/strong><br><em><strong>ATELIERS DECOUVERTE : Venez D\u00e9couvrir l&rsquo;Art-th\u00e9rapie !<\/strong><\/em><br><strong>4 dates au choix :&nbsp;<\/strong><br><strong>&#8211; Espace Art Expression <\/strong>(12 rue Thurot, <a rel=\"noreferrer noopener\" href=\"https:\/\/www.google.fr\/maps\/place\/12+Rue+Thurot,+21000+Dijon\/@47.3264058,5.0254571,17z\/data=!3m1!4b1!4m5!3m4!1s0x47f29d917ddecc77:0xd18b319022136b50!8m2!3d47.3263947!4d5.0276594?hl=fr\" target=\"_blank\">acc\u00e8s<\/a>) :&nbsp;<strong>Lundi 7 et Mardi 8 <\/strong><br><strong>&#8211; Centre Ambition Bien-\u00catre <\/strong>(34 rue Louis Blanc, <a rel=\"noreferrer noopener\" href=\"https:\/\/www.google.fr\/maps\/place\/Ambition+Bien-%C3%AAtre\/@47.3283798,5.0495454,15z\/data=!4m5!3m4!1s0x0:0xfd91fc000c928a49!8m2!3d47.3283798!4d5.0495454\" target=\"_blank\">acc\u00e8s<\/a>) :&nbsp;<strong>Vendredi 18 et Samedi 19<\/strong><br><em>Invitation \u00e0 l&rsquo;imaginaire et au symbolique ; Entretenir son bien-\u00eatre en (re)trouvant un \u00e9quilibre, une s\u00e9r\u00e9nit\u00e9, du temps et du plaisir pour soi ; Exploration de soi \u00e0 travers la cr\u00e9ativit\u00e9, dans le l\u00e2cher-prise ; Se (re)construire gr\u00e2ce \u00e0 l&rsquo;acte cr\u00e9atif ; Mise \u00e0 l&rsquo;\u00e9coute de ses envies, sentiments et sensations ; Accompagnement pour faire \u00e9merger, aller plus loin, Vivre Bien !<\/em><br><strong>&gt;<\/strong> <strong>Uniquement sur inscriptions&nbsp;<\/strong>(au minimum un jour \u00e0 l&rsquo;avance) : maxime.herdoin@gmail.com \/ 06 31 36 14 21 (SMS seulement)<\/p>\n\n\n\n<p><strong>Septembre 2020 : Ateliers Cr\u00e9ativit\u00e9 *Chant Vibratoire*<\/strong><br>2 dates au choix :<br>&#8211; \u00e0 l&rsquo;Espace Art Expression<strong> <\/strong>(12 rue Thurot, <a rel=\"noreferrer noopener\" href=\"https:\/\/www.google.fr\/maps\/place\/12+Rue+Thurot,+21000+Dijon\/@47.3264058,5.0254571,17z\/data=!3m1!4b1!4m5!3m4!1s0x47f29d917ddecc77:0xd18b319022136b50!8m2!3d47.3263947!4d5.0276594?hl=fr\" target=\"_blank\">acc\u00e8s<\/a>) :&nbsp;<br>les lundis 14 et mardi 15, de 14h30 \u00e0 16h30<br><em>Des ateliers de groupe pour laisser libre cours \u00e0 votre \u00e9nergie ! Epanouissement personnel : trouver sa respiration, son corps ; trouver et exp\u00e9rimenter sa voix, les sons, leurs fr\u00e9quences vibratoires ; d\u00e9couvrir et jouer avec les ressentis qui peuvent s&rsquo;y lier.<\/em><br><em>Aucune comp\u00e9tence vocale n\u00e9cessaire. Tout le monde est le bienvenue !<\/em><br><strong>&gt;<\/strong> <strong>Uniquement sur inscriptions&nbsp;<\/strong>(au minimum un jour \u00e0 l&rsquo;avance) : maxime.herdoin@gmail.com \/ 06 31 36 14 21 (SMS seulement)<\/p>\n\n\n\n<p><strong>Octobre 2020, de 14h30 \u00e0 16h30, \u00e0 Dijon :<\/strong><br><em><strong>ATELIERS DECOUVERTE : Venez D\u00e9couvrir l&rsquo;Art-th\u00e9rapie !<\/strong><\/em><br><strong>5 dates au choix :\u00a0<\/strong><br><strong>&#8211; Espace Art Expression <\/strong>(12 rue Thurot, <a rel=\"noreferrer noopener\" href=\"https:\/\/www.google.fr\/maps\/place\/12+Rue+Thurot,+21000+Dijon\/@47.3264058,5.0254571,17z\/data=!3m1!4b1!4m5!3m4!1s0x47f29d917ddecc77:0xd18b319022136b50!8m2!3d47.3263947!4d5.0276594?hl=fr\" target=\"_blank\">acc\u00e8s<\/a>) :\u00a0<strong>Lundi 5 et Mardi 6<\/strong><br><strong>&#8211; Centre Ambition Bien-\u00catre <\/strong>(34 rue Louis Blanc, <a rel=\"noreferrer noopener\" href=\"https:\/\/www.google.fr\/maps\/place\/Ambition+Bien-%C3%AAtre\/@47.3283798,5.0495454,15z\/data=!4m5!3m4!1s0x0:0xfd91fc000c928a49!8m2!3d47.3283798!4d5.0495454\" target=\"_blank\">acc\u00e8s<\/a>) :<strong> Mercredi 7<\/strong><br><strong>&#8211; Cabinet L&rsquo;\u00celot\u00a0<\/strong>(6 rue de Nachey, Talant, <a rel=\"noreferrer noopener\" href=\"https:\/\/www.google.fr\/maps\/place\/6+Rue+de+Nachey,+21240+Talant\/@47.3418117,4.9939312,17z\/data=!3m1!4b1!4m5!3m4!1s0x47ed629e786e4dcd:0xd978b8c7a7695788!8m2!3d47.3416822!4d4.9963851\" target=\"_blank\">acc\u00e8s<\/a>) :\u00a0<strong>Samedi 10 et Samedi 17<\/strong><br><em>Invitation \u00e0 l&rsquo;imaginaire et au symbolique ; Entretenir son bien-\u00eatre en (re)trouvant un \u00e9quilibre, une s\u00e9r\u00e9nit\u00e9, du temps et du plaisir pour soi ; Exploration de soi \u00e0 travers la cr\u00e9ativit\u00e9, dans le l\u00e2cher-prise ; Se (re)construire gr\u00e2ce \u00e0 l&rsquo;acte cr\u00e9atif ; Mise \u00e0 l&rsquo;\u00e9coute de ses envies, sentiments et sensations ; Accompagnement pour faire \u00e9merger, aller plus loin, Vivre Bien !<\/em><br><strong>><\/strong> <strong>Uniquement sur inscriptions\u00a0<\/strong>(au minimum un jour \u00e0 l&rsquo;avance) : maxime.herdoin@gmail.com \/ 06 31 36 14 21 (SMS seulement)<\/p>\n\n\n\n<p><strong>Octobre 2020 : Ateliers Cr\u00e9ativit\u00e9 *Chant Vibratoire*<\/strong><br>2 dates au choix :<br>&#8211; \u00e0 l&rsquo;Espace Art Expression (12 rue Thurot, <a rel=\"noreferrer noopener\" href=\"https:\/\/www.google.fr\/maps\/place\/12+Rue+Thurot,+21000+Dijon\/@47.3264058,5.0254571,17z\/data=!3m1!4b1!4m5!3m4!1s0x47f29d917ddecc77:0xd18b319022136b50!8m2!3d47.3263947!4d5.0276594?hl=fr\" target=\"_blank\">acc\u00e8s<\/a>) :&nbsp;<br>les lundis 12 et mardi 13, de 14h30 \u00e0 16h30<br><em>Des ateliers de groupe pour laisser libre cours \u00e0 votre \u00e9nergie ! Epanouissement personnel : trouver sa respiration, son corps ; trouver et exp\u00e9rimenter sa voix, les sons, leurs fr\u00e9quences vibratoires ; d\u00e9couvrir et jouer avec les ressentis qui peuvent s&rsquo;y lier.<\/em><br><em>Aucune comp\u00e9tence vocale n\u00e9cessaire. Tout le monde est le bienvenue !<\/em><br><strong>&gt;<\/strong> <strong>Uniquement sur inscriptions&nbsp;<\/strong>(au minimum un jour \u00e0 l&rsquo;avance) : maxime.herdoin@gmail.com \/ 06 31 36 14 21 (SMS seulement)<\/p>\n\n\n\n<p><strong>Les samedi 31 octobre et dimanche 1er novembre 2020 : Salon Grimoire &amp; Chaudron, 2\u00e8me \u00e9dition<\/strong><br><strong>avec la participation de <a rel=\"noreferrer noopener\" href=\"https:\/\/www.terium.org\/terium\/\" target=\"_blank\">Terium, le Cri du Crayon<\/a><\/strong><br>Palais des Congr\u00e8s, Dijon (<a href=\"https:\/\/www.google.fr\/maps\/place\/Parc+des+Expositions+et+Congr%C3%A8s+de+Dijon\/@47.3287967,5.0538065,15z\/data=!4m5!3m4!1s0x0:0xaf36eb8c5118f636!8m2!3d47.3287967!4d5.0538065\" target=\"_blank\" rel=\"noreferrer noopener\">acc\u00e8s<\/a>)<br>(report\u00e9 confinement)<\/p>\n\n\n\n<p><strong>Les samedi 7 et dimanche 8 novembre 2020 : 24h de la BD<\/strong><br><strong>avec la participation de <a href=\"https:\/\/www.terium.org\/terium\/\" target=\"_blank\" rel=\"noreferrer noopener\">Terium, le Cri du Crayon<\/a><\/strong><br>Mus\u00e9oParc Al\u00e9sia, Alise-Sainte-Reine (<a href=\"https:\/\/www.google.fr\/maps\/place\/Mus%C3%A9oParc+Al%C3%A9sia\/@47.5356968,4.4690336,15z\/data=!4m5!3m4!1s0x0:0x3a8a9841053cd0e6!8m2!3d47.5356968!4d4.4690336\" target=\"_blank\" rel=\"noreferrer noopener\">acc\u00e8s<\/a>)<br>(annul\u00e9 confinement)<\/p>\n\n\n\n<div class=\"wp-block-group\"><div class=\"wp-block-group__inner-container is-layout-flow wp-block-group-is-layout-flow\">\n<p><strong>Novembre 2020, de 14h30 \u00e0 16h30, \u00e0 Dijon :<\/strong><br><em><strong>ATELIERS DECOUVERTE : Venez D\u00e9couvrir l&rsquo;Art-th\u00e9rapie !<\/strong><\/em><br><strong>6 dates au choix\u00a0<\/strong>(places limit\u00e9es) :<br><strong>&#8211; Espace Art Expression <\/strong>(12 rue Thurot, <a rel=\"noreferrer noopener\" href=\"https:\/\/www.google.fr\/maps\/place\/12+Rue+Thurot,+21000+Dijon\/@47.3264058,5.0254571,17z\/data=!3m1!4b1!4m5!3m4!1s0x47f29d917ddecc77:0xd18b319022136b50!8m2!3d47.3263947!4d5.0276594?hl=fr\" target=\"_blank\">acc\u00e8s<\/a>) :\u00a0<strong>Lundi 2 et Mardi 3<\/strong><br><strong>&#8211; Centre Ambition Bien-\u00catre <\/strong>(34 rue Louis Blanc, <a rel=\"noreferrer noopener\" href=\"https:\/\/www.google.fr\/maps\/place\/Ambition+Bien-%C3%AAtre\/@47.3283798,5.0495454,15z\/data=!4m5!3m4!1s0x0:0xfd91fc000c928a49!8m2!3d47.3283798!4d5.0495454\" target=\"_blank\">acc\u00e8s<\/a>) :\u00a0<strong>Mercredi 4 et Mercredi 18<\/strong><br><strong>&#8211; Cabinet L&rsquo;\u00celot\u00a0<\/strong>(6 rue de Nachey, Talant, <a rel=\"noreferrer noopener\" href=\"https:\/\/www.google.fr\/maps\/place\/6+Rue+de+Nachey,+21240+Talant\/@47.3418117,4.9939312,17z\/data=!3m1!4b1!4m5!3m4!1s0x47ed629e786e4dcd:0xd978b8c7a7695788!8m2!3d47.3416822!4d4.9963851\" target=\"_blank\">acc\u00e8s<\/a>) :\u00a0<strong>Samedi 7 et Samedi 14<\/strong><br><em>Invitation \u00e0 l&rsquo;imaginaire et au symbolique ; Entretenir son bien-\u00eatre en (re)trouvant un \u00e9quilibre, une s\u00e9r\u00e9nit\u00e9, du temps et du plaisir pour soi ; Exploration de soi \u00e0 travers la cr\u00e9ativit\u00e9, dans le l\u00e2cher-prise ; Se (re)construire gr\u00e2ce \u00e0 l&rsquo;acte cr\u00e9atif ; Mise \u00e0 l&rsquo;\u00e9coute de ses envies, sentiments et sensations ; Accompagnement pour faire \u00e9merger, aller plus loin, Vivre Bien !<\/em><br><strong>><\/strong> <strong>Uniquement sur inscriptions\u00a0<\/strong>(au minimum un jour \u00e0 l&rsquo;avance) : maxime.herdoin@gmail.com \/ 06 31 36 14 21 (SMS seulement)<\/p>\n<\/div><\/div>\n\n\n\n<p><strong>Novembre 2020 : Ateliers Cr\u00e9ativit\u00e9 *Chant Vibratoire*<\/strong><br>2 dates au choix (places limit\u00e9es) :<br>&#8211; \u00e0 l&rsquo;Espace Art Expression (12 rue Thurot, <a rel=\"noreferrer noopener\" href=\"https:\/\/www.google.fr\/maps\/place\/12+Rue+Thurot,+21000+Dijon\/@47.3264058,5.0254571,17z\/data=!3m1!4b1!4m5!3m4!1s0x47f29d917ddecc77:0xd18b319022136b50!8m2!3d47.3263947!4d5.0276594?hl=fr\" target=\"_blank\">acc\u00e8s<\/a>) :&nbsp;<br>les lundis 9 et mardi 10, de 14h30 \u00e0 16h30<br><em>Des ateliers de groupe pour laisser libre cours \u00e0 votre \u00e9nergie ! Epanouissement personnel : trouver sa respiration, son corps ; trouver et exp\u00e9rimenter sa voix, les sons, leurs fr\u00e9quences vibratoires ; d\u00e9couvrir et jouer avec les ressentis qui peuvent s&rsquo;y lier.<\/em><br><em>Aucune comp\u00e9tence vocale n\u00e9cessaire. Tout le monde est le bienvenue !<\/em><br><strong>&gt;<\/strong> <strong>Uniquement sur inscriptions&nbsp;<\/strong>(au minimum un jour \u00e0 l&rsquo;avance) : maxime.herdoin@gmail.com \/ 06 31 36 14 21 (SMS seulement)<\/p>\n<\/div><\/div>\n\n\n\n<p><strong>D\u00e9cembre 2020 : Ateliers Cr\u00e9ativit\u00e9 *D\u00e9corations de No\u00ebl*<\/strong><br>4 dates au choix (places limit\u00e9es) :<br><strong>\u2013<\/strong>&nbsp;\u00e0 l\u2019Espace Art Expression (12, rue Thurot,&nbsp;<a rel=\"noreferrer noopener\" href=\"https:\/\/www.google.fr\/maps\/place\/12+Rue+Thurot,+21000+Dijon\/@47.3263947,5.0254707,17z\/data=!3m1!4b1!4m5!3m4!1s0x47f29d917ddd0bbb:0x7c689b16dd7117b0!8m2!3d47.3263947!4d5.0276594\" target=\"_blank\">acc\u00e8s<\/a>),<br>les lundi 7, mardi 8, lundi 14 et mardi 15, de 14h30 \u00e0 16h30<br><em>Des ateliers de groupe pour laisser libre cours \u00e0 votre cr\u00e9ativit\u00e9 !<br>Mat\u00e9riel fourni. Tout le monde est le bienvenue !<br>Accompagnement autour de propositions et de th\u00e8mes de d\u00e9corations, ou vous pouvez venir avec vos id\u00e9es et envies !<\/em><br><strong>&gt;<\/strong>&nbsp;<strong>Uniquement sur inscriptions<\/strong> (au minimum un jour \u00e0 l&rsquo;avance) : maxime.herdoin@gmail.com \/ 06 31 36 14 21 (SMS seulement)<\/p>\n<\/div><\/div>\n","protected":false},"excerpt":{"rendered":"<p>Janvier 2020, de 14h30 \u00e0 16h30, \u00e0 Dijon :ATELIERS DECOUVERTE : Venez D\u00e9couvrir l&rsquo;Art-th\u00e9rapie !&#8211; Lundi 6&#8211; Mardi 7&#8211; Lundi 13&#8211; Mardi 14Espace Art Expression, 12 rue Thurot (acc\u00e8s)Invitation \u00e0 l&rsquo;imaginaire et au symbolique ; Entretenir son bien-\u00eatre en (re)trouvant un \u00e9quilibre, une s\u00e9r\u00e9nit\u00e9, du temps et du plaisir pour soi ; Exploration de soi [&hellip;]<\/p>\n","protected":false},"author":4,"featured_media":0,"parent":968,"menu_order":0,"comment_status":"closed","ping_status":"closed","template":"","meta":{"footnotes":""},"class_list":["post-1649","page","type-page","status-publish","hentry"],"_links":{"self":[{"href":"https:\/\/www.maximeherdoin.com\/index.php?rest_route=\/wp\/v2\/pages\/1649","targetHints":{"allow":["GET"]}}],"collection":[{"href":"https:\/\/www.maximeherdoin.com\/index.php?rest_route=\/wp\/v2\/pages"}],"about":[{"href":"https:\/\/www.maximeherdoin.com\/index.php?rest_route=\/wp\/v2\/types\/page"}],"author":[{"embeddable":true,"href":"https:\/\/www.maximeherdoin.com\/index.php?rest_route=\/wp\/v2\/users\/4"}],"replies":[{"embeddable":true,"href":"https:\/\/www.maximeherdoin.com\/index.php?rest_route=%2Fwp%2Fv2%2Fcomments&post=1649"}],"version-history":[{"count":16,"href":"https:\/\/www.maximeherdoin.com\/index.php?rest_route=\/wp\/v2\/pages\/1649\/revisions"}],"predecessor-version":[{"id":1822,"href":"https:\/\/www.maximeherdoin.com\/index.php?rest_route=\/wp\/v2\/pages\/1649\/revisions\/1822"}],"up":[{"embeddable":true,"href":"https:\/\/www.maximeherdoin.com\/index.php?rest_route=\/wp\/v2\/pages\/968"}],"wp:attachment":[{"href":"https:\/\/www.maximeherdoin.com\/index.php?rest_route=%2Fwp%2Fv2%2Fmedia&parent=1649"}],"curies":[{"name":"wp","href":"https:\/\/api.w.org\/{rel}","templated":true}]}}