{"id":2560,"date":"2025-01-02T12:32:56","date_gmt":"2025-01-02T11:32:56","guid":{"rendered":"https:\/\/www.maximeherdoin.com\/?page_id=2560"},"modified":"2026-05-07T09:51:20","modified_gmt":"2026-05-07T08:51:20","slug":"2025-2","status":"publish","type":"page","link":"https:\/\/www.maximeherdoin.com\/?page_id=2560","title":{"rendered":"2025"},"content":{"rendered":"\n<p><strong>Chaque mois, de 14h30 \u00e0 16h30, \u00e0 Dijon :<br><em>ATELIERS DECOUVERTE : Venez D\u00e9couvrir l\u2019Art-th\u00e9rapie !<\/em><br>\u2013 Centre Ambition Bien-\u00catre (5C, rue Andr\u00e9 Malraux, Dijon,&nbsp;<a href=\"https:\/\/www.google.fr\/maps\/place\/5+Rue+Andr%C3%A9+Malraux,+21000+Dijon\/@47.3269782,5.0488305,17z\/data=!3m1!4b1!4m5!3m4!1s0x47f29de35ef8cfad:0x82f323029c65f79b!8m2!3d47.3269782!4d5.0510192\" target=\"_blank\" rel=\"noreferrer noopener\">acc\u00e8s<\/a>)<strong><br>&gt;&nbsp;<\/strong><\/strong>Voir l\u2019<a href=\"https:\/\/www.maximeherdoin.com\/\" target=\"_blank\" rel=\"noreferrer noopener\">Accueil<\/a>&nbsp;ou l\u2019<a href=\"https:\/\/www.maximeherdoin.com\/?page_id=535\" target=\"_blank\" rel=\"noreferrer noopener\">Agenda<\/a>&nbsp;pour les dates<strong><br><\/strong><em>Invitation \u00e0 l\u2019imaginaire et au symbolique ; Entretenir son bien-\u00eatre en (re)trouvant un \u00e9quilibre, une s\u00e9r\u00e9nit\u00e9, du temps et du plaisir pour soi ; Exploration de soi \u00e0 travers la cr\u00e9ativit\u00e9, dans le l\u00e2cher-prise ; Se (re)construire gr\u00e2ce \u00e0 l\u2019acte cr\u00e9atif ; Mise \u00e0 l\u2019\u00e9coute de ses envies, sentiments et sensations ; Accompagnement pour faire \u00e9merger, aller plus loin, Vivre Bien !<\/em><strong><br>&gt; Uniquement sur inscriptions&nbsp;(au minimum un jour \u00e0 l\u2019avance)<\/strong><\/p>\n\n\n\n<p><strong>Les 17 et 18 Janvier 2025 : <a href=\"https:\/\/www.digital-zoom.fr\/site\/terium-24h-de-la-bd-2025-talant\/\" target=\"_blank\" rel=\"noreferrer noopener\">24h de la BD<\/a><br><\/strong>Avec la participation de <a href=\"https:\/\/terium.org\/ninefolio\/\" target=\"_blank\" rel=\"noreferrer noopener\">Terium, le Cri du Crayon<\/a><br>L&rsquo;Escale, Espace Culturel, Talant<br>&gt; Voir l&rsquo;article dans le <a href=\"https:\/\/www.bienpublic.com\/culture-loisirs\/2025\/01\/15\/la-bande-dessinee-de-nouveau-a-l-honneur-pendant-24-heures\" target=\"_blank\" rel=\"noreferrer noopener\">Bien Public<\/a><br>&gt; Voir l&rsquo;\u00e9mission sur <a href=\"https:\/\/www.francebleu.fr\/emissions\/l-invite-d-ici-ici-bourgogne\/24h-de-la-bd-a-talant-comment-la-bande-dessinee-est-re-devenue-un-art-majeur-7641443\" target=\"_blank\" rel=\"noreferrer noopener\">France Bleu<\/a><\/p>\n\n\n\n<p><strong>Le Dimanche 19 Janvier 2025 \u00e0 15h : 5\u00e8me Repr\u00e9sentation publique de la pi\u00e8ce de th\u00e9\u00e2tre \u00ab&nbsp;<em>Il \u00c9tait Une Fois Z\u00e9zola !<\/em>&nbsp;\u00bb<br><\/strong>avec la troupe&nbsp;<a href=\"https:\/\/lesdidasskaly.wordpress.com\/\" target=\"_blank\" rel=\"noreferrer noopener\">Les Didas Skaly<\/a><a href=\"https:\/\/lesdidasskaly.wordpress.com\/\" target=\"_blank\" rel=\"noreferrer noopener\"><em><br><\/em><\/a>en partenariat avec l\u2019association&nbsp;<a href=\"https:\/\/www.simondecyrene.org\/dijon\/\">Simon de Cyr\u00e8ne<\/a><br>Clos Saint-Fran\u00e7ois, Saint-Apollinaire&nbsp;(<a href=\"https:\/\/www.google.fr\/maps\/place\/Association+Clos+Saint+Fran%C3%A7ois\/@47.3335378,5.0793033,17z\/data=!3m1!4b1!4m6!3m5!1s0x47f29e21b07fcda3:0x265893a1eb049626!8m2!3d47.3335378!4d5.0818782!16s%2Fg%2F11gy19hkx6?entry=ttu\" target=\"_blank\" rel=\"noreferrer noopener\">acc\u00e8s<\/a>)<\/p>\n\n\n\n<p><strong>Le Vendredi 31 Janvier 2025 \u00e0 21h15 : 6\u00e8me Repr\u00e9sentation publique de la pi\u00e8ce de th\u00e9\u00e2tre \u00ab&nbsp;<em>Il \u00c9tait Une Fois Z\u00e9zola !<\/em>&nbsp;\u00bb<br><\/strong>avec la troupe&nbsp;<a href=\"https:\/\/lesdidasskaly.wordpress.com\/\" target=\"_blank\" rel=\"noreferrer noopener\">Les Didas Skaly<strong><br><\/strong><\/a>En partenariat avec l\u2019association&nbsp;<a href=\"https:\/\/www.facebook.com\/farandouche\" target=\"_blank\" rel=\"noreferrer noopener\">La Farand\u2019Ouche<\/a>, dans le cadre du Festival Une D\u2019Ouche d\u2019Humour<br>Salle des F\u00eates, Barbirey-sur-Ouche<\/p>\n\n\n\n<p><strong>Le Dimanche 16 F\u00e9vrier 2025 \u00e0 15h : 7\u00e8me Repr\u00e9sentation publique de la pi\u00e8ce de th\u00e9\u00e2tre \u00ab&nbsp;<em>Il \u00c9tait Une Fois Z\u00e9zola !<\/em>&nbsp;\u00bb<br><\/strong>avec la troupe&nbsp;<a href=\"https:\/\/lesdidasskaly.wordpress.com\/\" target=\"_blank\" rel=\"noreferrer noopener\">Les Didas Skaly<\/a><a href=\"https:\/\/lesdidasskaly.wordpress.com\/\" target=\"_blank\" rel=\"noreferrer noopener\"><em><br><\/em><\/a>Salle Crois\u00e9e des Sarmates, Salmaise (<a href=\"https:\/\/www.google.fr\/maps\/place\/5+Rue+de+Verrey,+21690+Salmaise\/@47.4532917,4.6601041,17z\/data=!3m1!4b1!4m6!3m5!1s0x47ed85b62eba94fd:0x85a3a466f601df93!8m2!3d47.4532917!4d4.662679!16s%2Fg%2F11smz8qxvz?entry=ttu&amp;g_ep=EgoyMDI1MDEyMi4wIKXMDSoASAFQAw%3D%3D\" target=\"_blank\" rel=\"noreferrer noopener\">acc\u00e8s<\/a>)<\/p>\n\n\n\n<p><strong>F\u00e9vrier 2025 : Ateliers Cr\u00e9ativit\u00e9 *Masque de Carnaval*<\/strong><br>2 dates au choix, de 14h30 \u00e0 16h30 (places limit\u00e9es) :<br><strong>\u2013<\/strong>&nbsp;Centre Ambition Bien-\u00catre (5C, rue Andr\u00e9 Malraux, Dijon,&nbsp;<a href=\"https:\/\/www.google.fr\/maps\/place\/5+Rue+Andr%C3%A9+Malraux,+21000+Dijon\/@47.3269782,5.0488305,17z\/data=!3m1!4b1!4m5!3m4!1s0x47f29de35ef8cfad:0x82f323029c65f79b!8m2!3d47.3269782!4d5.0510192\" target=\"_blank\" rel=\"noreferrer noopener\">acc\u00e8s<\/a>), mercredi 26 et samedi 1er mars<br><em>Des ateliers de groupe pour laisser libre cours \u00e0 votre cr\u00e9ativit\u00e9 !<br>Mat\u00e9riel fourni. Tout le monde est le bienvenue !<\/em><br><strong>&gt;<\/strong>&nbsp;<strong>Uniquement sur inscriptions<\/strong>&nbsp;(au minimum un jour \u00e0 l\u2019avance) : maxime.herdoin@gmail.com \/ 06 31 36 14 21 (SMS seulement)<\/p>\n\n\n\n<p><strong>Le mercredi 2 avril 2025, \u00e0 partir de 19h : R\u00e9union du&nbsp;<a href=\"https:\/\/lesartstherapies.wordpress.com\/\" target=\"_blank\" rel=\"noreferrer noopener\">Collectif des Art-th\u00e9rapies de Dijon<\/a><\/strong><br>Association Simon de Cyr\u00e8ne, Saint Apollinaire (<a href=\"https:\/\/www.google.fr\/maps\/place\/3+Imp.+Jacquat,+21850+Saint-Apollinaire,+France\/@47.3318616,5.0836698,17z\/data=!3m1!4b1!4m5!3m4!1s0x47f29e215ec4a947:0xaae08c34b9d823d4!8m2!3d47.3318616!4d5.0836698\" target=\"_blank\" rel=\"noreferrer noopener\">acc\u00e8s<\/a>)<\/p>\n\n\n\n<p><strong>Le vendredi 4 avril 2025, \u00e0 partir de 19h : R\u00e9union du&nbsp;<a href=\"https:\/\/lesartstherapies.wordpress.com\/\" target=\"_blank\" rel=\"noreferrer noopener\">Collectif des Art-th\u00e9rapies de Dijon<\/a><\/strong><br>Association Simon de Cyr\u00e8ne, Saint Apollinaire (<a href=\"https:\/\/www.google.fr\/maps\/place\/3+Imp.+Jacquat,+21850+Saint-Apollinaire,+France\/@47.3318616,5.0836698,17z\/data=!3m1!4b1!4m5!3m4!1s0x47f29e215ec4a947:0xaae08c34b9d823d4!8m2!3d47.3318616!4d5.0836698\" target=\"_blank\" rel=\"noreferrer noopener\">acc\u00e8s<\/a>)<\/p>\n\n\n\n<p><strong>Avril 2025 : Ateliers Cr\u00e9ativit\u00e9 *\u0152uf de P\u00e2ques*<br><\/strong>2 dates au choix, de 14h30 \u00e0 16h30 ( * ) (places limit\u00e9es) :<br>\u2013&nbsp;Centre Ambition Bien-\u00catre (5C rue Andr\u00e9 Malraux, Dijon,&nbsp;<a href=\"https:\/\/www.google.fr\/maps\/place\/5+Rue+Andr%C3%A9+Malraux,+21000+Dijon\/@47.3269782,5.0488305,17z\/data=!3m1!4b1!4m5!3m4!1s0x47f29de35ef8cfad:0x82f323029c65f79b!8m2!3d47.3269782!4d5.0510192\" target=\"_blank\" rel=\"noreferrer noopener\">acc\u00e8s<\/a>), le mercredi 16 et le samedi 19<br><em>Des ateliers de groupe pour laisser libre cours \u00e0 votre cr\u00e9ativit\u00e9 !<br>Mat\u00e9riel fourni. Tout le monde est le bienvenue !<\/em><strong><br>&gt; Uniquement sur inscriptions&nbsp;(au minimum un jour \u00e0 l\u2019avance) : maxime.herdoin@gmail.com \/ 06 31 36 14 21 (SMS seulement)<\/strong><\/p>\n\n\n\n<p><strong>Le Samedi 24 mai 2025, de 14h \u00e0 18h : 18\u00e8me \u00e9dition de la journ\u00e9e&nbsp;<a href=\"https:\/\/2022.jouonsdenosdifferences.fr\/\" target=\"_blank\" rel=\"noreferrer noopener\">Jouons de nos Diff\u00e9rences<\/a><em><br><\/em><\/strong><em>Animation : Inspiration Land Art \u00c9ph\u00e9m\u00e8re<br>Venez passer un moment dans une bulle hors du temps pour cr\u00e9er une composition \u00e0 partir d\u2019\u00e9l\u00e9ments fournis par la Nature.<br>Un atelier d\u2019art-th\u00e9rapie pour vous sensibiliser aux handicaps manuels et visuels, et pour exp\u00e9rimenter votre cr\u00e9ativit\u00e9 d\u2019une nouvelle mani\u00e8re.<\/em><br>Avec Maxime Herdoin,&nbsp;<a href=\"https:\/\/www.facebook.com\/profile.php?id=100089200194677\" target=\"_blank\" rel=\"noreferrer noopener\">Pauline Brullez<\/a>, et l\u2019association&nbsp;<a href=\"https:\/\/www.lacheminade.com\/association-demain-le-soleil\/\" target=\"_blank\" rel=\"noreferrer noopener\">Simon de Cyr\u00e8ne<\/a>,<br>En partenariat avec le p\u00f4le Handicap du Centre Communal d\u2019Action Sociale et la ville de Dijon<br>Parc de la Colombi\u00e8re, Dijon (<a href=\"https:\/\/www.google.fr\/maps\/place\/Parc+de+la+Colombi%C3%A8re\/@47.3001392,5.0471567,15z\/data=!4m5!3m4!1s0x0:0xfe895718eb9c8f73!8m2!3d47.3001392!4d5.0471567\" target=\"_blank\" rel=\"noreferrer noopener\">acc\u00e8s<\/a>)<strong><br><\/strong>&gt; Voir l&rsquo;<a href=\"https:\/\/www.bienpublic.com\/societe\/2025\/05\/19\/le-parc-de-la-colombiere-va-se-transformer-en-grand-terrain-de-jeu\" target=\"_blank\" rel=\"noreferrer noopener\">Article du Bien Public<\/a><strong><strong><br><\/strong><\/strong>&gt; Voir l&rsquo;<a href=\"https:\/\/www.bienpublic.com\/societe\/2025\/05\/29\/de-nombreuses-activites-ont-sensibilise-au-handicap-au-parc-de-la-colombiere\" target=\"_blank\" rel=\"noreferrer noopener\">Article du Bien Public<\/a><strong><br><\/strong>&gt; Voir <a href=\"https:\/\/www.facebook.com\/media\/set\/?vanity=maxime.herdoin.art.therapie&amp;set=a.1093621816123807&amp;locale=fr_FR\" target=\"_blank\" rel=\"noreferrer noopener\">les photos<\/a><\/p>\n\n\n\n<p><strong>Le Samedi 14 Juin 2025, de 14h \u00e0 20h :&nbsp;<a href=\"https:\/\/nuitduhandicap.fr\/la-nuit-du-handicap-a-dijon\/\" target=\"_blank\" rel=\"noreferrer noopener\">La Nuit du Handicap<\/a><em><br><\/em><\/strong><em>Ateliers d\u2019initiation aux bases de la Langue des Signes<br>Tout Public pour qui d\u00e9sire s\u2019ouvrir \u00e0 une part essentielle de la Culture Sourde<\/em><br>Parc Eiffel \u2013 Port du Canal, Dijon (<a href=\"https:\/\/www.google.fr\/maps\/place\/Port+du+Canal\/@47.3139873,5.0226117,16z\/data=!3m1!4b1!4m6!3m5!1s0x47f29dbec4a70827:0xfc4abf25c2b0aaec!8m2!3d47.3139874!4d5.0274826!16s%2Fg%2F119pgjgq6?entry=ttu&amp;g_ep=EgoyMDI1MDUyNi4wIKXMDSoASAFQAw%3D%3D\" target=\"_blank\" rel=\"noreferrer noopener\">acc\u00e8s<\/a>)<strong><br><\/strong>&gt; Voir l&rsquo;<a href=\"https:\/\/www.bienpublic.com\/culture-loisirs\/2025\/06\/02\/la-nuit-du-handicap-s-invite-au-parc-eiffel-le-14-juin\" target=\"_blank\" rel=\"noreferrer noopener\">Article du Bien Public<\/a><strong><br><\/strong>&gt; Voir l&rsquo;<a href=\"https:\/\/www.bienpublic.com\/culture-loisirs\/2025\/06\/18\/la-nuit-du-handicap-organisee-le-samedi-14-juin-gpso\" target=\"_blank\" rel=\"noreferrer noopener\">Article du Bien Public<\/a><\/p>\n\n\n\n<p><strong>Samedi 5 Juillet 2025 (de 15h \u00e0 19h) et Dimanche 6 Juillet 2025 (de 14h \u00e0 18h) : Festival de la Colline<br>Atelier D\u00e9couverte de l\u2019Art-th\u00e9rapie &amp; Exposition artistique<br><\/strong>Tout Public<br>En partenariat avec l\u2019<a href=\"https:\/\/maisonnatalesaintbernard.ovh\/\" target=\"_blank\" rel=\"noreferrer noopener\">association Saint-Bernard<\/a><br>Place des Feuillants, Fontines-l\u00e8s-Dijon (<a href=\"https:\/\/www.google.com\/maps\/place\/Pl.+des+Feuillants,+21121+Fontaine-l%C3%A8s-Dijon\/@47.345638,5.0111502,17z\/data=!3m1!4b1!4m6!3m5!1s0x47ed627dbed8f953:0x4a7f0c1d2764c5a9!8m2!3d47.3456381!4d5.0160211!16s%2Fg%2F11pdmt208y?entry=ttu&amp;g_ep=EgoyMDI1MDYxMS4wIKXMDSoASAFQAw%3D%3D\" target=\"_blank\" rel=\"noreferrer noopener\">acc\u00e8s<\/a>)<strong><br><\/strong>> Voir l&rsquo;<a href=\"https:\/\/www.bienpublic.com\/culture-loisirs\/2025\/06\/24\/festival-de-la-colline-replongez-quelques-siecles-en-arriere\" target=\"_blank\" rel=\"noreferrer noopener\">Article du Bien Public<\/a><strong><br><\/strong>> Voir l&rsquo;<a href=\"https:\/\/www.bienpublic.com\/culture-loisirs\/2025\/07\/06\/le-festival-de-la-colline-a-transporte-ses-visiteurs-dans-le-village-au-temps-du-moyen-age\" target=\"_blank\" rel=\"noreferrer noopener\">Article du Bien Public<\/a><\/p>\n\n\n\n<p><strong>Vendredi 15 Ao\u00fbt 2025 : Exposition &#8211; Vente<br>au Grand March\u00e9 aux Puces et Artisanat<br><\/strong>Mont-Saint-Jean<\/p>\n\n\n\n<p><strong>Septembre 2025, \u00e0 Dijon :<br><em>Ateliers d\u2019Initiation \u00e0 la Langue des Signes<br>au Centre Ambition Bien-\u00catre (5C, rue Andr\u00e9 Malraux, Dijon,&nbsp;<a href=\"https:\/\/www.google.fr\/maps\/place\/5+Rue+Andr%C3%A9+Malraux,+21000+Dijon\/@47.3269782,5.0488305,17z\/data=!3m1!4b1!4m5!3m4!1s0x47f29de35ef8cfad:0x82f323029c65f79b!8m2!3d47.3269782!4d5.0510192\" target=\"_blank\" rel=\"noreferrer noopener\">acc\u00e8s<\/a>)<\/em><br>4 Ateliers au choix (places limit\u00e9es) : :<br>\u2013 Mercredi 24, de 14h30 \u00e0 15h30 ou bien de 18h \u00e0 19h<br>\u2013 Samedi 27, de 14h \u00e0 15h ou bien de 17h \u00e0 18h<br><\/strong><em>\u00e0 l\u2019occasion de la Journ\u00e9e Mondiale des Sourds (27 septembre 2025) et de la Journ\u00e9e Internationale de la Langue des Signes (23 septembre 2025) = Atelier d\u2019initiation \u00e0 l\u2019Histoire et aux bases de la Langue des Signes Fran\u00e7aise. Tout public pour qui souhaite s\u2019ouvrir \u00e0 une part essentielle de la Culture Sourde.<\/em><strong><br>&gt; Uniquement sur inscriptions&nbsp;(au minimum un jour \u00e0 l\u2019avance) : maxime.herdoin@gmail.com \/ 06 31 36 14 21 (SMS seulement)<\/strong><\/p>\n\n\n\n<p><strong>Le Vendredi 14 Novembre 2025, \u00e0 20h : 1\u00e8re Repr\u00e9sentation publique du spectacle th\u00e9\u00e2tral \u00ab&nbsp;<em>N\u2019H\u00e9sitez Pas \u00c0 Consulter !<\/em>&nbsp;\u00bb<br><\/strong>avec la troupe&nbsp;<a href=\"https:\/\/lesdidasskaly.wordpress.com\/\" target=\"_blank\" rel=\"noreferrer noopener\">Les Didas Skaly<em><br><\/em><\/a>en partenariat avec l\u2019association&nbsp;<a href=\"https:\/\/www.facebook.com\/vefo21\" target=\"_blank\" rel=\"noreferrer noopener\">VEFO<\/a><br>Salle des F\u00eates, Fleurey-sur-Ouche (<a href=\"https:\/\/www.google.com\/maps\/place\/1+Rue+du+Lavoir,+21410+Fleurey-sur-Ouche\/@47.3147486,4.8571234,17z\/data=!3m1!4b1!4m6!3m5!1s0x47f2819afb1325af:0x5815b963acc11449!8m2!3d47.3147486!4d4.8596983!16s%2Fg%2F11cpkx_kqy?entry=ttu&amp;g_ep=EgoyMDI1MTAyMi4wIKXMDSoASAFQAw%3D%3D\" target=\"_blank\" rel=\"noreferrer noopener\">acc\u00e8s<\/a>)<strong><br><\/strong>&gt; Voir l&rsquo;<a href=\"https:\/\/www.bienpublic.com\/culture-loisirs\/2025\/11\/19\/n-hesitez-pas-a-consulter-piece-presentee-par-les-didas-skaly-le-vendredi-14-novembre-gpso\" target=\"_blank\" rel=\"noreferrer noopener\">Article du Bien Public<\/a>.<\/p>\n\n\n\n<p><strong>Le Vendredi 28 Novembre 2025, \u00e0 20h : 2\u00e8me Repr\u00e9sentation publique du spectacle th\u00e9\u00e2tral \u00ab&nbsp;<em>N\u2019H\u00e9sitez Pas \u00c0 Consulter !<\/em>&nbsp;\u00bb<br><\/strong>avec la troupe&nbsp;<a href=\"https:\/\/lesdidasskaly.wordpress.com\/\" target=\"_blank\" rel=\"noreferrer noopener\">Les Didas Skaly<em><br><\/em><\/a>en partenariat avec l\u2019association&nbsp;<a href=\"https:\/\/www.apcsdaix.fr\/\" target=\"_blank\" rel=\"noreferrer noopener\">APCSD<\/a><br>Espace Lamblin, Daix (<a href=\"https:\/\/www.google.com\/maps\/place\/APCSD+Espace+Lamblin+Daix\/@47.351503,4.9961481,17z\/data=!3m1!4b1!4m6!3m5!1s0x47ed635e82bae7ad:0x264c135793f36731!8m2!3d47.351503!4d4.998723!16s%2Fg%2F11s2th2276?entry=ttu&amp;g_ep=EgoyMDI1MTAyMi4wIKXMDSoASAFQAw%3D%3D\" target=\"_blank\" rel=\"noreferrer noopener\">acc\u00e8s<\/a>)<strong><br><\/strong>&gt; Voir l&rsquo;<a href=\"https:\/\/www.bienpublic.com\/culture-loisirs\/2025\/11\/21\/i-n-hesitez-pas-a-consulter-i-une-nouvelle-creation-des-didas-skaly\" target=\"_blank\" rel=\"noreferrer noopener\">Article du Bien Public<\/a>.<\/p>\n\n\n\n<p><strong>Du 1er<\/strong><strong>&nbsp;au 7 d\u00e9cembre 2025 : 3\u00e8me Semaine Dijonnaise des Handicaps &gt;&gt;&gt;<\/strong><\/p>\n\n\n\n<p><strong>&gt;&gt;&gt; Initiation \u00e0 l\u2019Histoire et aux bases de la Langue des Signes Fran\u00e7aise<\/strong><br>Tout Public pour qui souhaite s\u2019ouvrir \u00e0 une part essentielle de la Culture Sourde.<em><strong><br><\/strong>Tout Public, Accessible PMR et PMR avec Accompagnateur<\/em><strong><br>5 Ateliers au choix :<br>\u2013 Mardi 2 D\u00e9cembre : de 14h \u00e0 15h<br>\u2013 Mardi 2 D\u00e9cembre : de 15h30 \u00e0 16h30<br>\u2013 Mercredi 3 D\u00e9cembre : de 10h \u00e0 11h<br>\u2013 Vendredi 5 D\u00e9cembre : de 14h \u00e0 15h<br>\u2013 Vendredi 5 D\u00e9cembre : de 15h30 \u00e0 16h30<br><\/strong><strong><a href=\"https:\/\/www.alphaleo.fr\/\" target=\"_blank\" rel=\"noreferrer noopener\">AlphaL\u00e9o<\/a>, 7 rue de la Fontaine du Mail, Chen\u00f4ve&nbsp;(<a href=\"https:\/\/www.google.com\/maps\/place\/Alphal%C3%A9o+Chen%C3%B4ve\/@47.3006378,5.0109093,17z\/data=!3m1!4b1!4m6!3m5!1s0x47f29dd24fbb9925:0x7a47533a88a20c18!8m2!3d47.3006378!4d5.0109093!16s%2Fg%2F11sq_x774j?entry=ttu&amp;g_ep=EgoyMDI1MTExNy4wIKXMDSoASAFQAw%3D%3D\" target=\"_blank\" rel=\"noreferrer noopener\">acc\u00e8s<\/a>)<br>&gt; Inscriptions (places limit\u00e9es) : maxime.herdoin@gmail.com \/ 06 31 36 14 21 (SMS uniquement)<\/strong><\/p>\n\n\n\n<p><strong>&gt;&gt;&gt; Mercredi 3 D\u00e9cembre, de 14h30 \u00e0 16h : Conf\u00e9rence de Sensibilisation<br><\/strong>Maxime Herdoin et Blandine Languille, art-th\u00e9rapeutes travaillant tous les deux dans l\u2019Accessibilit\u00e9, vous pr\u00e9sentent la Surdit\u00e9, la Sant\u00e9 Mentale et les bienfaits de l\u2019art-th\u00e9rapie.<em><br>Tout Public, Accessible Handicap Auditif, Handicap Visuel (avec Chiens Guides), Handicap Mental, PMR et PMR avec Accompagnateur<\/em><strong><br>Salle Devosge, Dijon (<a href=\"https:\/\/www.google.com\/maps\/place\/Salle+Devosge\/@47.3247419,5.0345315,16z\/data=!3m1!4b1!4m6!3m5!1s0x47f29deef7491a5f:0xaddba42aa80e212f!8m2!3d47.3247419!4d5.0345315!16s%2Fg%2F1tfhfrxt?entry=ttu&amp;g_ep=EgoyMDI1MTExNy4wIKXMDSoASAFQAw%3D%3D\" target=\"_blank\" rel=\"noreferrer noopener\">acc\u00e8s<\/a>)<br>&gt; Inscriptions : maxime.herdoin@gmail.com \/ 06 44 67 07 17<\/strong><\/p>\n\n\n\n<p><strong>&gt;&gt;&gt; Samedi 6 D\u00e9cembre, de 14h30 \u00e0 16h30 : Atelier Familial de D\u00e9couverte de l\u2019Art-th\u00e9rapie<br><\/strong>Sur les \u00c9motions et les Couleurs, accompagn\u00e9 d\u2019une initiation ludique \u00e0 la Langue des Signes.<em><br><\/em>Aucune comp\u00e9tence artistique ou en langue des signes n\u2019est requise. Mat\u00e9riel fourni.<em><br><\/em>Avec Maxime Herdoin et Blandine Languille, art-th\u00e9rapeutes<br>Atelier permettant de renforcer les liens familiaux \u00e0 travers des activit\u00e9s communes, de d\u00e9couvrir de nouveaux modes de communication et d\u2019expression, de stimuler la cr\u00e9ativit\u00e9 et l\u2019expression \u00e9motionnelle de chaque membre de la Famille.<br>Cadre convivial et bienveillant. Rejoignez-nous pour un moment de partage et de d\u00e9couverte en Famille. Ensemble, donnons des couleurs \u00e0 nos \u00e9motions et apprenons \u00e0 communiquer autrement.<em><strong><br><\/strong>Tout Public, Accessible Handicap Mental, PMR et PMR avec Accompagnateur, Poussette, Enfants<\/em><strong><em><br><\/em>Tarif : 2\u20ac par personne<br><\/strong><strong>Salle Fran\u00e7ois Chambelland, Dijon&nbsp;(<a href=\"https:\/\/www.google.fr\/maps\/place\/Salle+Fran%C3%A7ois+Chambelland\/@47.3369622,5.0430782,17z\/data=!3m1!4b1!4m6!3m5!1s0x47f29df792ef8cc3:0xe1d8721268b39962!8m2!3d47.3369622!4d5.0456531!16s%2Fg%2F11bbrl36xh?entry=ttu\" target=\"_blank\" rel=\"noreferrer noopener\">acc\u00e8s<\/a>)<br>&gt; Inscriptions (places limit\u00e9es) : maxime.herdoin@gmail.com \/ 06 44 67 07 17<\/strong><\/p>\n\n\n\n<p><strong>D\u00e9cembre 2025 : Ateliers Cr\u00e9ativit\u00e9 *D\u00e9corations de No\u00ebl*<br>2 dates au choix (places limit\u00e9es), de 14h30 \u00e0 16h30 :<br><\/strong>\u2013 Centre Ambition Bien-\u00catre (5C rue Andr\u00e9 Malraux, Dijon,&nbsp;<a href=\"https:\/\/www.google.fr\/maps\/place\/5+Rue+Andr%C3%A9+Malraux,+21000+Dijon\/@47.3269782,5.0488305,17z\/data=!3m1!4b1!4m5!3m4!1s0x47f29de35ef8cfad:0x82f323029c65f79b!8m2!3d47.3269782!4d5.0510192\" target=\"_blank\" rel=\"noreferrer noopener\">acc\u00e8s<\/a>) : mercredi 17 et samedi 20<br><em>Des ateliers de groupe pour laisser libre cours \u00e0 votre cr\u00e9ativit\u00e9 !<br>Mat\u00e9riel fourni. Tout le monde est le bienvenue !<br>Accompagnement autour de propositions et de th\u00e8mes de d\u00e9corations, ou vous pouvez venir avec vos id\u00e9es et envies !<\/em><strong><br>&gt;&nbsp;Uniquement sur inscriptions&nbsp;(au minimum un jour \u00e0 l\u2019avance) : maxime.herdoin@gmail.com \/ 06 31 36 14 21 (SMS seulement)<\/strong><\/p>\n","protected":false},"excerpt":{"rendered":"<p>Chaque mois, de 14h30 \u00e0 16h30, \u00e0 Dijon :ATELIERS DECOUVERTE : Venez D\u00e9couvrir l\u2019Art-th\u00e9rapie !\u2013 Centre Ambition Bien-\u00catre (5C, rue Andr\u00e9 Malraux, Dijon,&nbsp;acc\u00e8s)&gt;&nbsp;Voir l\u2019Accueil&nbsp;ou l\u2019Agenda&nbsp;pour les datesInvitation \u00e0 l\u2019imaginaire et au symbolique ; Entretenir son bien-\u00eatre en (re)trouvant un \u00e9quilibre, une s\u00e9r\u00e9nit\u00e9, du temps et du plaisir pour soi ; Exploration de soi \u00e0 travers [&hellip;]<\/p>\n","protected":false},"author":4,"featured_media":0,"parent":968,"menu_order":11,"comment_status":"closed","ping_status":"closed","template":"","meta":{"footnotes":""},"class_list":["post-2560","page","type-page","status-publish","hentry"],"_links":{"self":[{"href":"https:\/\/www.maximeherdoin.com\/index.php?rest_route=\/wp\/v2\/pages\/2560","targetHints":{"allow":["GET"]}}],"collection":[{"href":"https:\/\/www.maximeherdoin.com\/index.php?rest_route=\/wp\/v2\/pages"}],"about":[{"href":"https:\/\/www.maximeherdoin.com\/index.php?rest_route=\/wp\/v2\/types\/page"}],"author":[{"embeddable":true,"href":"https:\/\/www.maximeherdoin.com\/index.php?rest_route=\/wp\/v2\/users\/4"}],"replies":[{"embeddable":true,"href":"https:\/\/www.maximeherdoin.com\/index.php?rest_route=%2Fwp%2Fv2%2Fcomments&post=2560"}],"version-history":[{"count":16,"href":"https:\/\/www.maximeherdoin.com\/index.php?rest_route=\/wp\/v2\/pages\/2560\/revisions"}],"predecessor-version":[{"id":2667,"href":"https:\/\/www.maximeherdoin.com\/index.php?rest_route=\/wp\/v2\/pages\/2560\/revisions\/2667"}],"up":[{"embeddable":true,"href":"https:\/\/www.maximeherdoin.com\/index.php?rest_route=\/wp\/v2\/pages\/968"}],"wp:attachment":[{"href":"https:\/\/www.maximeherdoin.com\/index.php?rest_route=%2Fwp%2Fv2%2Fmedia&parent=2560"}],"curies":[{"name":"wp","href":"https:\/\/api.w.org\/{rel}","templated":true}]}}