{"id":2635,"date":"2026-01-26T11:47:50","date_gmt":"2026-01-26T10:47:50","guid":{"rendered":"https:\/\/www.maximeherdoin.com\/?page_id=2635"},"modified":"2026-05-07T09:57:15","modified_gmt":"2026-05-07T08:57:15","slug":"2026-2","status":"publish","type":"page","link":"https:\/\/www.maximeherdoin.com\/?page_id=2635","title":{"rendered":"2026"},"content":{"rendered":"\n<p><strong>Chaque mois, de 14h30 \u00e0 16h30, \u00e0 Dijon :<br><em>ATELIERS DECOUVERTE : Venez D\u00e9couvrir l\u2019Art-th\u00e9rapie !<\/em><br>\u2013 Centre Ambition Bien-\u00catre (5C, rue Andr\u00e9 Malraux, Dijon,&nbsp;<a href=\"https:\/\/www.google.fr\/maps\/place\/5+Rue+Andr%C3%A9+Malraux,+21000+Dijon\/@47.3269782,5.0488305,17z\/data=!3m1!4b1!4m5!3m4!1s0x47f29de35ef8cfad:0x82f323029c65f79b!8m2!3d47.3269782!4d5.0510192\" target=\"_blank\" rel=\"noreferrer noopener\">acc\u00e8s<\/a>)<strong><br>&gt; <\/strong><\/strong>Voir l&rsquo;<a href=\"https:\/\/www.maximeherdoin.com\/\" target=\"_blank\" rel=\"noreferrer noopener\">Accueil<\/a> ou l&rsquo;<a href=\"https:\/\/www.maximeherdoin.com\/?page_id=535\" target=\"_blank\" rel=\"noreferrer noopener\">Agenda<\/a> pour les dates<strong><br><\/strong><em>Invitation \u00e0 l\u2019imaginaire et au symbolique ; Entretenir son bien-\u00eatre en (re)trouvant un \u00e9quilibre, une s\u00e9r\u00e9nit\u00e9, du temps et du plaisir pour soi ; Exploration de soi \u00e0 travers la cr\u00e9ativit\u00e9, dans le l\u00e2cher-prise ; Se (re)construire gr\u00e2ce \u00e0 l\u2019acte cr\u00e9atif ; Mise \u00e0 l\u2019\u00e9coute de ses envies, sentiments et sensations ; Accompagnement pour faire \u00e9merger, aller plus loin, Vivre Bien !<\/em><strong><br>&gt; Uniquement sur inscriptions&nbsp;(au minimum un jour \u00e0 l\u2019avance)<\/strong><\/p>\n\n\n\n<p><strong>Le Dimanche 11 Janvier 2026, \u00e0 15h : 3\u00e8me Repr\u00e9sentation publique du spectacle th\u00e9\u00e2tral \u00ab&nbsp;<em>N\u2019H\u00e9sitez Pas \u00c0 Consulter !<\/em>&nbsp;\u00bb<br><\/strong>avec la troupe&nbsp;<a href=\"https:\/\/lesdidasskaly.wordpress.com\/\" target=\"_blank\" rel=\"noreferrer noopener\">Les Didas Skaly<\/a><br>Salle Polyvalente, avenue de la Brenne, Sombernon (<a href=\"https:\/\/www.google.com\/maps\/place\/Salle+Polyvalente\/@47.3131758,4.7082364,17z\/data=!3m1!4b1!4m6!3m5!1s0x47f27f28d95dc9e7:0xa98f31e0e5f8658b!8m2!3d47.3131758!4d4.7108113!16s%2Fg%2F1w111jm8?entry=ttu&amp;g_ep=EgoyMDI1MTIwOS4wIKXMDSoASAFQAw%3D%3D\" target=\"_blank\" rel=\"noreferrer noopener\">acc\u00e8s<\/a>)<\/p>\n\n\n\n<p><strong>Le Vendredi 23 Janvier 2026, \u00e0 20h : 4\u00e8me Repr\u00e9sentation publique du spectacle th\u00e9\u00e2tral \u00ab&nbsp;<em>N\u2019H\u00e9sitez Pas \u00c0 Consulter !<\/em>&nbsp;\u00bb<br><\/strong>avec la troupe&nbsp;<a href=\"https:\/\/lesdidasskaly.wordpress.com\/\" target=\"_blank\" rel=\"noreferrer noopener\">Les Didas Skaly<em><br><\/em><\/a>en partenariat avec l\u2019association Sports et Loisirs Hautevilloise<br>Salle des F\u00eates, Hauteville-l\u00e8s-Dijon (<a href=\"https:\/\/www.google.com\/maps\/place\/SALLE+DES+F%C3%8ATES\/@47.3662285,4.9927192,17z\/data=!3m1!4b1!4m6!3m5!1s0x47ed632403c8fe4d:0x78600e7a5de81240!8m2!3d47.3662285!4d4.9952941!16s%2Fg%2F11gy7gpntw?entry=ttu&amp;g_ep=EgoyMDI1MTIwOS4wIKXMDSoASAFQAw%3D%3D\" target=\"_blank\" rel=\"noreferrer noopener\">acc\u00e8s<\/a>)<\/p>\n\n\n\n<p><strong>Le Samedi 7 F\u00e9vrier 2026, \u00e0 20h : 5\u00e8me Repr\u00e9sentation publique du spectacle th\u00e9\u00e2tral \u00ab&nbsp;<em>N\u2019H\u00e9sitez Pas \u00c0 Consulter !<\/em>&nbsp;\u00bb<br><\/strong>avec la troupe&nbsp;<a href=\"https:\/\/lesdidasskaly.wordpress.com\/\" target=\"_blank\" rel=\"noreferrer noopener\">Les Didas Skaly<\/a><br>MJC Montchapet, Dijon (<a href=\"https:\/\/www.google.com\/maps\/place\/MJC+Montchapet\/@47.3333378,5.0302593,16z\/data=!3m1!4b1!4m6!3m5!1s0x47f29df3b6f445ff:0xd2bd49f4ca5fe404!8m2!3d47.3333378!4d5.0328342!16s%2Fg%2F1v62g_k8?entry=ttu&amp;g_ep=EgoyMDI2MDEyMS4wIKXMDSoASAFQAw%3D%3D\" target=\"_blank\" rel=\"noreferrer noopener\">acc\u00e8s<\/a>)<\/p>\n\n\n\n<p><strong>F\u00e9vrier 2026 : Interventions pour des Ateliers Dessin Manga<\/strong><br>les 10, 13, 16, 17 et 18<br><em>Favoriser son expression propre. Travailler la concentration et la motricit\u00e9 fine.<\/em><br>Dijon<\/p>\n\n\n\n<p><strong>F\u00e9vrier 2026 : Ateliers Cr\u00e9ativit\u00e9 *Masque de Carnaval*<\/strong><br>2 dates au choix, de 14h30 \u00e0 16h30 (places limit\u00e9es) :<br><strong>\u2013<\/strong>&nbsp;Centre Ambition Bien-\u00catre (5C, rue Andr\u00e9 Malraux, Dijon,&nbsp;<a href=\"https:\/\/www.google.fr\/maps\/place\/5+Rue+Andr%C3%A9+Malraux,+21000+Dijon\/@47.3269782,5.0488305,17z\/data=!3m1!4b1!4m5!3m4!1s0x47f29de35ef8cfad:0x82f323029c65f79b!8m2!3d47.3269782!4d5.0510192\" target=\"_blank\" rel=\"noreferrer noopener\">acc\u00e8s<\/a>), mercredi 11 et samedi 14<br><em>Des ateliers de groupe pour laisser libre cours \u00e0 votre cr\u00e9ativit\u00e9 !<br>Mat\u00e9riel fourni. Tout le monde est le bienvenue !<\/em><br><strong>&gt;<\/strong>&nbsp;<strong>Uniquement sur inscriptions<\/strong>&nbsp;(au minimum un jour \u00e0 l\u2019avance) : maxime.herdoin@gmail.com \/ 06 31 36 14 21 (SMS seulement)<\/p>\n\n\n\n<p><strong>Le Samedi 28 F\u00e9vrier 2026, \u00e0 20h : 6\u00e8me Repr\u00e9sentation publique du spectacle th\u00e9\u00e2tral \u00ab&nbsp;<em>N\u2019H\u00e9sitez Pas \u00c0 Consulter !<\/em>&nbsp;\u00bb<br><\/strong>avec la troupe&nbsp;<a href=\"https:\/\/lesdidasskaly.wordpress.com\/\" target=\"_blank\" rel=\"noreferrer noopener\">Les Didas Skaly<\/a><br>La Maison Maladi\u00e8re, Dijon (<a href=\"https:\/\/www.google.com\/maps\/place\/La+Maison+Maladi%C3%A8re+%7C+MJC-Centre+social\/@47.3409382,5.0445706,16z\/data=!3m2!4b1!5s0x47ed620883cc5871:0x24baa68645e6fdad!4m6!3m5!1s0x47ed62088205640b:0xf1a7918b54e0e928!8m2!3d47.3409382!4d5.0471455!16s%2Fg%2F1th7m6yl?entry=ttu&amp;g_ep=EgoyMDI2MDEyMS4wIKXMDSoASAFQAw%3D%3D\" target=\"_blank\" rel=\"noreferrer noopener\">acc\u00e8s<\/a>)<\/p>\n\n\n\n<p><strong>Mars 2026 : Ateliers Cr\u00e9ativit\u00e9 *\u0152ufs de P\u00e2ques*<\/strong><br>2 dates au choix, de 14h30 \u00e0 16h30 (places limit\u00e9es) :<br><strong>\u2013<\/strong>&nbsp;Centre Ambition Bien-\u00catre (5C, rue Andr\u00e9 Malraux, Dijon,&nbsp;<a href=\"https:\/\/www.google.fr\/maps\/place\/5+Rue+Andr%C3%A9+Malraux,+21000+Dijon\/@47.3269782,5.0488305,17z\/data=!3m1!4b1!4m5!3m4!1s0x47f29de35ef8cfad:0x82f323029c65f79b!8m2!3d47.3269782!4d5.0510192\" target=\"_blank\" rel=\"noreferrer noopener\">acc\u00e8s<\/a>), samedi 21 et mercredi 25<br><em>Des ateliers de groupe pour laisser libre cours \u00e0 votre cr\u00e9ativit\u00e9 !<br>Mat\u00e9riel fourni. Tout le monde est le bienvenue !<\/em><br><strong>&gt;<\/strong>&nbsp;<strong>Uniquement sur inscriptions<\/strong>&nbsp;(au minimum un jour \u00e0 l\u2019avance) : maxime.herdoin@gmail.com \/ 06 31 36 14 21 (SMS seulement)<\/p>\n\n\n\n<p><strong>Le Samedi 25 Avril 2026, de 14h \u00e0 18h : 19\u00e8me \u00e9dition de la journ\u00e9e\u00a0<a href=\"https:\/\/www.dijon.fr\/actualites\/jouons-de-nos-differences\/\" target=\"_blank\" rel=\"noreferrer noopener\">Jouons de nos Diff\u00e9rences<\/a><em><br><\/em><\/strong><em>Animation : Inspiration Land Art \u00c9ph\u00e9m\u00e8re<br>Venez passer un moment dans une bulle hors du temps pour cr\u00e9er une composition \u00e0 partir d\u2019\u00e9l\u00e9ments fournis par la Nature.<br>Un atelier d\u2019art-th\u00e9rapie pour exp\u00e9rimenter votre cr\u00e9ativit\u00e9 d\u2019une nouvelle mani\u00e8re et pour vous sensibiliser aux handicaps manuels et invisibles (psychiques, sensoriels, troubles cognitifs, affections de longue dur\u00e9e\u2026)<\/em><br>Avec Maxime Herdoin,\u00a0<a href=\"https:\/\/www.facebook.com\/profile.php?id=100089200194677\" target=\"_blank\" rel=\"noreferrer noopener\">Pauline Brullez<\/a>, et Isabelle Groult (<a href=\"https:\/\/www.facebook.com\/people\/Ulir-LAtelier-des-Dragons\/100063928388498\/\" target=\"_blank\" rel=\"noreferrer noopener\">L\u2019Atelier des Dragons<\/a>), art-th\u00e9rapeutes<br>En partenariat avec la Mission Handicap du Centre Communal d\u2019Action Sociale et la ville de Dijon<br>Parc de la Colombi\u00e8re, Dijon (<a href=\"https:\/\/www.google.fr\/maps\/place\/Parc+de+la+Colombi%C3%A8re\/@47.3001392,5.0471567,15z\/data=!4m5!3m4!1s0x0:0xfe895718eb9c8f73!8m2!3d47.3001392!4d5.0471567\" target=\"_blank\" rel=\"noreferrer noopener\">acc\u00e8s<\/a>)<br>>\u00a0Voir l&rsquo;<a href=\"https:\/\/www.bienpublic.com\/societe\/2026\/04\/27\/un-apres-midi-sous-le-signe-de-l-inclusion-et-du-partage\" target=\"_blank\" rel=\"noreferrer noopener\">Article du Bien Public<\/a><\/p>\n","protected":false},"excerpt":{"rendered":"<p>Chaque mois, de 14h30 \u00e0 16h30, \u00e0 Dijon :ATELIERS DECOUVERTE : Venez D\u00e9couvrir l\u2019Art-th\u00e9rapie !\u2013 Centre Ambition Bien-\u00catre (5C, rue Andr\u00e9 Malraux, Dijon,&nbsp;acc\u00e8s)&gt; Voir l&rsquo;Accueil ou l&rsquo;Agenda pour les datesInvitation \u00e0 l\u2019imaginaire et au symbolique ; Entretenir son bien-\u00eatre en (re)trouvant un \u00e9quilibre, une s\u00e9r\u00e9nit\u00e9, du temps et du plaisir pour soi ; Exploration de [&hellip;]<\/p>\n","protected":false},"author":4,"featured_media":0,"parent":968,"menu_order":12,"comment_status":"closed","ping_status":"closed","template":"","meta":{"footnotes":""},"class_list":["post-2635","page","type-page","status-publish","hentry"],"_links":{"self":[{"href":"https:\/\/www.maximeherdoin.com\/index.php?rest_route=\/wp\/v2\/pages\/2635","targetHints":{"allow":["GET"]}}],"collection":[{"href":"https:\/\/www.maximeherdoin.com\/index.php?rest_route=\/wp\/v2\/pages"}],"about":[{"href":"https:\/\/www.maximeherdoin.com\/index.php?rest_route=\/wp\/v2\/types\/page"}],"author":[{"embeddable":true,"href":"https:\/\/www.maximeherdoin.com\/index.php?rest_route=\/wp\/v2\/users\/4"}],"replies":[{"embeddable":true,"href":"https:\/\/www.maximeherdoin.com\/index.php?rest_route=%2Fwp%2Fv2%2Fcomments&post=2635"}],"version-history":[{"count":8,"href":"https:\/\/www.maximeherdoin.com\/index.php?rest_route=\/wp\/v2\/pages\/2635\/revisions"}],"predecessor-version":[{"id":2672,"href":"https:\/\/www.maximeherdoin.com\/index.php?rest_route=\/wp\/v2\/pages\/2635\/revisions\/2672"}],"up":[{"embeddable":true,"href":"https:\/\/www.maximeherdoin.com\/index.php?rest_route=\/wp\/v2\/pages\/968"}],"wp:attachment":[{"href":"https:\/\/www.maximeherdoin.com\/index.php?rest_route=%2Fwp%2Fv2%2Fmedia&parent=2635"}],"curies":[{"name":"wp","href":"https:\/\/api.w.org\/{rel}","templated":true}]}}