{"id":320,"date":"2015-02-13T15:15:37","date_gmt":"2015-02-13T14:15:37","guid":{"rendered":"http:\/\/www.maximeherdoin.com\/?page_id=320"},"modified":"2025-12-05T07:18:35","modified_gmt":"2025-12-05T06:18:35","slug":"mediation-artistique-pour-sourds-malentendants-entendants","status":"publish","type":"page","link":"https:\/\/www.maximeherdoin.com\/?page_id=320","title":{"rendered":"Accessibilit\u00e9 aux Surdit\u00e9s"},"content":{"rendered":"<div class=\"ezcol ezcol-one-half\">Je propose des <strong>ateliers Accessibles aux Sourds et aux Malentendants<\/strong> car l&rsquo;\u00eatre humain est un \u00eatre dou\u00e9 de langage (quel qu&rsquo;il soit), avec son besoin inali\u00e9nable de s&rsquo;exprimer. Et justement l&rsquo;art-th\u00e9rapie est un outil d&rsquo;aide \u00e0 l&rsquo;expression (quelle que soit sa nature).<\/p>\n<p>Mes ateliers sont \u00e9galement destin\u00e9s aux entendants, car l\u2019<strong>art-th\u00e9rapie est ouverte \u00e0 TOUT LE MONDE<\/strong>.<br \/>\n<strong>Je travaille pour le -faire ensemble-.<\/strong><\/div>\n<div class=\"ezcol ezcol-one-half ezcol-last\">En tant qu&rsquo;art-th\u00e9rapeute, mes ateliers s&rsquo;inscrivent dans une Cr\u00e9ative Citoyennet\u00e9, en ce sens qu&rsquo;<b>ils sont ouverts \u00e0 TOUT PUBLIC et accessibles \u00e0 tout handicap<\/b>, physique, sensoriel ou psychique. Ils sont couramment ouverts aux Sourds et aux Malentendants.<br \/>\nCar Citoyennet\u00e9 rime avec Humanit\u00e9, elle se construit ensemble, au pr\u00e9sent, dans le respect, la rencontre et la reconnaissance de chacun et ici, gr\u00e2ce \u00e0 la cr\u00e9ativit\u00e9.<br \/>\nJe travaille pour le -faire ensemble- : composer ensemble avec chacun notre singularit\u00e9, s&rsquo;exprimer autrement, franchir les barri\u00e8res, se d\u00e9couvrir soi et d\u00e9couvrir l&rsquo;autre, et l&rsquo;Autre (\u00ab\u00a0Je est un Autre\u00a0\u00bb).<\/div><div class=\"ezcol-divider\"><\/div>\n<hr \/>\n<h1>Pour d\u00e9velopper :<\/h1>\n<div class=\"ezcol ezcol-one-half\">La surdit\u00e9 peut \u00eatre vue (\u00e0 tort) comme une barri\u00e8re communicationnelle. Si on prend cette image, <strong>c\u2019est une barri\u00e8re qui se franchit au minimum \u00e0 deux.<br \/>\n<\/strong>\u00c9tant Malentendant, je suis parfaitement apte \u00e0 travailler avec une personne entendante, tant que cette personne est apte \u00e0 franchir cette barri\u00e8re avec moi. Et jusque l\u00e0, \u00e7a n\u2019a jamais pr\u00e9sent\u00e9 de probl\u00e8me.<br \/>\nJ\u2019entends, j\u2019\u00e9coute, je comprends, je parle et je signe.<\/p>\n<p>Quelques chiffres en France : 6 millions de personnes atteintes de surdit\u00e9.<br \/>\nLa moiti\u00e9 de ces personnes voient des r\u00e9percussions sur leur vie quotidienne et le tiers d&rsquo;entre elles se font aider par leur entourage ou des professionnels pour des actes de la vie courante.<br \/>\n70% ont un parcours scolaire (de 6 \u00e0 18 ans) en classe ordinaire (non adapt\u00e9e).<br \/>\nEnviron 1% pratique la Langue des Signes.<br \/>\nEnviron 20% sont \u00e9quip\u00e9s d&rsquo;un appareillage auditif.<br \/>\nEnviron 16% ont une reconnaissance administrative de leur handicap.<br \/>\nEnviron 10% touchent une pension d&rsquo;invalidit\u00e9 (ou AAH).<br \/>\nPlus de 50% des personnes atteintes de surdit\u00e9 grave n&rsquo;ont pas d&rsquo;acc\u00e8s \u00e0 l&rsquo;Emploi.<br \/>\nDepuis 2005, la Loi fran\u00e7aise reconnait la Langue des Signes comme Langue \u00e0 part enti\u00e8re.<br \/>\nDepuis 2008, la Langue des Signes est une option au baccalaur\u00e9at.<\/div>\n<div class=\"ezcol ezcol-one-half ezcol-last\">Je le constate tous les jours : une majorit\u00e9 n&rsquo;int\u00e8gre pas la possibilit\u00e9 de notre existence (pourtant bien r\u00e9elle) dans la sienne. Et ce, que ce soit parmi nos proches ou en soci\u00e9t\u00e9.<\/p>\n<p>Dans un tel contexte, comment une personne assume sa surdit\u00e9 ou sa malentendance s&rsquo;il lui est pos\u00e9e, par le manque d&rsquo;accessibilit\u00e9 ou juste de reconnaissance, des barri\u00e8res communicationnelles et sociales, comment va-t-elle pouvoir s&rsquo;impliquer dans une soci\u00e9t\u00e9 qui lui est encore trop peu adapt\u00e9e et ne la prend pas suffisamment en compte. De fa\u00e7on g\u00e9n\u00e9rale, comment se sent-on face \u00e0 une majorit\u00e9 sociale encore trop indiff\u00e9rente.<\/p>\n<p>Les Sourds ne doivent pas \u00eatre consid\u00e9r\u00e9s comme sous-citoyens.<\/p>\n<p>Il est important de dire, en toute simplicit\u00e9, l&rsquo;existence des Sourds et Malentendants<br \/>\nexistence qui n&rsquo;a rien de parall\u00e8le<br \/>\nexistence qu&rsquo;il faut banaliser, sans jamais chercher \u00e0 normaliser<br \/>\nIl faut le dire et le faire <strong>ensemble<\/strong>.<\/div><div class=\"ezcol-divider\"><\/div>\n<hr \/>\n<h1>Allons plus loin :<\/h1>\n<div class=\"ezcol ezcol-one-half\">M\u00eame un Sourd peut entendre. D\u00e9j\u00e0 les sons sont des vibrations de l\u2019air, on peut percevoir ces vibrations. Moi-m\u00eame, j\u2019y suis tr\u00e8s sensible. Il existe nombre de compositeurs et de musiciens Sourds. Ensuite, il y a toute une panoplie d\u2019appareillages auditifs (sachant que c&rsquo;est un droit de ne pas souhaiter \u00eatre appareill\u00e9). Il y a aussi la lecture labiale.<\/p>\n<p>La surdit\u00e9 n&rsquo;est pas uniforme. Par exemple, certains Malentendants entendent toujours tout MAIS ne comprennent pas forc\u00e9ment. C\u2019est l\u00e0 qu\u2019est la diff\u00e9rence : une personne entendante, les sons qu\u2019elle entend, les mots qu\u2019on lui dit, tout cela est compris automatiquement. Tandis que chez certains Malentendants, \u00e7a n\u2019est pas automatique, on doit parfois avoir le r\u00e9flexe de d\u00e9coder pour pouvoir comprendre. L&rsquo;environnement sonore peut alors entrer en compte (l&rsquo;acoustique d&rsquo;une pi\u00e8ce ou le bruit).<\/p>\n<p>Mais \u00e7a n\u2019est pas le cas de TOUS les Malentendants, certains ne sont pas du tout g\u00ean\u00e9s. Il n&rsquo;y a pas qu&rsquo;UNE surdit\u00e9, mais nombre de diff\u00e9rents degr\u00e9s et tout autant de variations pour entendre, comprendre, communiquer. C\u2019est une question d\u2019adaptation \u00e0 chaque fois. <strong>Et cela devrait toujours \u00eatre au plus grand nombre de s\u2019adapter \u00e0 la personne qui a un handicap et non l\u2019inverse.<\/strong><\/p>\n<p>En cons\u00e9quence, certaines personnes atteintes de surdit\u00e9 sont contraintes de s&rsquo;adapter, trop parfois, car pour comprendre\/entendre, \u00e7a d\u00e9pend toujours d\u2019un ensemble de choses : la voix de la personne, son timbre, ses intonations, son accent s&rsquo;il y en a, \u00e7a d\u00e9pend si elle nous regarde quand elle parle, quand la lecture labiale est utilis\u00e9e, \u00e7a d\u00e9pend de l\u2019endroit o\u00f9 elle parle, si c\u2019est en ext\u00e9rieur, et s\u2019il y a beaucoup de bruit autour, si c\u2019est en int\u00e9rieur, et si l\u2019acoustique de la pi\u00e8ce est bonne ou pas, etc&#8230;<\/div>\n<div class=\"ezcol ezcol-one-half ezcol-last\">\u00c7a en fait des choses \u00e0 prendre en compte ! M\u00eame si de notre c\u00f4t\u00e9, on peut prendre l&rsquo;habitude par n\u00e9cessit\u00e9, mais d\u00e8s qu\u2019on demande \u00e0 une personne entendante,<br \/>\n\u00ab Pouvez-vous r\u00e9p\u00e9ter svp ? \u00bb,<br \/>\n\u00ab Pouvez-vous me regarder quand vous parlez, svp ? \u00bb,<br \/>\n\u00ab Pouvez-vous parler moins vite, svp ? \u00bb,<br \/>\nou qu&rsquo;on lui r\u00e9pond en Langue des Signes,<br \/>\nl\u00e0, \u00e7a peut la perturber, car elle, elle n&rsquo;a pas l&rsquo;habitude, elle ne sait pas. Alors \u00e0 ce moment-l\u00e0, on est un peu oblig\u00e9 de pr\u00e9ciser \u00ab c\u2019est parce que je suis Sourd \/ Malentendant \u00bb.<\/p>\n<p>Or, on n\u2019a pas forc\u00e9ment envie d\u2019\u00eatre per\u00e7u comme \u00ab diff\u00e9rent \u00bb, ou de se voir coller sur le front une \u00e9tiquette \u00e0 laquelle on ne peut \u00eatre r\u00e9duit : \u00ab Je suis diff\u00e9rent donc traitez-moi diff\u00e9remment \u00bb. <strong>Un individu \u00e0 part enti\u00e8re ne peut, en aucun cas, \u00eatre r\u00e9duit \u00e0 un handicap.<\/strong><\/p>\n<p>Nous avons le droit (ou devrions l&rsquo;avoir) d&rsquo;\u00eatre trait\u00e9 comme n&rsquo;importe quel citoyen.<br \/>\nL&rsquo;Accessibilit\u00e9 et la diversit\u00e9 sont deux valeurs inh\u00e9rentes \u00e0 mon identit\u00e9, sur le plan personnel et professionnel.<br \/>\nIl faut inclure, \u00e9duquer, valoriser plut\u00f4t qu&rsquo;isoler ; il faut composer tous ensemble, apprendre les uns des autres, se rencontrer en toute simplicit\u00e9 et authenticit\u00e9. Les diff\u00e9rences ne sont pas une barri\u00e8re mais une source in\u00e9puisable de richesse.<\/div><div class=\"ezcol-divider\"><\/div>\n<hr \/>\n<div class=\"ezcol ezcol-one-half\">Retrouvez-moi dans l&rsquo;<strong><a href=\"https:\/\/annuaire.mood.asso.fr\/\" target=\"_blank\" rel=\"noopener noreferrer\">Annuaire Surdit\u00e9 Bourgogne \/ Franche-Comt\u00e9 DijonSourds<\/a><\/strong>.<\/p>\n<p>Retrouvez-moi sur YouTube dans des vid\u00e9os sous-titr\u00e9es : <a href=\"https:\/\/www.youtube.com\/watch?v=H6wQ7jHF11M\" target=\"_blank\" rel=\"noopener\"><strong>Pr\u00e9sentation de l&rsquo;Art-th\u00e9rapie &#8211; Dijon<\/strong><\/a>\u00a0et <a href=\"https:\/\/www.youtube.com\/watch?v=gy5Vlxbp3GE\" target=\"_blank\" rel=\"noopener\"><strong>Atelier Art-th\u00e9rapie &#8211; Dijon<\/strong><\/a>.<\/p>\n<p>Je suis <strong>partenaire<\/strong> du <strong><a href=\"http:\/\/www.semeia-bar.com\/\" target=\"_blank\" rel=\"noopener\">Semeia Bar<\/a><\/strong>, bar \u00e0 signes culturel, et b\u00e9n\u00e9vole pour l&rsquo;<strong><a href=\"http:\/\/www.mood.asso.fr\/\" target=\"_blank\" rel=\"noopener\">association MOOD<\/a><\/strong> (la Main, l&rsquo;Oreille et l&rsquo;\u0152il de Dijon).<\/p>\n<p>J&rsquo;ai anim\u00e9 <a href=\"https:\/\/www.facebook.com\/groups\/871722004708286\" target=\"_blank\" rel=\"noopener\"><strong>SIGN&rsquo;O&rsquo;R\u00c9ZO<\/strong><\/a>, un atelier hebdomadaire d\u2019initiation \u00e0 la <strong>Langue des Signes<\/strong> \u2013 Tout Public &#8211; \u00e0 l&rsquo;<a href=\"https:\/\/rezofetart.com\/\" target=\"_blank\" rel=\"noreferrer noopener\">Association R\u00e9zo\u2019F\u00eat\u2019Art<\/a>, Dijon, dont je suis membre actif. Depuis, j&rsquo;anime ces ateliers en \u00e9v\u00e8nementiel ou en local sur rendez-vous.<\/p>\n<p>Je propose des ateliers d&rsquo;expression cr\u00e9ative autour de la danse et des arts plastiques. Tout Public et accessible aux Malentendants ; temps de cr\u00e9ativit\u00e9, de mise en mouvement dans des effets corporels et jeux de danse conduisant \u00e0 l\u2019expression commune et individuelle dans la mati\u00e8re picturale.<\/p>\n<p>Je fais des <a href=\"http:\/\/fr.calameo.com\/read\/004313133ebf2a35730cb\" target=\"_blank\" rel=\"noopener\">interventions<\/a> en milieu scolaire et \u00e9ducatif (\u00e9coles maternelles, primaires, <strong><a href=\"http:\/\/www.pep21.fr\/\" target=\"_blank\" rel=\"noopener\">PEP21<\/a><\/strong>&#8230;) pour animer des ateliers d&rsquo;expression plastique et corporelle autour de la surdit\u00e9 et de la langue des signes, afin de proposer une d\u00e9couverte et un investissement dans de nouveaux moyens d&rsquo;expression personnelle et collective.<\/p>\n<p>Je participe notamment et r\u00e9guli\u00e8rement \u00e0 la journ\u00e9e annuelle <strong><a href=\"http:\/\/jdnd.mood.asso.fr\/\" target=\"_blank\" rel=\"noopener\">Jouons de nos Diff\u00e9rences<\/a><\/strong> (organis\u00e9e par le P\u00f4le Handicap du CCAS et la ville de Dijon) o\u00f9 j&rsquo;ai commenc\u00e9 par animer le Caf\u00e9-Signes du <a href=\"http:\/\/www.semeia-bar.com\/\" target=\"_blank\" rel=\"noopener\">Semeia Bar<\/a> et de l&rsquo;<a href=\"http:\/\/www.mood.asso.fr\/\" target=\"_blank\" rel=\"noopener\">Association MOOD<\/a>, puis mon animation <em>Expression Cr\u00e9ative pour un Mieux-Etre<\/em> et <em>Peintures d&rsquo;Emotions<\/em>.<\/div>\n<div class=\"ezcol ezcol-one-half ezcol-last\">Je r\u00e9alise des conf\u00e9rences et sensibilisations autour de la Surdit\u00e9 et la Langue des Signes lors d&rsquo;\u00e9v\u00e8nements (Salons Bien-Etre, Semaine des Handicaps, Journ\u00e9es de Sensibilisation aux Handicaps&#8230;) et \u00e0 plusieurs reprises au <a href=\"http:\/\/www.semeia-bar.com\/\" target=\"_blank\" rel=\"noopener\">Semeia Bar<\/a>,<br \/>\no\u00f9 j&rsquo;anime des ateliers Tout Public depuis f\u00e9vrier 2015.<\/p>\n<p>Je participe \u00e9galement \u00e0 des meetings et r\u00e9unions, comme, par exemple, pour Allianz, compagnie d&rsquo;assurance mondiale, pr\u00e9sentant, pour la premi\u00e8re fois, leur Solution Contact en Langue des Signes,<br \/>\nou la pr\u00e9sentation et le soutien du magazine <strong><a href=\"http:\/\/www.art-pi.fr\/\" target=\"_blank\" rel=\"noopener\">Art&rsquo;Pi<\/a><\/strong>, unique magazine national sur l&rsquo;art et la culture pour les sourds, dans le monde,<br \/>\nle soutien de l&rsquo;unique mus\u00e9e, en France, de l&rsquo;Histoire et de la Culture des Sourds, \u00e0 Louhans,<br \/>\npr\u00e9sentation de l&rsquo;application <a href=\"http:\/\/www.rogervoice.com\/\" target=\"_blank\" rel=\"noopener\">RogerVoice<\/a>,<br \/>\nfr\u00e9quemment, des sensibilisations telles que \u00ab\u00a0Musique et Surdit\u00e9s\u00a0\u00bb, \u00ab\u00a0Comment comprendre les diff\u00e9rentes facettes des surdit\u00e9s\u00a0\u00bb, des initiations \u00e0 la Langue des Signes Fran\u00e7aise (LSF) et au Langage Parl\u00e9 Compl\u00e9t\u00e9 (LPC)&#8230;<br \/>\nEt m\u00eame des cours de tai-chi chuan accessibles aux handicap\u00e9s et aux sourds et malentendants.<\/p>\n<p>L&rsquo;ensemble de mes ateliers et interventions est accessible, quel qu&rsquo;en soit le cadre.<\/div><div class=\"ezcol-divider\"><\/div>\n<hr \/>\n<p><a href=\"http:\/\/www.maximeherdoin.com\/wp-content\/uploads\/2015\/02\/visuel-accessibilit\u00e9-tout-public-copie.jpg\"><img loading=\"lazy\" decoding=\"async\" class=\"aligncenter size-large wp-image-1091\" src=\"http:\/\/www.maximeherdoin.com\/wp-content\/uploads\/2015\/02\/visuel-accessibilit\u00e9-tout-public-copie-1024x829.jpg\" alt=\"\" width=\"625\" height=\"506\" srcset=\"https:\/\/www.maximeherdoin.com\/wp-content\/uploads\/2015\/02\/visuel-accessibilit\u00e9-tout-public-copie-1024x829.jpg 1024w, https:\/\/www.maximeherdoin.com\/wp-content\/uploads\/2015\/02\/visuel-accessibilit\u00e9-tout-public-copie-300x243.jpg 300w, https:\/\/www.maximeherdoin.com\/wp-content\/uploads\/2015\/02\/visuel-accessibilit\u00e9-tout-public-copie-768x622.jpg 768w, https:\/\/www.maximeherdoin.com\/wp-content\/uploads\/2015\/02\/visuel-accessibilit\u00e9-tout-public-copie-624x505.jpg 624w, https:\/\/www.maximeherdoin.com\/wp-content\/uploads\/2015\/02\/visuel-accessibilit\u00e9-tout-public-copie.jpg 1452w\" sizes=\"auto, (max-width: 625px) 100vw, 625px\" \/><\/a><\/p>\n","protected":false},"excerpt":{"rendered":"<p>Pour d\u00e9velopper : Allons plus loin :<\/p>\n","protected":false},"author":4,"featured_media":0,"parent":7,"menu_order":0,"comment_status":"closed","ping_status":"open","template":"","meta":{"footnotes":""},"class_list":["post-320","page","type-page","status-publish","hentry"],"_links":{"self":[{"href":"https:\/\/www.maximeherdoin.com\/index.php?rest_route=\/wp\/v2\/pages\/320","targetHints":{"allow":["GET"]}}],"collection":[{"href":"https:\/\/www.maximeherdoin.com\/index.php?rest_route=\/wp\/v2\/pages"}],"about":[{"href":"https:\/\/www.maximeherdoin.com\/index.php?rest_route=\/wp\/v2\/types\/page"}],"author":[{"embeddable":true,"href":"https:\/\/www.maximeherdoin.com\/index.php?rest_route=\/wp\/v2\/users\/4"}],"replies":[{"embeddable":true,"href":"https:\/\/www.maximeherdoin.com\/index.php?rest_route=%2Fwp%2Fv2%2Fcomments&post=320"}],"version-history":[{"count":144,"href":"https:\/\/www.maximeherdoin.com\/index.php?rest_route=\/wp\/v2\/pages\/320\/revisions"}],"predecessor-version":[{"id":2626,"href":"https:\/\/www.maximeherdoin.com\/index.php?rest_route=\/wp\/v2\/pages\/320\/revisions\/2626"}],"up":[{"embeddable":true,"href":"https:\/\/www.maximeherdoin.com\/index.php?rest_route=\/wp\/v2\/pages\/7"}],"wp:attachment":[{"href":"https:\/\/www.maximeherdoin.com\/index.php?rest_route=%2Fwp%2Fv2%2Fmedia&parent=320"}],"curies":[{"name":"wp","href":"https:\/\/api.w.org\/{rel}","templated":true}]}}