{"id":325,"date":"2015-02-13T15:20:49","date_gmt":"2015-02-13T14:20:49","guid":{"rendered":"http:\/\/www.maximeherdoin.com\/?page_id=325"},"modified":"2023-08-29T20:30:56","modified_gmt":"2023-08-29T19:30:56","slug":"parcours","status":"publish","type":"page","link":"https:\/\/www.maximeherdoin.com\/?page_id=325","title":{"rendered":"S\u00e9ances &#038; Ateliers Tout Public"},"content":{"rendered":"<div class=\"ezcol ezcol-one-half\">Mes ateliers sont tout public et s&rsquo;inscrivent dans une recherche de mieux-\u00eatre gr\u00e2ce \u00e0 la cr\u00e9ativit\u00e9.<br \/>\nL&rsquo;id\u00e9e n&rsquo;est pas de faire de l&rsquo;art mais plut\u00f4t de s&rsquo;exprimer, se d\u00e9couvrir, s&rsquo;accomplir, se dire&#8230; par le potentiel de cr\u00e9ativit\u00e9, par l&rsquo;imaginaire et le l\u00e2cher prise.<br \/>\nL&rsquo;objectif est de communiquer avec soi-m\u00eame et avec autrui, mettre des mots sur les maux pour les surmonter, formuler ce qui est \u00e0 l&rsquo;int\u00e9rieur pour se sentir bien en ext\u00e9rieur, \u00e9quilibrer l&rsquo;interne et l&rsquo;externe, projeter et symboliser quelque chose de soi dans la mati\u00e8re puis amener \u00e0 la prise de conscience par l&rsquo;exploration, redonner du mouvement, r\u00e9aliser ses d\u00e9sirs pour les vivre, \u0153uvrer \u00e0 son plein \u00e9panouissement.<\/p>\n<p>Le d\u00e9roulement : apr\u00e8s un temps d&rsquo;accueil essentiel, je propose un sujet ou un th\u00e8me. Il s&rsquo;agit de se l&rsquo;approprier et se mettre \u00e0 l&rsquo;ouvrage, selon ses envies et ses ressentis. Puis temps de parole et d&rsquo;\u00e9change, invitation \u00e0 pr\u00e9senter ce qui a \u00e9t\u00e9 fait, \u00e0 partager ce qui s&rsquo;est pass\u00e9.<\/div>\n<div class=\"ezcol ezcol-one-half ezcol-last\">Je suis pr\u00e9sent, du d\u00e9but \u00e0 la fin des ateliers, pour accompagner, \u00e9couter, s&rsquo;entretenir, discuter, partager, faire que quelque chose \u00e9merge et aller plus loin.<\/p>\n<p>Tout a lieu dans le respect et la confidentialit\u00e9.<br \/>\nLe mat\u00e9riel est fourni.<\/p>\n<p>&gt; <a href=\"https:\/\/www.maximeherdoin.com\/?page_id=7\">En savoir plus sur l&rsquo;Art-th\u00e9rapie<\/a><\/p>\n<p>&gt; quelques <a href=\"http:\/\/www.maximeherdoin.com\/?page_id=784\">T\u00e9moignages<\/a><\/p>\n<p>&gt; voir l&rsquo;<a href=\"http:\/\/www.maximeherdoin.com\/?page_id=535\" target=\"_blank\" rel=\"noopener noreferrer\">Agenda<\/a> pour les dates et l&rsquo;acc\u00e8s des ateliers. Pour vous inscrire, \u00e0 tout moment, vous pouvez me contacter par mail, SMS (<a href=\"http:\/\/www.maximeherdoin.com\/?page_id=13\" target=\"_blank\" rel=\"noopener noreferrer\">Contact<\/a>) ou via <a href=\"https:\/\/www.facebook.com\/maxime.herdoin.art.therapie\/timeline?ref=page_internal\">ma Page Facebook<\/a>.<\/div><div class=\"ezcol-divider\"><\/div>\n<hr \/>\n<div class=\"ezcol ezcol-one-half\">&gt; <strong>J&rsquo;anime r\u00e9guli\u00e8rement, sur Dijon, des ateliers de m\u00e9diation artistique, des s\u00e9ances et suivis en art-th\u00e9rapie, en groupe et en individuel, toujours sur inscriptions<\/strong> :<\/p>\n<p>&gt; au <a href=\"https:\/\/www.ambition-bien-etre.fr\/\" target=\"_blank\" rel=\"noopener noreferrer\"><strong>centre Ambition Bien-\u00catre<\/strong><\/a><br \/>\nau <a href=\"https:\/\/www.google.fr\/maps\/place\/5+Rue+Andr%C3%A9+Malraux,+21000+Dijon\/@47.3269782,5.0488305,17z\/data=!3m1!4b1!4m5!3m4!1s0x47f29de35ef8cfad:0x82f323029c65f79b!8m2!3d47.3269782!4d5.0510192\" target=\"_blank\" rel=\"noopener noreferrer\">5C, rue Andr\u00e9 Malraux<\/a><\/p>\n<p>Les m\u00e9dias propos\u00e9s sont, en fonction des ateliers :<br \/>\nou les arts plastiques pour l&rsquo;expression picturale et dans la mati\u00e8re,<br \/>\nou la danse et le chant pour l&rsquo;expression corporelle et vocale,<br \/>\nou l&rsquo;\u00e9criture.<br \/>\n<\/div>\n<div class=\"ezcol ezcol-one-half ezcol-last\">Voir <a href=\"http:\/\/www.maximeherdoin.com\/?page_id=535\">l&rsquo;agenda<\/a> pour les dates et l&rsquo;acc\u00e8s des ateliers.<br \/>\n&gt; Vous pouvez vous inscrire \u00e0 tout moment, en me contactant par mail, SMS (<a href=\"http:\/\/www.maximeherdoin.com\/?page_id=13\" target=\"_blank\" rel=\"noopener noreferrer\">Contact<\/a>) ou via <a href=\"https:\/\/www.facebook.com\/maxime.herdoin.art.therapie\/timeline?ref=page_internal\">ma Page Facebook<\/a><\/p>\n<p>A c\u00f4t\u00e9 de cela, j&rsquo;anime ponctuellement des ateliers lors de festivals, sensibilisations, salons Bien-Etre, D\u00e9veloppement Personnel et conf\u00e9rences, et \u00e9galement lors d&rsquo;<a href=\"http:\/\/fr.calameo.com\/read\/004313133ebf2a35730cb\">interventions<\/a> en milieu scolaire et \u00e9ducatifs.<\/p>\n<p>Vous travaillez dans un lieu public ou pour un \u00e9v\u00e8nement et vous \u00eates int\u00e9ress\u00e9 ? N&rsquo;h\u00e9sitez pas \u00e0 me <a href=\"http:\/\/www.maximeherdoin.com\/?page_id=13\">contacter<\/a> !<\/div><div class=\"ezcol-divider\"><\/div>\n<hr \/>\n<p><a href=\"http:\/\/www.maximeherdoin.com\/wp-content\/uploads\/2015\/02\/visuel-parcours-et-animations-copie.jpg\"><img loading=\"lazy\" decoding=\"async\" class=\"aligncenter size-large wp-image-1095\" src=\"http:\/\/www.maximeherdoin.com\/wp-content\/uploads\/2015\/02\/visuel-parcours-et-animations-copie-1024x616.jpg\" alt=\"\" width=\"625\" height=\"376\" srcset=\"https:\/\/www.maximeherdoin.com\/wp-content\/uploads\/2015\/02\/visuel-parcours-et-animations-copie-1024x616.jpg 1024w, https:\/\/www.maximeherdoin.com\/wp-content\/uploads\/2015\/02\/visuel-parcours-et-animations-copie-300x180.jpg 300w, https:\/\/www.maximeherdoin.com\/wp-content\/uploads\/2015\/02\/visuel-parcours-et-animations-copie-768x462.jpg 768w, https:\/\/www.maximeherdoin.com\/wp-content\/uploads\/2015\/02\/visuel-parcours-et-animations-copie-624x375.jpg 624w\" sizes=\"auto, (max-width: 625px) 100vw, 625px\" \/><\/a><\/p>\n","protected":false},"excerpt":{"rendered":"","protected":false},"author":4,"featured_media":0,"parent":7,"menu_order":0,"comment_status":"closed","ping_status":"open","template":"","meta":{"footnotes":""},"class_list":["post-325","page","type-page","status-publish","hentry"],"_links":{"self":[{"href":"https:\/\/www.maximeherdoin.com\/index.php?rest_route=\/wp\/v2\/pages\/325","targetHints":{"allow":["GET"]}}],"collection":[{"href":"https:\/\/www.maximeherdoin.com\/index.php?rest_route=\/wp\/v2\/pages"}],"about":[{"href":"https:\/\/www.maximeherdoin.com\/index.php?rest_route=\/wp\/v2\/types\/page"}],"author":[{"embeddable":true,"href":"https:\/\/www.maximeherdoin.com\/index.php?rest_route=\/wp\/v2\/users\/4"}],"replies":[{"embeddable":true,"href":"https:\/\/www.maximeherdoin.com\/index.php?rest_route=%2Fwp%2Fv2%2Fcomments&post=325"}],"version-history":[{"count":163,"href":"https:\/\/www.maximeherdoin.com\/index.php?rest_route=\/wp\/v2\/pages\/325\/revisions"}],"predecessor-version":[{"id":2296,"href":"https:\/\/www.maximeherdoin.com\/index.php?rest_route=\/wp\/v2\/pages\/325\/revisions\/2296"}],"up":[{"embeddable":true,"href":"https:\/\/www.maximeherdoin.com\/index.php?rest_route=\/wp\/v2\/pages\/7"}],"wp:attachment":[{"href":"https:\/\/www.maximeherdoin.com\/index.php?rest_route=%2Fwp%2Fv2%2Fmedia&parent=325"}],"curies":[{"name":"wp","href":"https:\/\/api.w.org\/{rel}","templated":true}]}}