{"id":535,"date":"2015-09-14T23:28:14","date_gmt":"2015-09-14T22:28:14","guid":{"rendered":"http:\/\/www.maximeherdoin.com\/?page_id=535"},"modified":"2025-12-05T07:13:51","modified_gmt":"2025-12-05T06:13:51","slug":"agenda","status":"publish","type":"page","link":"https:\/\/www.maximeherdoin.com\/?page_id=535","title":{"rendered":"Agenda \/ Acc\u00e8s"},"content":{"rendered":"<p>Vous pouvez retrouver, dans cet agenda, les diff\u00e9rents ateliers, animations et stages &#8211; Tout Public &#8211; sur Dijon, o\u00f9 vous pouvez vous inscrire \u00e0 tout moment.<\/p>\n<p>En Art-th\u00e9rapie, les demandes de rendez-vous ou de suivis sont possibles :<br data-rich-text-line-break=\"true\" \/>&gt; les mercredis et samedis (inclus vacances) au centre Ambition Bien-\u00catre<br data-rich-text-line-break=\"true\" \/><br \/>\nAcc\u00e8s :<\/p>\n<ul>\n<li>Centre <a href=\"https:\/\/www.google.fr\/maps\/place\/5+Rue+Andr%C3%A9+Malraux,+21000+Dijon\/@47.3269782,5.0488305,17z\/data=!3m1!4b1!4m5!3m4!1s0x47f29de35ef8cfad:0x82f323029c65f79b!8m2!3d47.3269782!4d5.0510192\" target=\"_blank\" rel=\"noopener noreferrer\">Ambition Bien-\u00catre<\/a> (Dijon)<\/li>\n<\/ul>\n<p>Retrouvez \u00e9galement les expositions et les repr\u00e9sentations th\u00e9\u00e2trales &#8211; auxquelles je participe &#8211; sur Dijon et sa r\u00e9gion.<\/p>\n<p>Les demandes d&rsquo;interventions (en structure ou \u00e9v\u00e8nementiel &#8211; cours de dessin, ateliers initiation \/ d\u00e9couverte, conf\u00e9rences et sensibilisations) sont possibles \u00e0 tout moment : <a href=\"https:\/\/www.maximeherdoin.com\/?page_id=13\" target=\"_blank\" rel=\"noopener\">contactez-moi<\/a>.<\/p>\n<p><iframe loading=\"lazy\" style=\"border-width: 0;\" src=\"https:\/\/calendar.google.com\/calendar\/embed?showTitle=0&amp;showPrint=0&amp;showTabs=0&amp;showCalendars=0&amp;showTz=0&amp;height=600&amp;wkst=2&amp;bgcolor=%23FFFFFF&amp;src=rp2v9r6i4m2btb4bteufed8tso%40group.calendar.google.com&amp;color=%23711616&amp;ctz=Europe%2FParis\" width=\"800\" height=\"600\" frameborder=\"0\" scrolling=\"no\"><\/iframe><\/p>\n<hr \/>\n<p>Archives des \u00e9v\u00e8nements pass\u00e9s :<br \/>\n\n<!-- Page-list plugin v.5.9 wordpress.org\/plugins\/page-list\/ -->\n<ul class=\"page-list subpages-page-list \">\n<li class=\"page_item page-item-968 page_item_has_children\"><a href=\"https:\/\/www.maximeherdoin.com\/?page_id=968\">Archives<\/a>\n<ul class='children'>\n\t<li class=\"page_item page-item-976\"><a href=\"https:\/\/www.maximeherdoin.com\/?page_id=976\">2015<\/a><\/li>\n\t<li class=\"page_item page-item-978\"><a href=\"https:\/\/www.maximeherdoin.com\/?page_id=978\">2016<\/a><\/li>\n\t<li class=\"page_item page-item-1051\"><a href=\"https:\/\/www.maximeherdoin.com\/?page_id=1051\">2017<\/a><\/li>\n\t<li class=\"page_item page-item-1303\"><a href=\"https:\/\/www.maximeherdoin.com\/?page_id=1303\">2018<\/a><\/li>\n\t<li class=\"page_item page-item-1484\"><a href=\"https:\/\/www.maximeherdoin.com\/?page_id=1484\">2019<\/a><\/li>\n\t<li class=\"page_item page-item-1649\"><a href=\"https:\/\/www.maximeherdoin.com\/?page_id=1649\">2020<\/a><\/li>\n\t<li class=\"page_item page-item-1810\"><a href=\"https:\/\/www.maximeherdoin.com\/?page_id=1810\">2021<\/a><\/li>\n\t<li class=\"page_item page-item-1971\"><a href=\"https:\/\/www.maximeherdoin.com\/?page_id=1971\">2022<\/a><\/li>\n\t<li class=\"page_item page-item-2235\"><a href=\"https:\/\/www.maximeherdoin.com\/?page_id=2235\">2023<\/a><\/li>\n\t<li class=\"page_item page-item-2351\"><a href=\"https:\/\/www.maximeherdoin.com\/?page_id=2351\">2024<\/a><\/li>\n\t<li class=\"page_item page-item-2560\"><a href=\"https:\/\/www.maximeherdoin.com\/?page_id=2560\">2025<\/a><\/li>\n\t<li class=\"page_item page-item-2635\"><a href=\"https:\/\/www.maximeherdoin.com\/?page_id=2635\">2026<\/a><\/li>\n<\/ul>\n<\/li>\n\n<\/ul><\/p>\n<hr \/>\n<p><a href=\"https:\/\/www.maximeherdoin.com\/wp-content\/uploads\/2021\/10\/maxime-herdoin-recto.jpg\"><img loading=\"lazy\" decoding=\"async\" class=\"alignnone wp-image-1954 size-medium\" src=\"https:\/\/www.maximeherdoin.com\/wp-content\/uploads\/2021\/10\/maxime-herdoin-recto-300x213.jpg\" alt=\"\" width=\"300\" height=\"213\" srcset=\"https:\/\/www.maximeherdoin.com\/wp-content\/uploads\/2021\/10\/maxime-herdoin-recto-300x213.jpg 300w, https:\/\/www.maximeherdoin.com\/wp-content\/uploads\/2021\/10\/maxime-herdoin-recto-1024x726.jpg 1024w, https:\/\/www.maximeherdoin.com\/wp-content\/uploads\/2021\/10\/maxime-herdoin-recto-768x545.jpg 768w, https:\/\/www.maximeherdoin.com\/wp-content\/uploads\/2021\/10\/maxime-herdoin-recto-1536x1090.jpg 1536w, https:\/\/www.maximeherdoin.com\/wp-content\/uploads\/2021\/10\/maxime-herdoin-recto-624x443.jpg 624w, https:\/\/www.maximeherdoin.com\/wp-content\/uploads\/2021\/10\/maxime-herdoin-recto.jpg 1748w\" sizes=\"auto, (max-width: 300px) 100vw, 300px\" \/><\/a>\u00a0 <a href=\"https:\/\/www.maximeherdoin.com\/wp-content\/uploads\/2021\/12\/maxime-herdoin-verso-1-scaled.jpg\"><img loading=\"lazy\" decoding=\"async\" class=\"alignnone wp-image-2000 size-medium\" src=\"https:\/\/www.maximeherdoin.com\/wp-content\/uploads\/2021\/12\/maxime-herdoin-verso-1-300x213.jpg\" alt=\"\" width=\"300\" height=\"213\" srcset=\"https:\/\/www.maximeherdoin.com\/wp-content\/uploads\/2021\/12\/maxime-herdoin-verso-1-300x213.jpg 300w, https:\/\/www.maximeherdoin.com\/wp-content\/uploads\/2021\/12\/maxime-herdoin-verso-1-1024x726.jpg 1024w, https:\/\/www.maximeherdoin.com\/wp-content\/uploads\/2021\/12\/maxime-herdoin-verso-1-768x545.jpg 768w, https:\/\/www.maximeherdoin.com\/wp-content\/uploads\/2021\/12\/maxime-herdoin-verso-1-1536x1090.jpg 1536w, https:\/\/www.maximeherdoin.com\/wp-content\/uploads\/2021\/12\/maxime-herdoin-verso-1-2048x1453.jpg 2048w, https:\/\/www.maximeherdoin.com\/wp-content\/uploads\/2021\/12\/maxime-herdoin-verso-1-624x443.jpg 624w\" sizes=\"auto, (max-width: 300px) 100vw, 300px\" \/><\/a><\/p>\n","protected":false},"excerpt":{"rendered":"<p>Vous pouvez retrouver, dans cet agenda, les diff\u00e9rents ateliers, animations et stages &#8211; Tout Public &#8211; sur Dijon, o\u00f9 vous pouvez vous inscrire \u00e0 tout moment. En Art-th\u00e9rapie, les demandes de rendez-vous ou de suivis sont possibles :&gt; les mercredis et samedis (inclus vacances) au centre Ambition Bien-\u00catre Acc\u00e8s : Centre Ambition Bien-\u00catre (Dijon) Retrouvez [&hellip;]<\/p>\n","protected":false},"author":4,"featured_media":0,"parent":0,"menu_order":0,"comment_status":"closed","ping_status":"open","template":"","meta":{"footnotes":""},"class_list":["post-535","page","type-page","status-publish","hentry"],"_links":{"self":[{"href":"https:\/\/www.maximeherdoin.com\/index.php?rest_route=\/wp\/v2\/pages\/535","targetHints":{"allow":["GET"]}}],"collection":[{"href":"https:\/\/www.maximeherdoin.com\/index.php?rest_route=\/wp\/v2\/pages"}],"about":[{"href":"https:\/\/www.maximeherdoin.com\/index.php?rest_route=\/wp\/v2\/types\/page"}],"author":[{"embeddable":true,"href":"https:\/\/www.maximeherdoin.com\/index.php?rest_route=\/wp\/v2\/users\/4"}],"replies":[{"embeddable":true,"href":"https:\/\/www.maximeherdoin.com\/index.php?rest_route=%2Fwp%2Fv2%2Fcomments&post=535"}],"version-history":[{"count":49,"href":"https:\/\/www.maximeherdoin.com\/index.php?rest_route=\/wp\/v2\/pages\/535\/revisions"}],"predecessor-version":[{"id":2624,"href":"https:\/\/www.maximeherdoin.com\/index.php?rest_route=\/wp\/v2\/pages\/535\/revisions\/2624"}],"wp:attachment":[{"href":"https:\/\/www.maximeherdoin.com\/index.php?rest_route=%2Fwp%2Fv2%2Fmedia&parent=535"}],"curies":[{"name":"wp","href":"https:\/\/api.w.org\/{rel}","templated":true}]}}