{"id":7,"date":"2014-09-30T15:21:38","date_gmt":"2014-09-30T14:21:38","guid":{"rendered":"http:\/\/test.maximeherdoin.com\/?page_id=7"},"modified":"2023-10-26T09:24:40","modified_gmt":"2023-10-26T08:24:40","slug":"art-therapie","status":"publish","type":"page","link":"https:\/\/www.maximeherdoin.com\/?page_id=7","title":{"rendered":"Art-th\u00e9rapie"},"content":{"rendered":"<p><strong>Qu\u2019est-ce que l\u2019art-th\u00e9rapie ?<\/strong><br \/>\nC&rsquo;est un outil aux multiples facettes, une exploration de divers m\u00e9dias artistiques qui permet l&rsquo;expression des \u00e9motions et la d\u00e9couverte de soi, par le biais de l&rsquo;acte cr\u00e9atif.<br \/>\nC&rsquo;est une aide \u00e0 l&rsquo;\u00e9quilibre des affects, \u00e0 la parole ; l&rsquo;expression, quelle qu&rsquo;en soit la forme, est privil\u00e9gi\u00e9e pour une ouverture sur soi.<br \/>\nC&rsquo;est un accompagnement ayant pour objectif la (re)construction de soi et l&rsquo;\u00e9panouissement.<br \/>\nC&rsquo;est une th\u00e9rapie qui guide la personne pour trouver sa propre forme d&rsquo;expression, \u00e0 travers tout type de questionnement.<\/p>\n<p>Chaque s\u00e9ance apporte la possibilit\u00e9 de poser ses \u00e9motions, de fa\u00e7on constructive, dans la cr\u00e9ativit\u00e9,<br \/>\nd&rsquo;\u0153uvrer dans le facile sur tout ce qui peut \u00eatre difficile.<br \/>\nMon r\u00f4le est d&rsquo;accompagner la personne dans son cheminement de questionnement \/ de mieux-\u00eatre.<br \/>\nJ&rsquo;offre \u00e0 la personne<br \/>\nun cadre bienveillant, intime, propice \u00e0 l&rsquo;\u00e9coute et au partage,<br \/>\nune fa\u00e7on de (re)trouver une s\u00e9r\u00e9nit\u00e9 existentielle, du temps et du plaisir pour soi,<br \/>\nun lieu d&rsquo;expression pour se r\u00e9aliser, que ce soit par la cr\u00e9ation ou par la parole,<br \/>\nun moyen de s&rsquo;ouvrir \u00e0 de nouvelles perspectives en exp\u00e9rimentant et en entretenant sa cr\u00e9ativit\u00e9.<\/p>\n<p>Il ne s&rsquo;agit pas d&rsquo;une pratique artistique, mais plut\u00f4t d&rsquo;exploiter ses capacit\u00e9s cr\u00e9atives dans cette recherche. Il n&rsquo;est donc pas n\u00e9cessaire d&rsquo;avoir de comp\u00e9tence artistique, mais simplement d&rsquo;\u00eatre soi-m\u00eame.<\/p>\n<p><strong>Comment ?<\/strong><br \/>\nPar l&rsquo;acte cr\u00e9atif et par l&rsquo;\u00e9change.<br \/>\nJe mets en place chaque atelier en fonction des personnes pr\u00e9sentes et de leur(s) besoin(s).<\/p>\n<p>Se (re)construire est d\u00e9j\u00e0 un acte cr\u00e9atif ! Aller du jeu cr\u00e9atif au Je est le premier pas pour redevenir pleinement sujet d\u00e9sirant.<br \/>\nC&rsquo;est un \u00e9lan pour aller de l&rsquo;avant, surmonter ce qui est source de mal-\u00eatre.<br \/>\nStimuler et explorer le potentiel de cr\u00e9ativit\u00e9 pour r\u00e9insuffler du d\u00e9sir, redonner du mouvement.<br \/>\nSe projeter dans la mati\u00e8re et travailler sur soi gr\u00e2ce \u00e0 l&rsquo;imaginaire, au symbolique, au l\u00e2cher prise,<br \/>\nprendre du recul face \u00e0 ce qui peut faire conflit ou tourmenter pour en jouer,<br \/>\nse transformer dans le cheminement que permet la cr\u00e9ation.<\/p>\n<p>Puis, par la pr\u00e9sentation de ce qui aura \u00e9t\u00e9 r\u00e9alis\u00e9, j&rsquo;aide \u00e0 d\u00e9gager toutes les pistes, \u00e0 faire \u00e9merger ce qui est symbolis\u00e9, \u00e0 \u00e9tablir les liens avec les ressentis, \u00e0 formuler autrement, creuser les questions, d\u00e9nouer, recentrer, ouvrir \u00e0 autre chose et franchir ce qui peut faire barri\u00e8re pour aller plus loin.<\/p>\n<p>Il convient de pr\u00e9ciser que l&rsquo;art-th\u00e9rapie n&rsquo;est pas r\u00e9serv\u00e9e exclusivement aux artistes, on ne fait pas de l&rsquo;art-th\u00e9rapie pour faire de l&rsquo;art, c&rsquo;est l&rsquo;art-th\u00e9rapeute qui emprunte \u00e0 l&rsquo;art des outils pour composer sa palette th\u00e9rapeutique.<br \/>\nL&rsquo;art, c&rsquo;est voir le monde autrement ; et l&rsquo;art-th\u00e9rapie, c&rsquo;est se dire autrement.<br \/>\n<strong>L&rsquo;art-th\u00e9rapie est ouverte \u00e0 tout le monde.<\/strong><\/p>\n<ul id=\"liens-magenta\">\n<li>Voir l&rsquo;<a href=\"https:\/\/www.maximeherdoin.com\/?page_id=535\">Agenda<\/a> pour les dates et l&rsquo;acc\u00e8s aux ateliers.<\/li>\n<li>Prendre <a href=\"https:\/\/www.maximeherdoin.com\/?page_id=13\">rendez-vous<\/a>.<\/li>\n<li>En savoir plus sur <a title=\"Parcours\" href=\"https:\/\/www.maximeherdoin.com\/?page_id=325\">mes ateliers<\/a>.<\/li>\n<li><a href=\"http:\/\/www.maximeherdoin.com\/?page_id=784\">Quelques T\u00e9moignages<\/a> sur mes ateliers.<\/li>\n<\/ul>\n<hr \/>\n<p><a href=\"http:\/\/www.maximeherdoin.com\/wp-content\/uploads\/2014\/09\/visuel-pr\u00e9sentation-copie.jpg\"><img loading=\"lazy\" decoding=\"async\" class=\"aligncenter size-large wp-image-1087\" src=\"http:\/\/www.maximeherdoin.com\/wp-content\/uploads\/2014\/09\/visuel-pr\u00e9sentation-copie-1024x534.jpg\" alt=\"\" width=\"625\" height=\"326\" srcset=\"https:\/\/www.maximeherdoin.com\/wp-content\/uploads\/2014\/09\/visuel-pr\u00e9sentation-copie-1024x534.jpg 1024w, https:\/\/www.maximeherdoin.com\/wp-content\/uploads\/2014\/09\/visuel-pr\u00e9sentation-copie-300x157.jpg 300w, https:\/\/www.maximeherdoin.com\/wp-content\/uploads\/2014\/09\/visuel-pr\u00e9sentation-copie-768x401.jpg 768w, https:\/\/www.maximeherdoin.com\/wp-content\/uploads\/2014\/09\/visuel-pr\u00e9sentation-copie-624x326.jpg 624w\" sizes=\"auto, (max-width: 625px) 100vw, 625px\" \/><\/a><\/p>\n","protected":false},"excerpt":{"rendered":"<p>Qu\u2019est-ce que l\u2019art-th\u00e9rapie ? C&rsquo;est un outil aux multiples facettes, une exploration de divers m\u00e9dias artistiques qui permet l&rsquo;expression des \u00e9motions et la d\u00e9couverte de soi, par le biais de l&rsquo;acte cr\u00e9atif. C&rsquo;est une aide \u00e0 l&rsquo;\u00e9quilibre des affects, \u00e0 la parole ; l&rsquo;expression, quelle qu&rsquo;en soit la forme, est privil\u00e9gi\u00e9e pour une ouverture sur [&hellip;]<\/p>\n","protected":false},"author":4,"featured_media":0,"parent":0,"menu_order":0,"comment_status":"closed","ping_status":"open","template":"","meta":{"footnotes":""},"class_list":["post-7","page","type-page","status-publish","hentry"],"_links":{"self":[{"href":"https:\/\/www.maximeherdoin.com\/index.php?rest_route=\/wp\/v2\/pages\/7","targetHints":{"allow":["GET"]}}],"collection":[{"href":"https:\/\/www.maximeherdoin.com\/index.php?rest_route=\/wp\/v2\/pages"}],"about":[{"href":"https:\/\/www.maximeherdoin.com\/index.php?rest_route=\/wp\/v2\/types\/page"}],"author":[{"embeddable":true,"href":"https:\/\/www.maximeherdoin.com\/index.php?rest_route=\/wp\/v2\/users\/4"}],"replies":[{"embeddable":true,"href":"https:\/\/www.maximeherdoin.com\/index.php?rest_route=%2Fwp%2Fv2%2Fcomments&post=7"}],"version-history":[{"count":91,"href":"https:\/\/www.maximeherdoin.com\/index.php?rest_route=\/wp\/v2\/pages\/7\/revisions"}],"predecessor-version":[{"id":2334,"href":"https:\/\/www.maximeherdoin.com\/index.php?rest_route=\/wp\/v2\/pages\/7\/revisions\/2334"}],"wp:attachment":[{"href":"https:\/\/www.maximeherdoin.com\/index.php?rest_route=%2Fwp%2Fv2%2Fmedia&parent=7"}],"curies":[{"name":"wp","href":"https:\/\/api.w.org\/{rel}","templated":true}]}}