{"id":784,"date":"2016-10-05T20:19:26","date_gmt":"2016-10-05T19:19:26","guid":{"rendered":"http:\/\/www.maximeherdoin.com\/?page_id=784"},"modified":"2025-12-07T11:18:42","modified_gmt":"2025-12-07T10:18:42","slug":"temoignages","status":"publish","type":"page","link":"https:\/\/www.maximeherdoin.com\/?page_id=784","title":{"rendered":"Quelques T\u00e9moignages&#8230;"},"content":{"rendered":"<p><strong><em>Merci, Maxime, pour vos ateliers qui m&rsquo;apportent, tout en douceur mais en profondeur, des r\u00e9ponses r\u00e9confortantes \u00e0 mes questions. Leur ambiance conviviale soutient la cr\u00e9ativit\u00e9.<br \/>\nIl est \u00e9vident que cette approche \u00e9tonnante devrait davantage se d\u00e9velopper pour que chacun et chacune se sente mieux dans sa vie de tous les jours. Que vive l&rsquo;art-th\u00e9rapie !<\/em><\/strong><br \/>\nAnita H.<\/p>\n<p><strong><em>Un grand MERCI pour l\u2019animation de ces Ateliers. Il suffit d&rsquo;\u00eatre pr\u00e9sent et de laisser la magie op\u00e9rer&#8230;<\/em><\/strong><br \/>\n<a href=\"http:\/\/biennaitre21.wixsite.com\/biennaitre\">Christian Doenlen<\/a><\/p>\n<p><strong><em>L&rsquo;art qui ouvre, qui lib\u00e8re de tous les enfermements, physiques, psychiques, id\u00e9ologiques, qu&rsquo;on le donne ou qu&rsquo;on le re\u00e7oive, c&rsquo;est un lien, un partage, alors partageons encore et encore, Bravo Maxime !<\/em><\/strong><br \/>\nPascal Labranche<\/p>\n<p><strong><em>Merci Maxime, pour vos propositions si riches en expression, en cr\u00e9ativit\u00e9. S&rsquo;ouvrir \u00e0 l&rsquo;art-th\u00e9rapie, d\u00e9couvrir son soi cr\u00e9atif est toujours si passionnant, si surprenant !!<br \/>\nPoursuivons ensemble la construction d&rsquo;une Cr\u00e9ative Citoyennet\u00e9.<\/em><\/strong><br \/>\n<a href=\"https:\/\/www.facebook.com\/Au-fil-de-Soi-Art-th\u00e9rapie-489837881220394\/?fref=ts\">Sylvie Laboux<\/a><\/p>\n<p><strong><em>Cher Maxime, vous avez trouv\u00e9 une belle voie et je vous encourage vivement \u00e0 foncer, vous pouvez aider beaucoup de monde, faites le bien autour de vous, cultivez vos dons et aidez les autres \u00e0 exprimer leur \u00ab\u00a0moi\u00a0\u00bb profond.<\/em><\/strong><br \/>\nClaude-Eric Devaux<\/p>\n<p><strong><em>Une activit\u00e9 qui m\u00e9rite d&rsquo;\u00eatre fortement encourag\u00e9e ! Quelle \u00e9nergie et quel talent ! Bravo Maxime, pour tout ce que vous donnez aux autres, et merci pour toutes les personnes qui b\u00e9n\u00e9ficient de vos comp\u00e9tences et de votre g\u00e9n\u00e9rosit\u00e9 !<\/em><\/strong><br \/>\nYves Moalic<\/p>\n<p><em><strong>Un grand MERCI \u00e0 vous, Maxime Herdoin, vous \u00eates un intervenant d&rsquo;exception et gr\u00e2ce \u00e0 vous, nous avons eu la chance de b\u00e9n\u00e9ficier d&rsquo;interventions pr\u00e9cieuses car de qualit\u00e9 et d\u00e9livr\u00e9es avec bienveillance. Vous savez donner de votre temps et vous le prouvez. Merci pour ces beaux moments.<br \/>\n<\/strong><\/em>Alphal\u00e9o Chen\u00f4ve<\/p>\n<div><\/div>\n<p><em><strong>Je me suis tourn\u00e9e vers les ateliers d\u2019Art-th\u00e9rapie de Maxime alors que j\u2019avais besoin de prendre du temps pour moi, de me reconnecter avec ma cr\u00e9ativit\u00e9. Et j\u2019en ai retir\u00e9 les bienfaits escompt\u00e9s. Je suis heureuse \u00e9galement d\u2019avoir partag\u00e9 ces moments avec d\u2019autres participants dans une ambiance bienveillante et d\u00e9tendue. Maxime nous propose des sujets \u00a0int\u00e9ressants et motivants \u00e0 explorer. Ses interventions sont toujours judicieuses et propices \u00e0 r\u00e9flexion. Ce n\u2019est que du bonheur.<\/strong><\/em><br \/>\nFlorence M.<\/p>\n<p><em><strong>Les s\u00e9ances d&rsquo;art-th\u00e9rapie, je les attends toujours avec impatience. Ces quelques heures pass\u00e9es ensemble o\u00f9 chacun exprime ses \u00e9motions, sa sensibilit\u00e9 avec pudeur, sont des instants exceptionnels. Merci \u00e0 vous, vous m&rsquo;apportez beaucoup.<\/strong><\/em><br \/>\nAnonyme<\/p>\n<p><em><strong>Je ne pensais pas qu&rsquo;en participant aux s\u00e9ances, cela me ferait autant bouger de l&rsquo;int\u00e9rieur. Du travail, du mouvement que je ne voyais pas, de l&rsquo;\u00e9nergie, de belles rencontres et de l&rsquo;amour, les uns avec les autres. Merci, merci.<\/strong><\/em><br \/>\nAnonyme<\/p>\n<p><em><strong>Un grand merci, Maxime, pour ces ateliers d&rsquo;Art &#8211; Cr\u00e9ation &#8211; Th\u00e9rapie. Cela me permet de me poser, de m&rsquo;harmoniser, et de partager de belles choses du c\u0153ur avec une personne de c\u0153ur.<\/strong><\/em><br \/>\nAnonyme<\/p>\n<p><em><strong>Un grand merci \u00e0 vous. Quelle cr\u00e9ativit\u00e9 ! Que de beaux partages avec de lumineuses personnes !<br \/>\nDes prises de conscience salutaires.<\/strong><\/em><br \/>\nAnonyme<\/p>\n<p><em><strong>Que de cr\u00e9ativit\u00e9, de r\u00e9ponses, d&rsquo;\u0153uvres \u00e9ph\u00e9m\u00e8res ou non. Que de d\u00e9couvertes sur moi, mon devenir, mon histoire, ma relation \u00e0 l&rsquo;autre, au groupe. Oui, grand merci \u00e0 vous.<\/strong><\/em><br \/>\nAnonyme<\/p>\n<p><em><strong>Gratitude \u00e0 Maxime, pour ces tr\u00e8s beaux moments de d\u00e9couverte de soi et les belles rencontres.<br \/>\nGratitude \u00e0 la Grande Vie qui se r\u00e9v\u00e8le \u00e0 travers les petits riens partag\u00e9s.<br \/>\nGratitude \u00e0 l&rsquo;\u00e9lan vital, \u00e0 l&rsquo;\u00e9nergie cr\u00e9atrice, \u00e0 la grande fleur de vie.<\/strong><\/em><br \/>\nAnonyme<\/p>\n<p><strong><em>J&rsquo;aime beaucoup l&rsquo;ambiance et les moments partag\u00e9s, ainsi que les propositions de cr\u00e9ativit\u00e9.<br \/>\nMerci beaucoup, Maxime, pour votre bonne humeur, votre gentillesse et vos comp\u00e9tences.<\/em><\/strong><br \/>\nIsma\u00ebl<\/p>\n<p><strong><em>Trop sympa&#8230; encore un immense merci \u00e0 vous, Maxime, de permettre la concr\u00e9tisation et la p\u00e9rennisation de ces ateliers accessibles \u00e0 Tous.<\/em><\/strong><br \/>\nMyriam Lamotte<\/p>\n<p><strong><em>Merci pour vos ateliers, Maxime, qui sont pour moi, une d\u00e9couverte !<br \/>\nEmotions + enrichissements &#8211; Echange entre nous!!! On en ressort \u00e9mus mais ravis!!!!<\/em><\/strong><br \/>\nPatricia Musset<\/p>\n<p><strong><em>Merci Maxime, pour ces bons moments tr\u00e8s int\u00e9ressants. Je suis \u00e9galement content de faire de belles rencontres \u00e0 chaque fois. Je trouve que vous expliquez tr\u00e8s bien l&rsquo;art-th\u00e9rapie et la surdit\u00e9, vous avez raison de rappeler la n\u00e9cessit\u00e9 d&rsquo;accessibilit\u00e9 et le besoin de faire ensemble.<\/em><\/strong><br \/>\nTimoth\u00e9e J.<\/p>\n<p><strong><em>C&rsquo;est un honneur de participer et un plaisir de faire de belles rencontres entendants &#8211; malentendants &#8211; sourds ! Restons unis! Merci!<\/em><\/strong><br \/>\nC\u00e9line S.<\/p>\n<p><strong><em>Merci de nous permettre de passer des moments agr\u00e9ables et de nous faire d\u00e9couvrir l&rsquo;art-th\u00e9rapie ouverte \u00e0 Tous, qui m&rsquo;apporte beaucoup, je pense, et gr\u00e2ce \u00e0 votre patience, volont\u00e9, motivation. Admiratif devant votre engagement citoyen, vous irez loin !<\/em><\/strong><br \/>\nLaurent V.<\/p>\n<p><em><strong>Ces ateliers nous permettent de travailler avec application et d&rsquo;appr\u00e9cier en contemplation.<br \/>\nQue du r\u00e9gal pur ! Je suis certaine de votre lumi\u00e8re, cher Maxime !!<\/strong><\/em><br \/>\nChristiane D.<\/p>\n<p><strong><em>Merci \u00e0 vous pour ces ateliers qui permettent de multiples facettes d&rsquo;expression libre gr\u00e2ces \u00e0 des supports comme le rythme, des mouvements arts plastiques et \u00e9criture. Il y a une bonne dynamique de groupe, m\u00eame quand on ne se conna\u00eet pas.<br \/>\nCa me permet de l\u00e2cher prise et de me ressourcer.<\/em><\/strong><br \/>\nMarl\u00e8ne Bulckaert<\/p>\n<p><em><strong>Des moments lumineux\u2026 oui, c&rsquo;est le mot ! Spontan\u00e9it\u00e9, cr\u00e9ativit\u00e9 et complicit\u00e9. Merci pour vos ateliers fantastiques.<\/strong><\/em><br \/>\nNathalie<\/p>\n<p><strong><em>MERCI beaucoup, Maxime Herdoin, pour vos Atelier Art-Th\u00e9rapie, tr\u00e8s riches en \u00e9changes, en partage et toujours \u00e9norm\u00e9ment d&rsquo;\u00e9motion.<\/em><\/strong><br \/>\nNo\u00e9mie Girardot<\/p>\n<p><strong><em>C&rsquo;est toujours un plaisir de venir \u00e0 vos Ateliers, Maxime, cela entretien ma cr\u00e9ativit\u00e9 et on passe r\u00e9ellement de tr\u00e8s bons moments !<\/em><\/strong><br \/>\nEric L.<\/p>\n<p><strong><em>Tr\u00e8s beaux Ateliers ! Merci \u00e0 vous, Maxime Herdoin, qui les animez ! De belles rencontres et des \u00e9changes touchants<\/em><\/strong><br \/>\nGuillaume P.<\/p>\n<p><strong><em>C&rsquo;est vrai que c&rsquo;est super, et notre attention le montre.<\/em><\/strong><br \/>\nNicole Pistre-Hanquet<\/p>\n<p><strong><em>J&rsquo;ai \u00e9t\u00e9 ravie de faire votre connaissance et toujours ravie de venir \u00e0 vos ateliers qui m&rsquo;ouvrent des horizons dans ce monde. Je ne peux que vous remercier, et vous souhaiter r\u00e9ussite et bonheur !<\/em><\/strong><br \/>\nAnonyme<\/p>\n<p><strong><em>Plaisir, joie, de vivre, de partager, de vous d\u00e9couvrir, de me d\u00e9couvrir. MERCI<\/em><\/strong><br \/>\nAnonyme<\/p>\n<p><strong><em>Une entr\u00e9e r\u00e9elle et enrichissante dans la rencontre avec l&rsquo;autre pour se rendre compte de la qualit\u00e9 du c\u0153ur, de l&rsquo;\u00e9coute et des partages. Merci \u00e0 vous d&rsquo;\u00eatre qui vous \u00eates.<\/em><\/strong><br \/>\nAnonyme<\/p>\n<p><strong><em>Ce sont de tr\u00e8s beaux ateliers, faits de rencontres et de d\u00e9couvertes. D\u00e9couverte des autres et de soi-m\u00eame. On oublie le temps, qui nous sommes, pour r\u00e9pondre juste \u00e0 notre ressenti, nos envies, on se laisse aller, sans g\u00eane, sans barri\u00e8res.<\/em><\/strong><br \/>\nAnonyme<\/p>\n<p><strong><em>Quel merveilleux moments de partage et de l\u00e2cher prise.<br \/>\nAucun jugement sur les uns et les autres. Tout n\u2019est qu\u2019humilit\u00e9.<br \/>\nUne v\u00e9ritable rencontre avec soi.<\/em><\/strong><br \/>\nAnonyme<\/p>\n<p><strong><em>Vous pratiquez, avec talent, une noble activit\u00e9 qui m\u00e9rite d&rsquo;\u00eatre encourag\u00e9e, cher Maxime !<\/em><\/strong><br \/>\nAlain Moisset<\/p>\n<p><em><strong>Merci d&rsquo;\u00eatre autant \u00e0 l&rsquo;\u00e9coute des autres, et pour votre passion !<\/strong><\/em><br \/>\nEnki Labranche<\/p>\n<p><strong><em>J&rsquo;aime les diff\u00e9rentes mani\u00e8res que vous proposez pour s&rsquo;exprimer, par la danse, le mime, les mots, les crayons, les yeux, les mains, le ressenti avec la musique, le rythme et les m\u00e9lodies&#8230;<br \/>\nAutant de formes d&rsquo;expression \u00e0 explorer, \u00e0 interroger, \u00e0 tester, \u00e0 utiliser&#8230;<br \/>\nL&rsquo;imagination se m\u00eale au r\u00e9el, les morales aux interdits&#8230;<br \/>\nS&rsquo;affirmer, s&rsquo;exposer, interroger, se laisser surprendre&#8230;<br \/>\nJ&rsquo;appr\u00e9cie ces moments !<\/em><\/strong><br \/>\nSt\u00e9phane Hanquet<\/p>\n<p><strong><em>Vos ateliers me donnent de la joie et me permettent de me d\u00e9tendre et d\u2019appr\u00e9cier une compagnie agr\u00e9able. Merci Maxime !<\/em><\/strong><br \/>\nFlorian R.<\/p>\n<p><strong><em>Beaucoup de lumi\u00e8re. Merci pour le partage multifacette de ces ateliers.<\/em><\/strong><br \/>\nAmandine Becue<\/p>\n<p><strong><em>Tr\u00e8s beaux moments de partage, de cr\u00e9ativit\u00e9 et de bienveillance. Merci<\/em><\/strong><br \/>\nAnonyme<\/p>\n<p><strong><em>Bon \u00e9lan ! Bonne humeur ! Bons moments !<\/em><\/strong><br \/>\nAnonyme<\/p>\n<p><strong><em>Bonheur ! B\u00e9atitude ! Bravo !<\/em><\/strong><br \/>\nCatherine L.<\/p>\n<p><strong><em>Plaisir, convivialit\u00e9, douceur des mots, des regards. Belles animations \u00e0 faire conna\u00eetre.<\/em><\/strong><br \/>\nAnonyme<\/p>\n<p><strong><em>Beau succ\u00e8s m\u00e9rit\u00e9 ! Magnifiques ateliers ! C&rsquo;est g\u00e9nial ce que vous faites !<\/em><\/strong><br \/>\nJonathan Charpentier<\/p>\n<p><strong><em>Monde de r\u00eave magique, merci pour votre \u0153uvre !<\/em><\/strong><br \/>\nC.K.<\/p>\n<hr \/>\n<p><a href=\"http:\/\/www.maximeherdoin.com\/wp-content\/uploads\/2016\/10\/visuel-t\u00e9moignage-copie.jpg\"><img loading=\"lazy\" decoding=\"async\" class=\"aligncenter size-large wp-image-1099\" src=\"http:\/\/www.maximeherdoin.com\/wp-content\/uploads\/2016\/10\/visuel-t\u00e9moignage-copie-1024x823.jpg\" alt=\"\" width=\"625\" height=\"502\" srcset=\"https:\/\/www.maximeherdoin.com\/wp-content\/uploads\/2016\/10\/visuel-t\u00e9moignage-copie-1024x823.jpg 1024w, https:\/\/www.maximeherdoin.com\/wp-content\/uploads\/2016\/10\/visuel-t\u00e9moignage-copie-300x241.jpg 300w, https:\/\/www.maximeherdoin.com\/wp-content\/uploads\/2016\/10\/visuel-t\u00e9moignage-copie-768x618.jpg 768w, https:\/\/www.maximeherdoin.com\/wp-content\/uploads\/2016\/10\/visuel-t\u00e9moignage-copie-624x502.jpg 624w\" sizes=\"auto, (max-width: 625px) 100vw, 625px\" \/><\/a><\/p>\n","protected":false},"excerpt":{"rendered":"<p>Merci, Maxime, pour vos ateliers qui m&rsquo;apportent, tout en douceur mais en profondeur, des r\u00e9ponses r\u00e9confortantes \u00e0 mes questions. Leur ambiance conviviale soutient la cr\u00e9ativit\u00e9. Il est \u00e9vident que cette approche \u00e9tonnante devrait davantage se d\u00e9velopper pour que chacun et chacune se sente mieux dans sa vie de tous les jours. Que vive l&rsquo;art-th\u00e9rapie ! [&hellip;]<\/p>\n","protected":false},"author":4,"featured_media":0,"parent":7,"menu_order":0,"comment_status":"closed","ping_status":"open","template":"","meta":{"footnotes":""},"class_list":["post-784","page","type-page","status-publish","hentry"],"_links":{"self":[{"href":"https:\/\/www.maximeherdoin.com\/index.php?rest_route=\/wp\/v2\/pages\/784","targetHints":{"allow":["GET"]}}],"collection":[{"href":"https:\/\/www.maximeherdoin.com\/index.php?rest_route=\/wp\/v2\/pages"}],"about":[{"href":"https:\/\/www.maximeherdoin.com\/index.php?rest_route=\/wp\/v2\/types\/page"}],"author":[{"embeddable":true,"href":"https:\/\/www.maximeherdoin.com\/index.php?rest_route=\/wp\/v2\/users\/4"}],"replies":[{"embeddable":true,"href":"https:\/\/www.maximeherdoin.com\/index.php?rest_route=%2Fwp%2Fv2%2Fcomments&post=784"}],"version-history":[{"count":40,"href":"https:\/\/www.maximeherdoin.com\/index.php?rest_route=\/wp\/v2\/pages\/784\/revisions"}],"predecessor-version":[{"id":2629,"href":"https:\/\/www.maximeherdoin.com\/index.php?rest_route=\/wp\/v2\/pages\/784\/revisions\/2629"}],"up":[{"embeddable":true,"href":"https:\/\/www.maximeherdoin.com\/index.php?rest_route=\/wp\/v2\/pages\/7"}],"wp:attachment":[{"href":"https:\/\/www.maximeherdoin.com\/index.php?rest_route=%2Fwp%2Fv2%2Fmedia&parent=784"}],"curies":[{"name":"wp","href":"https:\/\/api.w.org\/{rel}","templated":true}]}}