{"id":9,"date":"2014-09-30T15:22:16","date_gmt":"2014-09-30T14:22:16","guid":{"rendered":"http:\/\/test.maximeherdoin.com\/?page_id=9"},"modified":"2024-11-16T02:10:11","modified_gmt":"2024-11-16T01:10:11","slug":"interventions","status":"publish","type":"page","link":"https:\/\/www.maximeherdoin.com\/?page_id=9","title":{"rendered":"Cours de dessin \/ Illustration"},"content":{"rendered":"<h2>Cours de Dessin<\/h2>\n<div class=\"ezcol ezcol-one-half\">\u00c9tant artiste, je r\u00e9alise des <strong>interventions<\/strong> en milieu scolaire \/ \u00e9ducatif pour donner des <strong>cours de dessin<\/strong> \u00e0 des <strong>\u00e9l\u00e8ves<\/strong> de 6 \u00e0 22 ans (ou plus) :<br \/>\u00e0 <strong>Dijon<\/strong> : <strong>\u00c9cole du Nord<\/strong>, <strong>\u00c9cole Dampierre<\/strong>, \u00e0 <strong>Alphal\u00e9o Chen\u00f4ve<\/strong>, tiers-lieu \u00e9ducatif, \u00e0 l&rsquo;<strong>\u00c9cole Les Porte-Feuilles<\/strong> de <strong>Fontaine-l\u00e8s-Dijon<\/strong>, \u00e0 l&rsquo;<strong>\u00c9cole de Mirebeau-sur-B\u00e8ze<\/strong>&#8230; Ou encore au Centre E. Leclerc de Marsannay-la-C\u00f4te (rayon Librairie).<br \/>Chaque fois, les <strong>\u00e9l\u00e8ves<\/strong> sont enthousiastes et motiv\u00e9s par mes petites introductions sur divers th\u00e8mes artistiques. Ils deviennent capables de travailler, en l\u2019espace de 2 heures, sur le <strong>portrait<\/strong> (style r\u00e9aliste ou style manga) ou le <strong>paysage<\/strong> mais aussi sur des domaines plus avanc\u00e9s comme l\u2019<strong>abstrait<\/strong>, le <strong>surr\u00e9alisme<\/strong>, le <strong>fauvisme<\/strong>, l\u2019<strong>impressionnisme<\/strong> ou le <strong>cubisme<\/strong>.<br \/>Et les r\u00e9sultats sont plaisants pour tous.<\/p>\n<p>En ce moment, je donne des cours de dessin manga \u00e0 des jeunes et des enfants.<\/p>\n<p>Je re\u00e7ois en atelier ou me d\u00e9place pour des cours, en groupe en interventions \/ \u00e0 domicile en individuel \/ 1 \u00e0 3 fois par semaine. Pour toute demande, <a href=\"https:\/\/www.maximeherdoin.com\/?page_id=13\" target=\"_blank\" rel=\"noopener noreferrer\">contactez-moi<\/a>.<\/p>\n<p>Lors des interventions, il m&rsquo;est possible, si souhait\u00e9, de r\u00e9aliser une initiation ludique \u00e0 la Langue des Signes ; voir de faire des interventions centr\u00e9es sur la Langues des Signes.<\/div>\n<p><div class=\"ezcol ezcol-one-half ezcol-last\"><a href=\"https:\/\/www.maximeherdoin.com\/wp-content\/uploads\/2014\/09\/illustrations.jpg\"><img loading=\"lazy\" decoding=\"async\" class=\"alignright size-medium wp-image-51\" src=\"https:\/\/www.maximeherdoin.com\/wp-content\/uploads\/2014\/09\/illustrations-300x287.jpg\" alt=\"\" width=\"300\" height=\"287\" srcset=\"https:\/\/www.maximeherdoin.com\/wp-content\/uploads\/2014\/09\/illustrations-300x287.jpg 300w, https:\/\/www.maximeherdoin.com\/wp-content\/uploads\/2014\/09\/illustrations-1024x980.jpg 1024w, https:\/\/www.maximeherdoin.com\/wp-content\/uploads\/2014\/09\/illustrations-624x597.jpg 624w, https:\/\/www.maximeherdoin.com\/wp-content\/uploads\/2014\/09\/illustrations.jpg 1629w\" sizes=\"auto, (max-width: 300px) 100vw, 300px\" \/><\/a><\/p>\n<p><a href=\"http:\/\/www.maximeherdoin.com\/wp-content\/uploads\/2014\/09\/DSCF8228-copie4.jpg\"><\/div><div class=\"ezcol-divider\"><\/div>\u00a0<\/a><\/p>\n<hr \/>\n<h2>Illustration<\/h2>\n<p>Je r\u00e9alise des commandes, pour des particuliers ou des professionnels en tout genre, ou encore des associations dans l\u2019humanitaire, le bien-\u00eatre, pour le handicap, la pr\u00e9vention et \u00e9galement pour des spectacles.<\/p>\n<p>&gt; Voir une galerie de <a href=\"https:\/\/terium.org\/ninefolio\/max\" target=\"_blank\" rel=\"noopener\">mes illustrations<\/a><\/p>\n<p>&gt; Je fais partie de l&rsquo;association d&rsquo;illustrateurs <strong><a href=\"https:\/\/terium.org\/ninefolio\/\">Terium, le Cri du Crayon<\/a><\/strong> : nous \u0153uvrons dans l&rsquo;\u00e9v\u00e8nementiel autour des arts graphiques et de la bande dessin\u00e9e, \u00e0 Dijon et autres villes (fanzine trimestriel Kadavresky, expositions, biennales et festivals 24h de la BD, Angoul\u00eame&#8230;). Nous r\u00e9alisons et participons \u00e0 une dizaine d&rsquo;expositions en moyenne chaque ann\u00e9e.<br \/>Nous sommes en exposition permanente au <a href=\"https:\/\/fr-fr.facebook.com\/pages\/category\/Retail-Company\/Le-Comptoir-des-Bi%C3%A8res-2-401042670347625\/\" target=\"_blank\" rel=\"noopener noreferrer\">Comptoir des Bi\u00e8res 2<\/a>, Dijon (<a href=\"https:\/\/www.google.fr\/maps\/place\/Le+comptoir+des+bieres+2\/@47.3402333,5.0619649,15z\/data=!4m5!3m4!1s0x0:0x580589ad6b4ca75b!8m2!3d47.3402333!4d5.0619649\" target=\"_blank\" rel=\"noopener noreferrer\">acc\u00e8s<\/a>).<br \/>Nous nous r\u00e9unissons, chaque mois, aux soir\u00e9es tout public <a href=\"https:\/\/www.facebook.com\/boiredessiner\" target=\"_blank\" rel=\"noopener\">Boire &amp; Dessiner<\/a>.<br \/>&gt; Voir <a href=\"http:\/\/fr.calameo.com\/read\/0011709368f319c389ec6\">notre page<\/a> dans <strong>Dijon Mag<\/strong> (page 29).<br \/>&gt; Voir l&rsquo;<a href=\"http:\/\/www.bienpublic.com\/edition-dijon-agglo\/2017\/06\/04\/en-juin-2015-le-fanzine-kadavresky-poussait-son-premier-cri\" target=\"_blank\" rel=\"noopener noreferrer\">article<\/a> du <strong>Bien Public<\/strong> sur notre Fanzine Kadavresky.<\/p>\n<p><div class=\"ezcol ezcol-one-half ezcol-last\"><\/div><div class=\"ezcol-divider\"><\/div><div class=\"ezcol ezcol-one-half ezcol-last\"><\/div><div class=\"ezcol-divider\"><\/div><\/p>\n\n\n<p><\/p>\n\n\n\n<p><\/p>\n\n\n\n<p><\/p>\n\n\n\n<p><\/p>\n","protected":false},"excerpt":{"rendered":"<p>Cours de Dessin \u00a0 Illustration Je r\u00e9alise des commandes, pour des particuliers ou des professionnels en tout genre, ou encore des associations dans l\u2019humanitaire, le bien-\u00eatre, pour le handicap, la pr\u00e9vention et \u00e9galement pour des spectacles. &gt; Voir une galerie de mes illustrations &gt; Je fais partie de l&rsquo;association d&rsquo;illustrateurs Terium, le Cri du Crayon [&hellip;]<\/p>\n","protected":false},"author":4,"featured_media":0,"parent":0,"menu_order":0,"comment_status":"closed","ping_status":"open","template":"","meta":{"footnotes":""},"class_list":["post-9","page","type-page","status-publish","hentry"],"_links":{"self":[{"href":"https:\/\/www.maximeherdoin.com\/index.php?rest_route=\/wp\/v2\/pages\/9","targetHints":{"allow":["GET"]}}],"collection":[{"href":"https:\/\/www.maximeherdoin.com\/index.php?rest_route=\/wp\/v2\/pages"}],"about":[{"href":"https:\/\/www.maximeherdoin.com\/index.php?rest_route=\/wp\/v2\/types\/page"}],"author":[{"embeddable":true,"href":"https:\/\/www.maximeherdoin.com\/index.php?rest_route=\/wp\/v2\/users\/4"}],"replies":[{"embeddable":true,"href":"https:\/\/www.maximeherdoin.com\/index.php?rest_route=%2Fwp%2Fv2%2Fcomments&post=9"}],"version-history":[{"count":49,"href":"https:\/\/www.maximeherdoin.com\/index.php?rest_route=\/wp\/v2\/pages\/9\/revisions"}],"predecessor-version":[{"id":2522,"href":"https:\/\/www.maximeherdoin.com\/index.php?rest_route=\/wp\/v2\/pages\/9\/revisions\/2522"}],"wp:attachment":[{"href":"https:\/\/www.maximeherdoin.com\/index.php?rest_route=%2Fwp%2Fv2%2Fmedia&parent=9"}],"curies":[{"name":"wp","href":"https:\/\/api.w.org\/{rel}","templated":true}]}}