{"id":976,"date":"2017-02-08T15:30:53","date_gmt":"2017-02-08T14:30:53","guid":{"rendered":"http:\/\/www.maximeherdoin.com\/?page_id=976"},"modified":"2021-06-18T05:09:24","modified_gmt":"2021-06-18T04:09:24","slug":"2015-2","status":"publish","type":"page","link":"https:\/\/www.maximeherdoin.com\/?page_id=976","title":{"rendered":"2015"},"content":{"rendered":"<p><strong>Rendez-vous le 23 janvier 2015, \u00e0 20h, au <a href=\"http:\/\/www.semeia-bar.com\">Semeia Bar<\/a>, \u00e0 Dijon : \u00ab\u00a0D\u00e9couverte de l&rsquo;Art-Th\u00e9rapie pour tous\u00a0\u00bb<\/strong><br \/>\nTout Public &amp; Accessible LSF &#8211; Langue des Signes Fran\u00e7aise<br \/>\n(<a href=\"https:\/\/www.google.fr\/maps\/place\/Semeia+Bar\/@47.325221,5.04522,15z\/data=!4m2!3m1!1s0x0:0x726f21ace44589d7\">acc\u00e8s<\/a>)<br \/>\n&gt; Ev\u00e8nement sur <a href=\"http:\/\/www.facebook.com\/events\/1508742232739988\/?fref=ts\">Facebook<\/a>.<br \/>\n&gt; Voir l&rsquo;article dans le <strong><a href=\"http:\/\/www.bienpublic.com\/edition-dijon-ville\/2015\/02\/06\/dijon-decouverte-de-l-art-therapie\">Bien Public<\/a><\/strong>.<br \/>\n&gt; Voir <a href=\"https:\/\/www.facebook.com\/media\/set\/?set=a.10203242554855770.1073741837.1565994455&amp;type=3\">les photos<\/a> de la soir\u00e9e.<\/p>\n<p><strong>Du 19 janvier au 13 f\u00e9vrier 2015 : Exposition de mes \u0153uvres artistiques au <a href=\"http:\/\/www.semeia-bar.com\">Semeia Bar<\/a>, \u00e0 Dijon.<\/strong> (<a href=\"https:\/\/www.google.fr\/maps\/place\/Semeia+Bar\/@47.325221,5.04522,15z\/data=!4m2!3m1!1s0x0:0x726f21ace44589d7\">acc\u00e8s<\/a>)<br \/>\n&gt; Ev\u00e8nement sur <a href=\"https:\/\/www.facebook.com\/events\/531771226964471\/?pnref=story\">Facebook<\/a>.<\/p>\n<p><strong>Le vendredi 13 f\u00e9vrier 2015, \u00e0 partir de 20h : R\u00e9union du <a href=\"https:\/\/lesartstherapies.wordpress.com\/\" target=\"_blank\" rel=\"noopener\">Collectif des Art-th\u00e9rapies de Dijon<\/a>.<\/strong><br \/>\nCATTP Bachelard (<a href=\"https:\/\/www.google.fr\/maps\/place\/L%E2%80%99Espace+des+Expressions+G.+Bachelard+-+CH+La+Chartreuse\/@47.3202507,5.0001534,15z\/data=!4m5!3m4!1s0x0:0x1e3e00bd976d7c0f!8m2!3d47.3202507!4d5.0001534\" target=\"_blank\" rel=\"noopener\">acc\u00e8s<\/a>)<\/p>\n<p><strong>Le mardi 10 mars 2015, \u00e0 partir de 20h : R\u00e9union du <a href=\"https:\/\/lesartstherapies.wordpress.com\/\" target=\"_blank\" rel=\"noopener\">Collectif des Art-th\u00e9rapies de Dijon<\/a>.<\/strong><br \/>\nCATTP Bachelard (<a href=\"https:\/\/www.google.fr\/maps\/place\/L%E2%80%99Espace+des+Expressions+G.+Bachelard+-+CH+La+Chartreuse\/@47.3202507,5.0001534,15z\/data=!4m5!3m4!1s0x0:0x1e3e00bd976d7c0f!8m2!3d47.3202507!4d5.0001534\" target=\"_blank\" rel=\"noopener\">acc\u00e8s<\/a>)<\/p>\n<p><strong>Du 1er au 30 avril 2015 : Exposition <a href=\"https:\/\/www.terium.org\/terium\/\" target=\"_blank\" rel=\"noopener\">Terium, le Cri du Crayon<\/a>.<\/strong><br \/>\nSemeia Bar, Dijon (<a href=\"https:\/\/www.google.fr\/maps\/place\/Semeia+Bar\/@47.3252185,5.0452026,15z\/data=!4m5!3m4!1s0x0:0x726f21ace44589d7!8m2!3d47.3252172!4d5.0452099\" target=\"_blank\" rel=\"noopener\">acc\u00e8s<\/a>)<\/p>\n<p><strong>Le mardi 12 mai 2015, \u00e0 partir de 20h : <a href=\"https:\/\/lesartstherapies.wordpress.com\/2015\/05\/27\/compte-rendu-de-la-reunion-du12-mai-2015-du-collectif\/\" target=\"_blank\" rel=\"noopener\">R\u00e9union<\/a> du <a href=\"https:\/\/lesartstherapies.wordpress.com\/\" target=\"_blank\" rel=\"noopener\">Collectif des Art-th\u00e9rapies de Dijon<\/a>.<\/strong><br \/>\nCATTP Bachelard (<a href=\"https:\/\/www.google.fr\/maps\/place\/L%E2%80%99Espace+des+Expressions+G.+Bachelard+-+CH+La+Chartreuse\/@47.3202507,5.0001534,15z\/data=!4m5!3m4!1s0x0:0x1e3e00bd976d7c0f!8m2!3d47.3202507!4d5.0001534\" target=\"_blank\" rel=\"noopener\">acc\u00e8s<\/a>)<\/p>\n<p><strong>Le samedi 30 mai 2015 : Animation du Caf\u00e9-Signes de l&rsquo;association <a href=\"http:\/\/www.mood.asso.fr\/\">MOOD<\/a> \u00e0 la 10\u00e8me \u00e9dition de la journ\u00e9e \u00ab\u00a0Jouons de nos Diff\u00e9rences\u00a0\u00bb, organis\u00e9e par le p\u00f4le Handicap du Centre Communal d&rsquo;Action Social de Dijon, au Parc de la Colombi\u00e8re.<\/strong> (<a href=\"https:\/\/www.google.fr\/maps\/place\/Parc+de+la+colombi%C3%A8re\/@47.299604,5.046199,15z\/data=!4m2!3m1!1s0x0:0xfe895718eb9c8f73\">acc\u00e8s<\/a>)<br \/>\n&gt; pr\u00e9sentation et programme de la journ\u00e9e <a href=\"http:\/\/jdnd.mood.asso.fr\/\">ici<\/a>.<br \/>\n&gt; Voir l&rsquo;article dans le <strong><a href=\"http:\/\/www.bienpublic.com\/edition-dijon-ville\/2015\/05\/30\/dijon-jouons-de-nos-differences-ce-samedi-au-parc-de-la-colombiere\">Bien Public<\/a><\/strong>.<br \/>\n&gt; Voir <a href=\"https:\/\/www.facebook.com\/media\/set\/?set=a.10203964056252854.1073741843.1565994455&amp;type=3\">les photos<\/a> de la journ\u00e9e.<\/p>\n<p><strong>Le vendredi 12 juin 2015, de 17h \u00e0 19h : R\u00e9union du <a href=\"https:\/\/lesartstherapies.wordpress.com\/\" target=\"_blank\" rel=\"noopener\">Collectif des Art-th\u00e9rapies de Dijon<\/a> : Atelier Exp\u00e9rientiel : <a href=\"https:\/\/lesartstherapies.wordpress.com\/2015\/06\/18\/compte-rendu-de-latelier-du-120615\/\" target=\"_blank\" rel=\"noopener\">Transe Terpsichore \u00e0 base de sophrologie et training de danse<\/a>.<\/strong><br \/>\nEspace Acod\u00e8ge, rue Millotet, Dijon (<a href=\"https:\/\/www.google.fr\/maps\/place\/Acod%C3%A8ge+CMPP\/@47.3231075,5.0312598,15z\/data=!4m5!3m4!1s0x0:0x6c9eff86482e36f6!8m2!3d47.3231075!4d5.0312598\" target=\"_blank\" rel=\"noopener\">acc\u00e8s<\/a>)<\/p>\n<p><strong>Les 27 et 28 juin 2015 : Exposition <a href=\"https:\/\/www.terium.org\/terium\/\" target=\"_blank\" rel=\"noopener\">Terium, le Cri du Crayon<\/a> \u00e0 Beire-le-Ch\u00e2tel Invite la BD<\/strong><\/p>\n<p><strong>Les 1er et 2 aout 2015 : Animation d&rsquo;ateliers d&rsquo;art-th\u00e9rapie au festival <strong>The Biotifull Days<\/strong>, aux Maillys<\/strong>.<br \/>\n&gt; <a href=\"https:\/\/www.facebook.com\/maxime.herdoin.art.therapie\/photos\/a.948962215122033.1073741828.944389155579339\/1037271242957796\/?type=1&amp;theater\">programme<\/a> et <a href=\"https:\/\/www.google.fr\/maps\/place\/Les+Maillys\/@47.1423875,5.327884,11z\/data=!4m2!3m1!1s0x47f2b0458577e5ad:0x409ce34b3145010\">acc\u00e8s<\/a>.<br \/>\n&gt; <a href=\"https:\/\/www.facebook.com\/media\/set\/?set=a.10204284625546886.1073741845.1565994455&amp;type=3\">Photos <\/a>de l&rsquo;\u00e9v\u00e8nement.<\/p>\n<p><b>Mercredi 16 septembre 2015 : Reportage France 3 Bourgogne sur mes Ateliers.<\/b><br \/>\nSemeia Bar, Dijon (<a href=\"https:\/\/www.google.fr\/maps\/place\/Semeia+Bar\/@47.3252185,5.0452026,15z\/data=!4m5!3m4!1s0x0:0x726f21ace44589d7!8m2!3d47.3252172!4d5.0452099\" target=\"_blank\" rel=\"noopener\">acc\u00e8s<\/a>)<\/p>\n<p><strong>Du 19 septembre au 31 octobre 2015 : Exposition <a href=\"http:\/\/www.terium.org\/terium\/\">Terium, le Cri du Crayon<\/a>, au <a href=\"http:\/\/comptoirdesbieres.net\/\">Comptoir des Bi\u00e8res<\/a>, \u00e0 Chen\u00f4ve.<\/strong> (<a href=\"https:\/\/www.google.fr\/maps\/place\/Le+comptoir+des+bi%C3%A8re\/@47.2830188,5.0092648,15z\/data=!4m2!3m1!1s0x0:0x84f82d822f6c00e1\">acc\u00e8s<\/a>)<br \/>\nEt le jour de la cl\u00f4ture de l&rsquo;expo : d\u00e9dicaces \u00e0 l&rsquo;occasion de la sortie du fanzine de Terium, Kadavresky n\u00b02.<br \/>\n&gt; Voir <a href=\"http:\/\/www.terium.org\/terium\/Maxime\/album\/18\" target=\"_blank\" rel=\"noopener\">les photos<\/a>.<\/p>\n<p><strong>Les 7 et 8 novembre 2015 : 24h de la BD, avec la participation de <a href=\"http:\/\/www.terium.org\/terium\/\">Terium, le Cri du Crayon<\/a><\/strong>.<br \/>\nArc-et-Senans (<a href=\"https:\/\/www.google.fr\/maps\/place\/Saline+Royale+d'Arc-et-Senans\/@47.0331753,5.7776263,15z\/data=!4m5!3m4!1s0x0:0x8626d98cebd3d0b!8m2!3d47.0331753!4d5.7776263\" target=\"_blank\" rel=\"noopener\">acc\u00e8s<\/a>)<\/p>\n<p><strong>Les 28 et 29 novembre 2015 : Exposition <a href=\"http:\/\/www.terium.org\/terium\/\">Terium, le Cri du Crayon<\/a>, \u00e0 la convention annuelle des <a href=\"http:\/\/www.auxerre-galactic-days.fr\/\">Galactic Days<\/a>, Auxerre<\/strong>.<br \/>\n&gt; <a href=\"http:\/\/www.lereveildesfans.com\/?event=auxerre-galactic-days\">programme et acc\u00e8s<\/a>.<br \/>\n&gt; <a href=\"http:\/\/www.terium.org\/terium\/Maxime\/album\/23\" target=\"_blank\" rel=\"noopener\">Photos de l&rsquo;\u00e9v\u00e8nement<\/a>.<\/p>\n<p><strong>Le vendredi 11 d\u00e9cembre, \u00e0 partir de 18h : <a href=\"https:\/\/lesartstherapies.wordpress.com\/2015\/12\/19\/rendu-compte-de-la-reunion-du-vendredi-11-decembre-2015-du-collectif-les-arts-therapies-de-dijon-et-sa-region\/\" target=\"_blank\" rel=\"noopener\">R\u00e9union<\/a> du <a href=\"https:\/\/lesartstherapies.wordpress.com\/\" target=\"_blank\" rel=\"noopener\">Collectif des Art-th\u00e9rapies de Dijon<\/a>.<\/strong><br \/>\nEspace Art Expression (<a href=\"https:\/\/www.google.fr\/maps\/place\/12+Rue+Thurot,+21000+Dijon\/@47.3264058,5.0254571,17z\/data=!3m1!4b1!4m5!3m4!1s0x47f29d917ddecc77:0xd18b319022136b50!8m2!3d47.3264058!4d5.0276458\" target=\"_blank\" rel=\"noopener\">acc\u00e8s<\/a>)<\/p>\n","protected":false},"excerpt":{"rendered":"<p>Rendez-vous le 23 janvier 2015, \u00e0 20h, au Semeia Bar, \u00e0 Dijon : \u00ab\u00a0D\u00e9couverte de l&rsquo;Art-Th\u00e9rapie pour tous\u00a0\u00bb Tout Public &amp; Accessible LSF &#8211; Langue des Signes Fran\u00e7aise (acc\u00e8s) &gt; Ev\u00e8nement sur Facebook. &gt; Voir l&rsquo;article dans le Bien Public. &gt; Voir les photos de la soir\u00e9e. Du 19 janvier au 13 f\u00e9vrier 2015 : [&hellip;]<\/p>\n","protected":false},"author":4,"featured_media":0,"parent":968,"menu_order":0,"comment_status":"closed","ping_status":"closed","template":"","meta":{"footnotes":""},"class_list":["post-976","page","type-page","status-publish","hentry"],"_links":{"self":[{"href":"https:\/\/www.maximeherdoin.com\/index.php?rest_route=\/wp\/v2\/pages\/976","targetHints":{"allow":["GET"]}}],"collection":[{"href":"https:\/\/www.maximeherdoin.com\/index.php?rest_route=\/wp\/v2\/pages"}],"about":[{"href":"https:\/\/www.maximeherdoin.com\/index.php?rest_route=\/wp\/v2\/types\/page"}],"author":[{"embeddable":true,"href":"https:\/\/www.maximeherdoin.com\/index.php?rest_route=\/wp\/v2\/users\/4"}],"replies":[{"embeddable":true,"href":"https:\/\/www.maximeherdoin.com\/index.php?rest_route=%2Fwp%2Fv2%2Fcomments&post=976"}],"version-history":[{"count":7,"href":"https:\/\/www.maximeherdoin.com\/index.php?rest_route=\/wp\/v2\/pages\/976\/revisions"}],"predecessor-version":[{"id":1897,"href":"https:\/\/www.maximeherdoin.com\/index.php?rest_route=\/wp\/v2\/pages\/976\/revisions\/1897"}],"up":[{"embeddable":true,"href":"https:\/\/www.maximeherdoin.com\/index.php?rest_route=\/wp\/v2\/pages\/968"}],"wp:attachment":[{"href":"https:\/\/www.maximeherdoin.com\/index.php?rest_route=%2Fwp%2Fv2%2Fmedia&parent=976"}],"curies":[{"name":"wp","href":"https:\/\/api.w.org\/{rel}","templated":true}]}}