{"id":978,"date":"2017-02-08T15:31:42","date_gmt":"2017-02-08T14:31:42","guid":{"rendered":"http:\/\/www.maximeherdoin.com\/?page_id=978"},"modified":"2022-02-07T08:59:07","modified_gmt":"2022-02-07T07:59:07","slug":"2016-2","status":"publish","type":"page","link":"https:\/\/www.maximeherdoin.com\/?page_id=978","title":{"rendered":"2016"},"content":{"rendered":"<p><strong>Du 4 au 31 janvier 2016 : Exposition <a href=\"http:\/\/www.terium.org\/terium\/\">Terium, le Cri du Crayon<\/a><br \/>\n<\/strong>au <a href=\"http:\/\/www.semeia-bar.com\/\">Semeia Bar<\/a>, \u00e0 Dijon. (<a href=\"https:\/\/www.google.fr\/maps\/place\/Semeia+Bar\/@47.3252206,5.0452202,15z\/data=!4m2!3m1!1s0x0:0x726f21ace44589d7\">acc\u00e8s<\/a>)<br \/>\n&gt; voir <a href=\"http:\/\/www.terium.org\/terium\/Maxime\/album\/25\" target=\"_blank\" rel=\"noopener noreferrer\">les photos<\/a> du vernissage.<\/p>\n<p><strong>Le mercredi 20 janvier 2016 : Interview Dijon Mag sur l&rsquo;association <a href=\"http:\/\/www.terium.org\/terium\/\">Terium, le Cri du Crayon<\/a> et sur mes Ateliers.<br \/>\n<\/strong><a href=\"http:\/\/www.semeia-bar.com\/\">Semeia Bar<\/a>, Dijon (<a href=\"https:\/\/www.google.fr\/maps\/place\/Semeia+Bar\/@47.3252206,5.0452202,15z\/data=!4m2!3m1!1s0x0:0x726f21ace44589d7\">acc\u00e8s<\/a>)<\/p>\n<p><b>Le vendredi 29 janvier 2016, \u00e0 partir de 20h : <a href=\"https:\/\/lesartstherapies.wordpress.com\/2016\/04\/15\/compte-rendu-de-la-rencontre-des-artherapeutes-du-29-janvier-2016-au-cattp-bachelard\/\" target=\"_blank\" rel=\"noopener\">R\u00e9union<\/a> du <a href=\"https:\/\/lesartstherapies.wordpress.com\/\" target=\"_blank\" rel=\"noopener\">Collectif des Art-th\u00e9rapies de Dijon<\/a>.<\/b><br \/>\nCATTP Bachelard (<a href=\"https:\/\/www.google.fr\/maps\/place\/L%E2%80%99Espace+des+Expressions+G.+Bachelard+-+CH+La+Chartreuse\/@47.3202507,5.0001534,15z\/data=!4m5!3m4!1s0x0:0x1e3e00bd976d7c0f!8m2!3d47.3202507!4d5.0001534\" target=\"_blank\" rel=\"noopener\">acc\u00e8s<\/a>)<\/p>\n<p><strong>Les 6 et 7 f\u00e9vrier 2016 : Exposition <a href=\"http:\/\/www.terium.org\/terium\/\">Terium, le Cri du Crayon<\/a> \u00e0 Auxerre Fait Son Angoul\u00eame<\/strong><\/p>\n<p><b>Le vendredi 12 f\u00e9vrier 2016, \u00e0 partir de 20h : R\u00e9union du <a href=\"https:\/\/lesartstherapies.wordpress.com\/\" target=\"_blank\" rel=\"noopener\">Collectif des Art-th\u00e9rapies de Dijon<\/a>.<\/b><\/p>\n<p><strong>Les 5 et 6 mars 2016 : Exposition <a href=\"http:\/\/www.terium.org\/terium\/\">Terium, le Cri du Crayon<\/a><br \/>\n\u00e0 la <a href=\"http:\/\/www.frmjc-bourgogne.org\/spip.php?article3511\">2\u00e8me \u00e9dition du salon de la BD<\/a> \u00e0 Nuits-Saint-Georges<\/strong>. (<a href=\"https:\/\/www.google.fr\/maps\/place\/Maison+des+Jeunes+et+de+la+Culture+(M.J.C)\/@47.1388888,4.950664,15z\/data=!4m2!3m1!1s0x0:0xa39b2422764f7aa9?hl=fr\">acc\u00e8s<\/a>)<br \/>\nEt d\u00e9dicaces \u00e0 l&rsquo;occasion de la sortie du fanzine de Terium, Kadavresky n\u00b03.<br \/>\n&gt; voir les photos du <strong><a href=\"http:\/\/www.bienpublic.com\/edition-cote-de-nuits\/2016\/03\/05\/le-salon-de-la-bd-c-est-tout-le-week-end-a-nuits-saint-georges\">Bien Public<\/a><\/strong>.<br \/>\n&gt; <a href=\"http:\/\/www.terium.org\/terium\/Maxime\/album\/26\" target=\"_blank\" rel=\"noopener noreferrer\">photos<\/a> de l&rsquo;\u00e9v\u00e8nement.<\/p>\n<p><strong>Le 19 mars 2016 : Exposition &#8211; D\u00e9dicaces <a href=\"http:\/\/www.terium.org\/terium\/\">Terium, le Cri du Crayon<\/a>, au <a href=\"http:\/\/comptoirdesbieres.net\/\">Comptoir des Bi\u00e8res<\/a>, \u00e0 Chen\u00f4ve.<\/strong> (<a href=\"https:\/\/www.google.fr\/maps\/place\/Le+comptoir+des+bi%C3%A8re\/@47.2830188,5.0092648,15z\/data=!4m2!3m1!1s0x0:0x84f82d822f6c00e1?hl=fr\">acc\u00e8s<\/a>)<br \/>\n&gt; voir <a href=\"http:\/\/www.terium.org\/terium\/Maxime\/album\/27\" target=\"_blank\" rel=\"noopener noreferrer\">les photos<\/a> de la journ\u00e9e.<\/p>\n<p><strong>Du 4 au 9 avril 2016 : Exposition <a href=\"http:\/\/www.terium.org\/terium\/\">Terium, le Cri du Crayon<\/a>, \u00e0 la Ferronnerie, Dijon.<\/strong> (<a href=\"https:\/\/www.google.fr\/maps\/place\/2+Rue+Auguste+Comte,+21000+Dijon\/@47.3233222,5.0416492,17z\/data=!3m1!4b1!4m2!3m1!1s0x47f29def556c2b3b:0x9086bd1166f69539?hl=fr\">acc\u00e8s<\/a>)<br \/>\n<a href=\"https:\/\/chkt.fr\/interactions\/\" target=\"_blank\" rel=\"noopener\"><strong>Festival Interactions # 1 <\/strong>de <strong>CHKT<\/strong><\/a> (expositions permanentes, \u00e9volutives, pluridisciplinaires et performances live).<br \/>\n&gt; voir <a href=\"https:\/\/www.facebook.com\/events\/162446814143659\/\" target=\"_blank\" rel=\"noopener\">le programme<\/a>.<br \/>\n&gt; voir <a href=\"http:\/\/www.terium.org\/terium\/Maxime\/album\/28\" target=\"_blank\" rel=\"noopener noreferrer\">les photos<\/a> de l&rsquo;\u00e9v\u00e8nement.<\/p>\n<p><b>Le vendredi 29 avril 2016, \u00e0 partir de 19h : R\u00e9union du <a href=\"https:\/\/lesartstherapies.wordpress.com\/\" target=\"_blank\" rel=\"noopener\">Collectif des Art-th\u00e9rapies de Dijon<\/a>.<\/b><\/p>\n<p><strong>Les 26 avril, 3 et 13 mai 2016 : Animation Ateliers Ludiques pour Enfants<br \/>\n<\/strong>Initiation ludique \u00e0 la Langue des Signes, conduisant \u00e0 des jeux d&rsquo;expression corporelle et plastique.<br \/>\nCoanimation : Sylvie Laboux et Maxime Herdoin<br \/>\nEcole maternelle La Fontaine, Sennecey-l\u00e8s-Dijon<br \/>\n&gt; voir <a href=\"https:\/\/fr.calameo.com\/read\/004313133ebf2a35730cb\" target=\"_blank\" rel=\"noopener\">le livret de photos<\/a>.<\/p>\n<p><strong>Les 7 et 8 mai 2016 : Animation d&rsquo;ateliers pratiques Art-th\u00e9rapie<br \/>\n(Tout Public &amp; Accessible LSF &#8211; Langue des Signes Fran\u00e7aise)<br \/>\nau Salon Bien-Etre et D\u00e9veloppement Personnel,<br \/>\navec Maxime Herdoin, responsable du p\u00f4le Art-th\u00e9rapie de l&rsquo;association <a href=\"http:\/\/www.santebienetre21.fr\/\">Sant\u00e9 Bien-Etre 21<\/a><\/strong><br \/>\nespace Tabourot des Accords, \u00e0 Saint Apollinaire (<a href=\"https:\/\/www.google.fr\/maps\/place\/Tabourot+des+Accords\/@47.3266286,5.0972164,15z\/data=!4m2!3m1!1s0x0:0xd4c0e3a6df3a31dd?hl=fr\">acc\u00e8s<\/a>).<br \/>\n&gt; <a href=\"http:\/\/associationbienetr4.wix.com\/dijon#!salon-7-8-mai-2016\/cjg9\">Plus d&rsquo;infos<\/a> sur le salon.<br \/>\n&gt; <a href=\"https:\/\/www.facebook.com\/events\/197203573998681\/\">Ev\u00e8nement<\/a> et <a href=\"https:\/\/www.facebook.com\/Association-Sant\u00e9-Bien-\u00eatre-21-348178248847859\/\">Page<\/a> de l&rsquo;association sur Facebook.<br \/>\n&gt; voir l&rsquo;article dans le <strong><a href=\"http:\/\/www.bienpublic.com\/edition-dijon-agglo\/2016\/05\/03\/bien-etre-il-y-aura-plein-de-pratiques-differentes-a-decouvrir\">Bien Public<\/a><\/strong>.<\/p>\n<p><strong>Le 21 mai 2016 : Atelier d&rsquo;expression cr\u00e9ative autour de la danse et des arts graphiques<br \/>\n(Tout Public &amp; Accessible LSF &#8211; Langue des Signes Fran\u00e7aise).<\/strong><br \/>\nDe 14h30 \u00e0 16h30 (suivi d&rsquo;une conf\u00e9rence-d\u00e9bat autour d&rsquo;une collation), \u00e0 la <a href=\"http:\/\/www.maisonsdesassociations.fr\/membre-32\/dijon\">Maison des Associations<\/a> (salle R03), \u00e0 Dijon (<a href=\"https:\/\/www.google.fr\/maps\/place\/2+Rue+des+Corroyeurs,+21000+Dijon\/@47.3151787,5.0297572,17z\/data=!3m1!4b1!4m2!3m1!1s0x47f29dc0a47c5d7b:0x197758c86cbdce42?hl=fr\">acc\u00e8s<\/a>).<br \/>\n\u00ab\u00a0<em>Franchir ensemble les barri\u00e8res du silence &#8211; Se d\u00e9couvrir Soi et l&rsquo;Autre<\/em>\u00a0\u00bb<br \/>\nAvec les art-th\u00e9rapeutes <a href=\"https:\/\/fr.linkedin.com\/in\/sylvie-laboux-556348b0\">Sylvie Laboux<\/a> et Maxime Herdoin (association <a href=\"https:\/\/www.facebook.com\/Lart-pour-Etre-418475791577016\/\" target=\"_blank\" rel=\"noopener noreferrer\">L&rsquo;Art Pour Etre<\/a>).<br \/>\n&gt; <a href=\"https:\/\/lesartstherapies.wordpress.com\/2016\/05\/03\/atelier-danse-arts-graphiques-accessible-lsf\/\">En savoir plus<\/a> sur l&rsquo;atelier.<\/p>\n<p><strong>Les 21 et 22 mai 2016 : Exposition <a href=\"http:\/\/www.terium.org\/terium\/index.php\">Terium, le Cri du Crayon<\/a> au festival Damparis.<\/strong><\/p>\n<p><b>Le vendredi 3 juin 2016, \u00e0 partir de 19h : <a href=\"https:\/\/lesartstherapies.wordpress.com\/2016\/06\/14\/compte-rendu-de-la-reunion-du-collectif-du-3062016\/\" target=\"_blank\" rel=\"noopener\">R\u00e9union<\/a> du <a href=\"https:\/\/lesartstherapies.wordpress.com\/\" target=\"_blank\" rel=\"noopener\">Collectif des Art-th\u00e9rapies de Dijon<\/a>.<\/b><br \/>\nEspace Art Expression (<a href=\"https:\/\/www.google.fr\/maps\/place\/12+Rue+Thurot,+21000+Dijon\/@47.3264058,5.0254571,17z\/data=!3m1!4b1!4m5!3m4!1s0x47f29d917ddecc77:0xd18b319022136b50!8m2!3d47.3264058!4d5.0276458\" target=\"_blank\" rel=\"noopener\">acc\u00e8s<\/a>)<\/p>\n<p><strong>Les 18 et 19 juin 2016 : Exposition <a href=\"http:\/\/www.terium.org\/terium\/index.php\">Terium, le Cri du Crayon<\/a>, au <a href=\"http:\/\/www.bdbeire.com\/\">5\u00e8me festival Beire-le-Ch\u00e2tel invite la BD<\/a>.<\/strong> (<a href=\"http:\/\/www.bdbeire.com\/plan-d-acces\">acc\u00e8s<\/a>)<br \/>\n(organis\u00e9 par l&rsquo;association Les Croqueurs de Bulles)<br \/>\nEt d\u00e9dicaces \u00e0 l&rsquo;occasion de la sortie du fanzine de Terium, Kadavresky n\u00b04.<br \/>\n&gt; voir l&rsquo;article dans le <strong><a href=\"http:\/\/www.bienpublic.com\/edition-tille-vingeanne\/2016\/06\/15\/prehistoire-rome-antique-et-star-wars-au-menu-du-5e-bd-beire\">Bien Public<\/a><\/strong>.<br \/>\n&gt; voir <a href=\"http:\/\/www.terium.org\/terium\/Maxime\/album\/29\" target=\"_blank\" rel=\"noopener noreferrer\">les photos<\/a>.<\/p>\n<p><strong>Le mercredi 13 juillet 2016 : Animation Atelier Ludique pour Enfants<br \/>\n<\/strong>Initiation ludique \u00e0 la Langue des Signes, conduisant \u00e0 des jeux d&rsquo;expression corporelle et plastique.<br \/>\nCoanimation : Sylvie Laboux et Maxime Herdoin<br \/>\nAccueil de Loisir Extrascolaire (ALSH PEP 21) Ez Allou\u00e8res de Chevigny-Saint-Sauveur<\/p>\n<p><strong>Le 10 septembre 2016 : Exposition &#8211; D\u00e9dicaces <a href=\"http:\/\/www.terium.org\/terium\/\">Terium, le Cri du Crayon<\/a>, pour l&rsquo;anniversaire du <a href=\"http:\/\/comptoirdesbieres.net\/\">Comptoir des Bi\u00e8res<\/a>, \u00e0 Chen\u00f4ve.<\/strong> (<a href=\"https:\/\/www.google.fr\/maps\/place\/Le+comptoir+des+bi%C3%A8re\/@47.2830188,5.0092648,15z\/data=!4m5!3m4!1s0x0:0x84f82d822f6c00e1!8m2!3d47.2830188!4d5.0092648?hl=fr\">acc\u00e8s<\/a>)<br \/>\n&gt; voir <a href=\"http:\/\/www.terium.org\/terium\/Maxime\/album\/30\" target=\"_blank\" rel=\"noopener noreferrer\">les photos<\/a> de la journ\u00e9e.<\/p>\n<p><b>Le vendredi 23 septembre 2016, \u00e0 partir de 18h30 : <a href=\"https:\/\/lesartstherapies.wordpress.com\/2016\/10\/03\/reunion-du-23-sept-2016\/\" target=\"_blank\" rel=\"noopener\">R\u00e9union<\/a> du <a href=\"https:\/\/lesartstherapies.wordpress.com\/\" target=\"_blank\" rel=\"noopener\">Collectif des Art-th\u00e9rapies de Dijon<\/a>.<\/b><\/p>\n<p><b>Le vendredi 7 octobre 2016, \u00e0 partir de 18h30 : <a href=\"https:\/\/lesartstherapies.wordpress.com\/2016\/10\/20\/compte-rendu-reunion-du-7-octobre-2016\/\" target=\"_blank\" rel=\"noopener\">R\u00e9union<\/a> du <a href=\"https:\/\/lesartstherapies.wordpress.com\/\" target=\"_blank\" rel=\"noopener\">Collectif des Art-th\u00e9rapies de Dijon<\/a>.<\/b><\/p>\n<p><strong>Du 8 au 21 octobre 2016 : <\/strong><strong>Exposition <a href=\"http:\/\/www.terium.org\/terium\/\">Terium, le Cri du Crayon<\/a>, \u00e0 l&rsquo;<a href=\"https:\/\/www.facebook.com\/Rezofetart\/\">association R\u00e9zo&rsquo;F\u00eat&rsquo;Art<\/a>, Dijon.<\/strong> (<a href=\"https:\/\/www.google.fr\/maps\/place\/Association+R%C3%A9zo'F%C3%AAt'Art\/@47.321816,5.0214225,15z\/data=!4m5!3m4!1s0x0:0x8deacc792819617e!8m2!3d47.321816!4d5.0214225?hl=fr\">acc\u00e8s<\/a>)<br \/>\nVernissage et d\u00e9dicaces lors de la 4\u00e8me F\u00eate de Quartier-Village et du 7\u00e8me Vide-Grenier Festif<br \/>\n&gt; voir <a href=\"http:\/\/www.terium.org\/terium\/Maxime\/album\/31\" target=\"_blank\" rel=\"noopener noreferrer\">les photos<\/a>.<\/p>\n<p><strong>Le mardi 25 octobre 2016, \u00e0 18h30 : Sc\u00e8ne Culturelle de Proximit\u00e9, \u00e0 la <a href=\"https:\/\/www.facebook.com\/La-Maison-phare-1069238459798880\/\">Maison-Phare<\/a>, Dijon.<\/strong> (<a href=\"https:\/\/www.google.fr\/maps\/place\/2+All%C3%A9e+de+Grenoble,+21000+Dijon\/@47.3182621,5.0055444,17z\/data=!3m1!4b1!4m5!3m4!1s0x47f29d0af25369b7:0x30cc6f26e6c7a8e9!8m2!3d47.3182621!4d5.0077331?hl=fr\">acc\u00e8s<\/a>)<br \/>\n\u00ab\u00a0<em>Franchir Ensemble les Barri\u00e8res du Silence &#8211; Se D\u00e9couvrir Soi et l&rsquo;Autre<\/em>\u00a0\u00bb<br \/>\nTout Public \u00e0 partir de 10 ans.<br \/>\nAccessible LSF &#8211; Langue des Signes Fran\u00e7aise<br \/>\nTemps de rencontre cr\u00e9ative et ludique autour de l&rsquo;Art-th\u00e9rapie : pr\u00e9sentation et mini pratique d&rsquo;expression corporelle associ\u00e9e \u00e0 l&rsquo;expression plastique.<br \/>\n&gt; Ev\u00e8nement et description sur <a href=\"https:\/\/www.facebook.com\/events\/1009325699190744\/\">Facebook<\/a>.<\/p>\n<p><strong>Le jeudi 3 novembre 2016, de 20h \u00e0 22h : Soir\u00e9e de pr\u00e9sentation et mini pratique de l&rsquo;Atelier Expression Cr\u00e9ative, au <a href=\"http:\/\/www.semeia-bar.com\/\">Semeia Bar<\/a>, Dijon.<\/strong> (<a href=\"https:\/\/www.google.fr\/maps\/place\/Semeia+Bar\/@47.325221,5.04522,15z\/data=!4m5!3m4!1s0x0:0x726f21ace44589d7!8m2!3d47.3251916!4d5.0452523\">acc\u00e8s<\/a>)<br \/>\n\u00ab\u00a0<em>Franchir Ensemble les Barri\u00e8res du Silence &#8211; Se D\u00e9couvrir Soi et l&rsquo;Autre<\/em>\u00a0\u00bb<br \/>\nTout Public \u00e0 partir de 10 ans.<br \/>\nAccessible LSF &#8211; Langue des Signes Fran\u00e7aise<br \/>\nTemps de rencontre cr\u00e9ative et ludique autour de l&rsquo;Art-th\u00e9rapie : expression corporelle associ\u00e9e \u00e0 l&rsquo;expression plastique.<br \/>\n&gt; Ev\u00e8nement et description sur <a href=\"https:\/\/www.facebook.com\/events\/1753458814871115\/\">Facebook<\/a>.<\/p>\n<p><strong>Le samedi 5 novembre 2016, de 10h30 \u00e0 12h30 : Stage d\u00e9couverte de l&rsquo;<a href=\"http:\/\/www.cerclelaique.org\/activite\/expression-creative\/\">Atelier Expression Cr\u00e9ative<\/a>, au <a href=\"http:\/\/www.cerclelaique.org\/\">Cercle La\u00efque Dijonnais<\/a>.<\/strong> (<a href=\"https:\/\/www.google.fr\/maps\/place\/Cercle+La%C3%AFque+Dijonnais\/@47.3263989,5.0329922,17z\/data=!3m1!4b1!4m5!3m4!1s0x47f282e03c5e596b:0xabe032f3036f4fcb!8m2!3d47.3263989!4d5.0351809?hl=fr\">acc\u00e8s<\/a>)<br \/>\n\u00ab\u00a0<em>Franchir Ensemble les Barri\u00e8res du Silence &#8211; Se D\u00e9couvrir Soi et l&rsquo;Autre<\/em>\u00a0\u00bb<br \/>\nTout public \u00e0 partir de 10 ans.<br \/>\nAccessible LSF &#8211; Langue des Signes Fran\u00e7aise.<br \/>\n&gt; Ev\u00e8nement et description sur <a href=\"https:\/\/www.facebook.com\/events\/780468178761379\/\">Facebook<\/a>.<\/p>\n<p><strong>Le samedi 3 d\u00e9cembre 2016, de 9h \u00e0 19h : <a href=\"http:\/\/www.afm-telethon.fr\/\">AFM-T\u00e9l\u00e9thon<\/a>,<br \/>\nau centre commercial Cl\u00e9menceau, 12 boulevard Cl\u00e9menceau, Dijon.<\/strong> (<a href=\"https:\/\/www.google.fr\/maps\/place\/12+Boulevard+Georges+Clemenceau,+21000+Dijon\/@47.3269351,5.0469764,17z\/data=!3m1!4b1!4m5!3m4!1s0x47f29de4b94619af:0xb2b456300c6fc844!8m2!3d47.3269351!4d5.0491651?hl=fr\">acc\u00e8s<\/a>)<br \/>\nEn partenariat avec l&rsquo;association <a href=\"http:\/\/untigreauparc12.blogspot.fr\/\">Un Tigre Au Parc<\/a>.<br \/>\nAnimation d&rsquo;un stand Art-th\u00e9rapie pour l&rsquo;association <a href=\"https:\/\/www.facebook.com\/Lart-pour-Etre-418475791577016\/\">l&rsquo;Art Pour Etre<\/a>.<br \/>\nAvec les art-th\u00e9rapeutes <a href=\"https:\/\/www.facebook.com\/Au-fil-de-Soi-Art-th\u00e9rapie-489837881220394\/\" target=\"_blank\" rel=\"noopener noreferrer\">Sylvie Laboux<\/a>, Sandrine Hergic et Maxime Herdoin.<br \/>\nTout Public, Accessible LSF &#8211; Langue des Signes Fran\u00e7aise.<br \/>\n&gt; voir <a href=\"http:\/\/www.lescolporteurs.info\/blog\/dijon-grand-dijon\/le-quartier-clemenceau-s-engage-pour-le-telethon.html\">article<\/a>, \u00e0 l&rsquo;occasion de la signature de la Charte, le jeudi 17 novembre 2016.<br \/>\n&gt; voir <a href=\"https:\/\/www.facebook.com\/pg\/maxime.herdoin.art.therapie\/photos\/?tab=album&amp;album_id=1385316458153271\">les photos<\/a>.<\/p>\n<p><strong>Les 10 et 11 d\u00e9cembre 2016 : Exposition <a href=\"http:\/\/www.terium.org\/terium\/\">Terium, le Cri du Crayon<\/a>, \u00e0 la convention annuelle des <a href=\"http:\/\/www.auxerre-galactic-days.fr\/\">Galactic Days<\/a>, Auxerre.<\/strong><br \/>\n&gt; voir <a href=\"http:\/\/www.lyonne.fr\/auxerre\/loisirs\/salon\/2016\/12\/12\/pres-de-1-200-personnes-ont-participe-aux-galactic-days-ce-week-end-a-auxerrexpo_12205168.html\">article<\/a>.<br \/>\n&gt; voir <a href=\"http:\/\/www.terium.org\/terium\/Maxime\/album\/32\" target=\"_blank\" rel=\"noopener noreferrer\">les photos<\/a>.<\/p>\n<p><strong>Du 17 au 23 d\u00e9cembre 2016 : Exposition <a href=\"http:\/\/www.terium.org\/terium\/\">Terium, le Cri du Crayon<\/a>, <a href=\"http:\/\/terium.org\/wordpress\/lezard\/terium\/\">L\u00e9zard d&rsquo;Hiver<\/a>, \u00e0 <a href=\"https:\/\/fr-fr.facebook.com\/lartouche\/\">La R&rsquo;Touche<\/a>, Dijon.<\/strong> (<a href=\"https:\/\/www.google.fr\/maps\/place\/2+Rue+des+Verriers,+21000+Dijon\/data=!4m2!3m1!1s0x47f29dccc3fd261f:0x8fe1de6eda10a1c8?hl=fr&amp;sa=X&amp;ved=0ahUKEwiut5TZ7pTQAhVMshQKHeGyAcIQ8gEIHDAA\">acc\u00e8s<\/a>)<br \/>\n&gt; voir le <a href=\"http:\/\/terium.org\/wordpress\/lezard\/\">programme<\/a>.<br \/>\n&gt; voir article dans le <strong><a href=\"http:\/\/www.bienpublic.com\/pour-sortir\/loisirs\/Spectacle-theatre-conte\/Autres-spectacles\/Bourgogne\/Cote-d-or\/Dijon\/2016\/12\/17\/Lezard-d-hiver\">Bien Public<\/a><\/strong>.<br \/>\n&gt; voir <a href=\"http:\/\/www.terium.org\/terium\/Maxime\/album\/33\" target=\"_blank\" rel=\"noopener noreferrer\">les photos<\/a>.<\/p>\n<p><strong>Du 24 d\u00e9cembre 2016 au 1er janvier 2017 : Exposition <a href=\"http:\/\/www.terium.org\/terium\/\">Terium, le Cri du Crayon<\/a>, <a href=\"http:\/\/terium.org\/wordpress\/lezard\/terium\/\">L\u00e9zard d&rsquo;Hiver<\/a>, \u00e0 la Ferronnerie, Dijon.<\/strong> (<a href=\"https:\/\/www.google.fr\/maps\/place\/La+Ferronnerie\/@47.3232305,5.0438502,15z\/data=!4m5!3m4!1s0x0:0x273097569a4b3cdd!8m2!3d47.3232305!4d5.0438502?hl=fr\">acc\u00e8s<\/a>)<br \/>\n&gt; voir le <a href=\"http:\/\/terium.org\/wordpress\/lezard\/\">programme<\/a>.<br \/>\n&gt; voir article dans le <strong><a href=\"http:\/\/www.bienpublic.com\/pour-sortir\/loisirs\/Spectacle-theatre-conte\/Autres-spectacles\/Bourgogne\/Cote-d-or\/Dijon\/2016\/12\/24\/Lezard-d-hiver\">Bien Public<\/a><\/strong>.<\/p>\n","protected":false},"excerpt":{"rendered":"<p>Du 4 au 31 janvier 2016 : Exposition Terium, le Cri du Crayon au Semeia Bar, \u00e0 Dijon. (acc\u00e8s) &gt; voir les photos du vernissage. Le mercredi 20 janvier 2016 : Interview Dijon Mag sur l&rsquo;association Terium, le Cri du Crayon et sur mes Ateliers. Semeia Bar, Dijon (acc\u00e8s) Le vendredi 29 janvier 2016, \u00e0 [&hellip;]<\/p>\n","protected":false},"author":4,"featured_media":0,"parent":968,"menu_order":0,"comment_status":"closed","ping_status":"closed","template":"","meta":{"footnotes":""},"class_list":["post-978","page","type-page","status-publish","hentry"],"_links":{"self":[{"href":"https:\/\/www.maximeherdoin.com\/index.php?rest_route=\/wp\/v2\/pages\/978","targetHints":{"allow":["GET"]}}],"collection":[{"href":"https:\/\/www.maximeherdoin.com\/index.php?rest_route=\/wp\/v2\/pages"}],"about":[{"href":"https:\/\/www.maximeherdoin.com\/index.php?rest_route=\/wp\/v2\/types\/page"}],"author":[{"embeddable":true,"href":"https:\/\/www.maximeherdoin.com\/index.php?rest_route=\/wp\/v2\/users\/4"}],"replies":[{"embeddable":true,"href":"https:\/\/www.maximeherdoin.com\/index.php?rest_route=%2Fwp%2Fv2%2Fcomments&post=978"}],"version-history":[{"count":15,"href":"https:\/\/www.maximeherdoin.com\/index.php?rest_route=\/wp\/v2\/pages\/978\/revisions"}],"predecessor-version":[{"id":2054,"href":"https:\/\/www.maximeherdoin.com\/index.php?rest_route=\/wp\/v2\/pages\/978\/revisions\/2054"}],"up":[{"embeddable":true,"href":"https:\/\/www.maximeherdoin.com\/index.php?rest_route=\/wp\/v2\/pages\/968"}],"wp:attachment":[{"href":"https:\/\/www.maximeherdoin.com\/index.php?rest_route=%2Fwp%2Fv2%2Fmedia&parent=978"}],"curies":[{"name":"wp","href":"https:\/\/api.w.org\/{rel}","templated":true}]}}